{"id":4061,"date":"2024-10-21T20:31:43","date_gmt":"2024-10-21T17:31:43","guid":{"rendered":"https:\/\/faberpet.ro\/stage\/produs\/culcus-casuta-rabatabila-s-m-l-2\/"},"modified":"2025-08-01T11:19:13","modified_gmt":"2025-08-01T09:19:13","slug":"culcus-casuta-rabatabila-s-m-l-2","status":"publish","type":"product","link":"https:\/\/faberpet.ro\/stage\/produs\/culcus-casuta-rabatabila-s-m-l-2\/","title":{"rendered":"Set 3 Culcus &#8211; Casuta rabatabila S, M, L"},"content":{"rendered":"<p>Pisicile \u0219i unii c\u00e2ini mici au \u00een mod natural o fascina\u021bie pentru astfel de culcu\u0219 \u0219i tot felul de locuri unde se pot ascunde. C\u0103su\u021ba este confec\u021bionat din textil, foarte confortabil\u0103 pentru animalul dvs. de companie. Are o pern\u0103 moale deta\u0219abil\u0103 \u0219i fund impermeabil. Ofer\u0103 o suprafa\u021b\u0103 de \u0219edere generoas\u0103. Produsul este recomandat pentru c\u00e2ini \u0219i pisici. U\u0219or de \u00eentre\u021binut, este lavabil la o temperatur\u0103 de max. 30\u00b0 C. Se recomand\u0103 doar sp\u0103larea manual\u0103! Compozi\u021bie: Exterior, interior \u0219i pernu\u021be: 100% poliester. IMPORTANT: Acest produs este disponibil \u00een diverse culori, a\u0219adar nu putem garanta livrarea unei anumite culori.<\/p>\n<p>&nbsp;<\/p>\n<p>Se vinde ambalat c\u00e2te 3 buc\/set! Pre\u021bul afi\u0219at este per set!<\/p>\n<p>Dimensiuni:<\/p>\n<p>S: Lungime 29 cm, L\u0103\u021bime 30 cm, \u00cen\u0103l\u021bime 32 cm<\/p>\n<p>M: Lungime 32 cm, L\u0103\u021bime 35 cm, \u00cen\u0103l\u021bime 37 cm<\/p>\n<p>L: Lungime: 37 cm, L\u0103\u021bime 38 cm, \u00cen\u0103l\u021bime 41 cm<\/p>\n","protected":false},"excerpt":{"rendered":"<p>Pisicile \u0219i unii c\u00e2ini mici au \u00een mod natural o fascina\u021bie pentru astfel de culcu\u0219 \u0219i tot felul de locuri unde se pot ascunde. C\u0103su\u021ba este confec\u021bionat din textil, foarte confortabil\u0103 pentru animalul dvs. de companie. Are o pern\u0103 moale deta\u0219abil\u0103 \u0219i fund impermeabil. Ofer\u0103 o suprafa\u021b\u0103 de \u0219edere generoas\u0103. Produsul este recomandat pentru c\u00e2ini [&hellip;]<\/p>\n","protected":false},"featured_media":13267,"template":"","meta":[],"product_brand":[],"product_cat":[168,783,784,171],"product_tag":[781,798,787],"class_list":{"0":"post-4061","1":"product","2":"type-product","3":"status-publish","4":"has-post-thumbnail","6":"product_cat-caini","7":"product_cat-paturi-si-culcusuri","8":"product_cat-paturi-si-culcusuri-pisici","9":"product_cat-pisici","10":"product_tag-culcus-caini","11":"product_tag-culcus-pentru-caini","12":"product_tag-culcus-pisici","14":"first","15":"instock","16":"shipping-taxable","17":"purchasable","18":"product-type-simple"},"_links":{"self":[{"href":"https:\/\/faberpet.ro\/stage\/wp-json\/wp\/v2\/product\/4061","targetHints":{"allow":["GET"]}}],"collection":[{"href":"https:\/\/faberpet.ro\/stage\/wp-json\/wp\/v2\/product"}],"about":[{"href":"https:\/\/faberpet.ro\/stage\/wp-json\/wp\/v2\/types\/product"}],"wp:featuredmedia":[{"embeddable":true,"href":"https:\/\/faberpet.ro\/stage\/wp-json\/wp\/v2\/media\/13267"}],"wp:attachment":[{"href":"https:\/\/faberpet.ro\/stage\/wp-json\/wp\/v2\/media?parent=4061"}],"wp:term":[{"taxonomy":"product_brand","embeddable":true,"href":"https:\/\/faberpet.ro\/stage\/wp-json\/wp\/v2\/product_brand?post=4061"},{"taxonomy":"product_cat","embeddable":true,"href":"https:\/\/faberpet.ro\/stage\/wp-json\/wp\/v2\/product_cat?post=4061"},{"taxonomy":"product_tag","embeddable":true,"href":"https:\/\/faberpet.ro\/stage\/wp-json\/wp\/v2\/product_tag?post=4061"}],"curies":[{"name":"wp","href":"https:\/\/api.w.org\/{rel}","templated":true}]}}