{"id":4072,"date":"2024-10-21T20:31:44","date_gmt":"2024-10-21T17:31:44","guid":{"rendered":"https:\/\/faberpet.ro\/stage\/produs\/culcus-imblanit-forma-barlog-pentru-caini-si-pisici-554633-cm\/"},"modified":"2025-08-01T11:24:38","modified_gmt":"2025-08-01T09:24:38","slug":"culcus-imblanit-forma-barlog-pentru-caini-si-pisici-554633-cm","status":"publish","type":"product","link":"https:\/\/faberpet.ro\/stage\/produs\/culcus-imblanit-forma-barlog-pentru-caini-si-pisici-554633-cm\/","title":{"rendered":"Culcus imblanit forma barlog pentru caini si pisici 55*46*33 cm"},"content":{"rendered":"<p>Pisicile \u0219i unii c\u00e2ini mici au \u00een mod natural o fascina\u021bie pentru astfel de culcu\u0219 \u0219i tot felul de locuri unde se pot ascunde. Asigur\u0103 animalu\u021bului un mediu \u00een care acesta se poate relaxa \u00een voie. Culcu\u0219ul cochet este realizat din plu\u0219 care este \u00eembl\u0103nit \u00een interior tot din plu\u0219 pufos. Ofer\u0103 o suprafa\u021b\u0103 de \u0219edere generoas\u0103. Produsul este recomandat pentru c\u00e2ini \u0219i pisici. U\u0219or de \u00eentre\u021binut, este lavabil la o temperatur\u0103 de max. 30\u00b0 C. Se recomand\u0103 doar sp\u0103larea manual\u0103! IMPORTANT: Acest produs este disponibil \u00een diverse culori, a\u0219adar nu putem garanta livrarea unei anumite culori. Compozi\u021bie: Exterior, interior \u0219i pernu\u021be: 100% poliester Dimensiuni: 55*46*33 cm<\/p>\n","protected":false},"excerpt":{"rendered":"<p>Pisicile \u0219i unii c\u00e2ini mici au \u00een mod natural o fascina\u021bie pentru astfel de culcu\u0219 \u0219i tot felul de locuri unde se pot ascunde. Asigur\u0103 animalu\u021bului un mediu \u00een care acesta se poate relaxa \u00een voie. Culcu\u0219ul cochet este realizat din plu\u0219 care este \u00eembl\u0103nit \u00een interior tot din plu\u0219 pufos. Ofer\u0103 o suprafa\u021b\u0103 de [&hellip;]<\/p>\n","protected":false},"featured_media":9015,"template":"","meta":[],"product_brand":[],"product_cat":[168,783,784,171],"product_tag":[725,781,786],"class_list":{"0":"post-4072","1":"product","2":"type-product","3":"status-publish","4":"has-post-thumbnail","6":"product_cat-caini","7":"product_cat-paturi-si-culcusuri","8":"product_cat-paturi-si-culcusuri-pisici","9":"product_cat-pisici","10":"product_tag-culcus-caine","11":"product_tag-culcus-caini","12":"product_tag-culcus-caini-ieftin","14":"first","15":"instock","16":"shipping-taxable","17":"purchasable","18":"product-type-simple"},"_links":{"self":[{"href":"https:\/\/faberpet.ro\/stage\/wp-json\/wp\/v2\/product\/4072","targetHints":{"allow":["GET"]}}],"collection":[{"href":"https:\/\/faberpet.ro\/stage\/wp-json\/wp\/v2\/product"}],"about":[{"href":"https:\/\/faberpet.ro\/stage\/wp-json\/wp\/v2\/types\/product"}],"wp:featuredmedia":[{"embeddable":true,"href":"https:\/\/faberpet.ro\/stage\/wp-json\/wp\/v2\/media\/9015"}],"wp:attachment":[{"href":"https:\/\/faberpet.ro\/stage\/wp-json\/wp\/v2\/media?parent=4072"}],"wp:term":[{"taxonomy":"product_brand","embeddable":true,"href":"https:\/\/faberpet.ro\/stage\/wp-json\/wp\/v2\/product_brand?post=4072"},{"taxonomy":"product_cat","embeddable":true,"href":"https:\/\/faberpet.ro\/stage\/wp-json\/wp\/v2\/product_cat?post=4072"},{"taxonomy":"product_tag","embeddable":true,"href":"https:\/\/faberpet.ro\/stage\/wp-json\/wp\/v2\/product_tag?post=4072"}],"curies":[{"name":"wp","href":"https:\/\/api.w.org\/{rel}","templated":true}]}}