{"id":4073,"date":"2024-10-21T20:31:44","date_gmt":"2024-10-21T17:31:44","guid":{"rendered":"https:\/\/faberpet.ro\/stage\/produs\/culcus-si-geanta-de-transport\/"},"modified":"2025-08-01T11:24:57","modified_gmt":"2025-08-01T09:24:57","slug":"culcus-si-geanta-de-transport","status":"publish","type":"product","link":"https:\/\/faberpet.ro\/stage\/produs\/culcus-si-geanta-de-transport\/","title":{"rendered":"Culcus si geanta de transport 3\/set"},"content":{"rendered":"<p>Pisicile \u0219i unii c\u00e2ini mici au \u00een mod natural o fascina\u021bie pentru astfel de culcu\u0219 \u0219i tot felul de locuri unde se pot ascunde. C\u0103su\u021ba este confec\u021bionat din textil, foarte confortabil\u0103 pentru animalul dvs. de companie. Are o pern\u0103 moale deta\u0219abil\u0103 \u0219i fund impermeabil. este prev\u0103zut\u0103 c\u0103su\u021ba cu un m\u00e2ner pe partea superioar\u0103. Partea de intrare a c\u0103su\u021bei deta\u0219abil\u0103. Ofer\u0103 o suprafa\u021b\u0103 de \u0219edere generoas\u0103. Produsul este recomandat pentru c\u00e2ini \u0219i pisici. U\u0219or de \u00eentre\u021binut, este lavabil la o temperatur\u0103 de max. 30\u00b0 C. Se recomand\u0103 doar sp\u0103larea manual\u0103! IMPORTANT: Acest produs este disponibil \u00een diverse culori, a\u0219adar nu putem garanta livrarea unei anumite culori. Compozi\u021bie: Interior \u0219i pernu\u021be: 100% poliester Dimensiuni:S &#8211; 35 x 32 x 28 cm M &#8211; 40 x 35 x 32 cm L &#8211; 45 x 40 x 37 cm Se vinde ambalat c\u00e2te 3 buc\/set! Pre\u021bul afi\u0219at este per set!<\/p>\n","protected":false},"excerpt":{"rendered":"<p>Pisicile \u0219i unii c\u00e2ini mici au \u00een mod natural o fascina\u021bie pentru astfel de culcu\u0219 \u0219i tot felul de locuri unde se pot ascunde. C\u0103su\u021ba este confec\u021bionat din textil, foarte confortabil\u0103 pentru animalul dvs. de companie. Are o pern\u0103 moale deta\u0219abil\u0103 \u0219i fund impermeabil. este prev\u0103zut\u0103 c\u0103su\u021ba cu un m\u00e2ner pe partea superioar\u0103. Partea de [&hellip;]<\/p>\n","protected":false},"featured_media":9016,"template":"","meta":[],"product_brand":[],"product_cat":[168,784,783,171],"product_tag":[725,781,786],"class_list":{"0":"post-4073","1":"product","2":"type-product","3":"status-publish","4":"has-post-thumbnail","6":"product_cat-caini","7":"product_cat-paturi-si-culcusuri-pisici","8":"product_cat-paturi-si-culcusuri","9":"product_cat-pisici","10":"product_tag-culcus-caine","11":"product_tag-culcus-caini","12":"product_tag-culcus-caini-ieftin","14":"first","15":"instock","16":"shipping-taxable","17":"purchasable","18":"product-type-simple"},"_links":{"self":[{"href":"https:\/\/faberpet.ro\/stage\/wp-json\/wp\/v2\/product\/4073","targetHints":{"allow":["GET"]}}],"collection":[{"href":"https:\/\/faberpet.ro\/stage\/wp-json\/wp\/v2\/product"}],"about":[{"href":"https:\/\/faberpet.ro\/stage\/wp-json\/wp\/v2\/types\/product"}],"wp:featuredmedia":[{"embeddable":true,"href":"https:\/\/faberpet.ro\/stage\/wp-json\/wp\/v2\/media\/9016"}],"wp:attachment":[{"href":"https:\/\/faberpet.ro\/stage\/wp-json\/wp\/v2\/media?parent=4073"}],"wp:term":[{"taxonomy":"product_brand","embeddable":true,"href":"https:\/\/faberpet.ro\/stage\/wp-json\/wp\/v2\/product_brand?post=4073"},{"taxonomy":"product_cat","embeddable":true,"href":"https:\/\/faberpet.ro\/stage\/wp-json\/wp\/v2\/product_cat?post=4073"},{"taxonomy":"product_tag","embeddable":true,"href":"https:\/\/faberpet.ro\/stage\/wp-json\/wp\/v2\/product_tag?post=4073"}],"curies":[{"name":"wp","href":"https:\/\/api.w.org\/{rel}","templated":true}]}}