{"id":4074,"date":"2024-10-21T20:31:44","date_gmt":"2024-10-21T17:31:44","guid":{"rendered":"https:\/\/faberpet.ro\/stage\/produs\/culcus-cu-perna-tip-tunel-384233-cm\/"},"modified":"2025-08-01T11:25:12","modified_gmt":"2025-08-01T09:25:12","slug":"culcus-cu-perna-tip-tunel-384233-cm","status":"publish","type":"product","link":"https:\/\/faberpet.ro\/stage\/produs\/culcus-cu-perna-tip-tunel-384233-cm\/","title":{"rendered":"Culcus cu perna tip  tunel 38*42*33 cm"},"content":{"rendered":"<p>Este un culcu\u0219 cochet, comod \u0219i c\u0103lduros, excelent loc de odihn\u0103 pentru c\u0103\u021beii r\u0103sf\u0103\u021ba\u021bi de talie mica sau pentru pisicile crescute \u00een cas\u0103. Culcu\u0219ul cochet este realizat din plu\u0219 care este \u00eembl\u0103nit \u00een interior tot din plu\u0219 pufos. Are o pern\u0103 moale deta\u0219abil\u0103 \u0219i fund impermeabil;Ofer\u0103 o suprafa\u021b\u0103 de \u0219edere generoas\u0103. Pernu\u021ba este moale, groasa \u0219i c\u0103lduroas\u0103, excelenta in cazul podelelor reci. U\u0219or de \u00eentre\u021binut, este lavabil la o temperatur\u0103 de max. 30\u00b0 C. Se recomand\u0103 doar sp\u0103larea manual\u0103! Dimensiuni: 38*42*33 cm. Compozi\u021bie: Exterior, interior \u0219i pernu\u021be: 100% poliester<\/p>\n","protected":false},"excerpt":{"rendered":"<p>Este un culcu\u0219 cochet, comod \u0219i c\u0103lduros, excelent loc de odihn\u0103 pentru c\u0103\u021beii r\u0103sf\u0103\u021ba\u021bi de talie mica sau pentru pisicile crescute \u00een cas\u0103. Culcu\u0219ul cochet este realizat din plu\u0219 care este \u00eembl\u0103nit \u00een interior tot din plu\u0219 pufos. Are o pern\u0103 moale deta\u0219abil\u0103 \u0219i fund impermeabil;Ofer\u0103 o suprafa\u021b\u0103 de \u0219edere generoas\u0103. Pernu\u021ba este moale, groasa [&hellip;]<\/p>\n","protected":false},"featured_media":9018,"template":"","meta":[],"product_brand":[],"product_cat":[168,783,784,171],"product_tag":[725,781,799],"class_list":{"0":"post-4074","1":"product","2":"type-product","3":"status-publish","4":"has-post-thumbnail","6":"product_cat-caini","7":"product_cat-paturi-si-culcusuri","8":"product_cat-paturi-si-culcusuri-pisici","9":"product_cat-pisici","10":"product_tag-culcus-caine","11":"product_tag-culcus-caini","12":"product_tag-culcus-caini-pisici","14":"first","15":"instock","16":"shipping-taxable","17":"purchasable","18":"product-type-simple"},"_links":{"self":[{"href":"https:\/\/faberpet.ro\/stage\/wp-json\/wp\/v2\/product\/4074","targetHints":{"allow":["GET"]}}],"collection":[{"href":"https:\/\/faberpet.ro\/stage\/wp-json\/wp\/v2\/product"}],"about":[{"href":"https:\/\/faberpet.ro\/stage\/wp-json\/wp\/v2\/types\/product"}],"wp:featuredmedia":[{"embeddable":true,"href":"https:\/\/faberpet.ro\/stage\/wp-json\/wp\/v2\/media\/9018"}],"wp:attachment":[{"href":"https:\/\/faberpet.ro\/stage\/wp-json\/wp\/v2\/media?parent=4074"}],"wp:term":[{"taxonomy":"product_brand","embeddable":true,"href":"https:\/\/faberpet.ro\/stage\/wp-json\/wp\/v2\/product_brand?post=4074"},{"taxonomy":"product_cat","embeddable":true,"href":"https:\/\/faberpet.ro\/stage\/wp-json\/wp\/v2\/product_cat?post=4074"},{"taxonomy":"product_tag","embeddable":true,"href":"https:\/\/faberpet.ro\/stage\/wp-json\/wp\/v2\/product_tag?post=4074"}],"curies":[{"name":"wp","href":"https:\/\/api.w.org\/{rel}","templated":true}]}}