{"id":4075,"date":"2024-10-21T20:31:44","date_gmt":"2024-10-21T17:31:44","guid":{"rendered":"https:\/\/faberpet.ro\/stage\/produs\/culcus-tip-cos-cu-perna-383835-cm-size-m\/"},"modified":"2025-08-01T11:25:26","modified_gmt":"2025-08-01T09:25:26","slug":"culcus-tip-cos-cu-perna-383835-cm-size-m","status":"publish","type":"product","link":"https:\/\/faberpet.ro\/stage\/produs\/culcus-tip-cos-cu-perna-383835-cm-size-m\/","title":{"rendered":"Culcus tip cos cu perna 38*38*35 cm size M"},"content":{"rendered":"<p>Este un culcu\u0219 cochet, comod \u0219i c\u0103lduros, excelent loc de odihn\u0103 pentru c\u0103\u021beii r\u0103sf\u0103\u021ba\u021bi de talie mica sau pentru pisicile crescute \u00een cas\u0103. Culcu\u0219ul are o pern\u0103 moale deta\u0219abil\u0103 \u0219i fund impermeabil;Ofer\u0103 o suprafa\u021b\u0103 de \u0219edere generoas\u0103. Pernu\u021ba este moale, groasa \u0219i c\u0103lduroas\u0103, excelenta in cazul podelelor reci. Bl\u0103ni\u021ba care decoreaz\u0103 intrarea \u00een c\u0103su\u021b\u0103, confer\u0103 un look deosebit de atr\u0103g\u0103tor;U\u0219or de \u00eentre\u021binut, este lavabil la o temperatur\u0103 de max. 30\u00b0 C. Se recomand\u0103 doar sp\u0103larea manual\u0103! Dimensiuni: 38*38*35 cm. IMPORTANT: Acest produs este disponibil \u00een diverse culori, a\u0219adar nu putem garanta livrarea unei anumite culori. Compozi\u021bie: Exterior, interior \u0219i pernu\u021be: 100% poliester<\/p>\n","protected":false},"excerpt":{"rendered":"<p>Este un culcu\u0219 cochet, comod \u0219i c\u0103lduros, excelent loc de odihn\u0103 pentru c\u0103\u021beii r\u0103sf\u0103\u021ba\u021bi de talie mica sau pentru pisicile crescute \u00een cas\u0103. Culcu\u0219ul are o pern\u0103 moale deta\u0219abil\u0103 \u0219i fund impermeabil;Ofer\u0103 o suprafa\u021b\u0103 de \u0219edere generoas\u0103. Pernu\u021ba este moale, groasa \u0219i c\u0103lduroas\u0103, excelenta in cazul podelelor reci. Bl\u0103ni\u021ba care decoreaz\u0103 intrarea \u00een c\u0103su\u021b\u0103, confer\u0103 [&hellip;]<\/p>\n","protected":false},"featured_media":9019,"template":"","meta":[],"product_brand":[],"product_cat":[168,783,784,171],"product_tag":[725,781,799],"class_list":{"0":"post-4075","1":"product","2":"type-product","3":"status-publish","4":"has-post-thumbnail","6":"product_cat-caini","7":"product_cat-paturi-si-culcusuri","8":"product_cat-paturi-si-culcusuri-pisici","9":"product_cat-pisici","10":"product_tag-culcus-caine","11":"product_tag-culcus-caini","12":"product_tag-culcus-caini-pisici","14":"first","15":"instock","16":"shipping-taxable","17":"purchasable","18":"product-type-simple"},"_links":{"self":[{"href":"https:\/\/faberpet.ro\/stage\/wp-json\/wp\/v2\/product\/4075","targetHints":{"allow":["GET"]}}],"collection":[{"href":"https:\/\/faberpet.ro\/stage\/wp-json\/wp\/v2\/product"}],"about":[{"href":"https:\/\/faberpet.ro\/stage\/wp-json\/wp\/v2\/types\/product"}],"wp:featuredmedia":[{"embeddable":true,"href":"https:\/\/faberpet.ro\/stage\/wp-json\/wp\/v2\/media\/9019"}],"wp:attachment":[{"href":"https:\/\/faberpet.ro\/stage\/wp-json\/wp\/v2\/media?parent=4075"}],"wp:term":[{"taxonomy":"product_brand","embeddable":true,"href":"https:\/\/faberpet.ro\/stage\/wp-json\/wp\/v2\/product_brand?post=4075"},{"taxonomy":"product_cat","embeddable":true,"href":"https:\/\/faberpet.ro\/stage\/wp-json\/wp\/v2\/product_cat?post=4075"},{"taxonomy":"product_tag","embeddable":true,"href":"https:\/\/faberpet.ro\/stage\/wp-json\/wp\/v2\/product_tag?post=4075"}],"curies":[{"name":"wp","href":"https:\/\/api.w.org\/{rel}","templated":true}]}}