{"id":4076,"date":"2024-10-21T20:31:44","date_gmt":"2024-10-21T17:31:44","guid":{"rendered":"https:\/\/faberpet.ro\/stage\/produs\/culcus-tip-igloo-captusit-383839-cm-size-l\/"},"modified":"2025-08-01T11:25:39","modified_gmt":"2025-08-01T09:25:39","slug":"culcus-tip-igloo-captusit-383839-cm-size-l","status":"publish","type":"product","link":"https:\/\/faberpet.ro\/stage\/produs\/culcus-tip-igloo-captusit-383839-cm-size-l\/","title":{"rendered":"Culcus tip IGLOO captusit 38*38*39 cm size L"},"content":{"rendered":"<p>Pisicile \u0219i unii c\u00e2ini mici au \u00een mod natural o fascina\u021bie pentru astfel de culcu\u0219 \u0219i tot felul de locuri unde se pot ascunde. \u00cen form\u0103 de piramid\u0103, culcu\u0219ul este realizat din plu\u0219, foarte confortabil\u0103 pentru animalul dvs. de companie. este c\u0103ptu\u0219it \u00een interior tot din plu\u0219. Culcu\u0219ul are o pern\u0103 moale deta\u0219abil\u0103 \u0219i fund impermeabil;Ofer\u0103 o suprafa\u021b\u0103 de \u0219edere generoas\u0103. Produsul este recomandat pentru c\u00e2ini \u0219i pisici. este disponibil la mai multe dimensiuni. U\u0219or de \u00eentre\u021binut, este lavabil la o temperatur\u0103 de max. 30\u00b0 C. Se recomand\u0103 doar sp\u0103larea manual\u0103! Dimensiuni: 38*38*39 cm. IMPORTANT: Acest produs este disponibil \u00een diverse culori, a\u0219adar nu putem garanta livrarea unei anumite culori. Compozi\u021bie: Exterior, interior \u0219i pernu\u021be: 100% poliester<\/p>\n","protected":false},"excerpt":{"rendered":"<p>Pisicile \u0219i unii c\u00e2ini mici au \u00een mod natural o fascina\u021bie pentru astfel de culcu\u0219 \u0219i tot felul de locuri unde se pot ascunde. \u00cen form\u0103 de piramid\u0103, culcu\u0219ul este realizat din plu\u0219, foarte confortabil\u0103 pentru animalul dvs. de companie. este c\u0103ptu\u0219it \u00een interior tot din plu\u0219. Culcu\u0219ul are o pern\u0103 moale deta\u0219abil\u0103 \u0219i fund [&hellip;]<\/p>\n","protected":false},"featured_media":9020,"template":"","meta":[],"product_brand":[],"product_cat":[168,783,784,171],"product_tag":[725,781,786],"class_list":{"0":"post-4076","1":"product","2":"type-product","3":"status-publish","4":"has-post-thumbnail","6":"product_cat-caini","7":"product_cat-paturi-si-culcusuri","8":"product_cat-paturi-si-culcusuri-pisici","9":"product_cat-pisici","10":"product_tag-culcus-caine","11":"product_tag-culcus-caini","12":"product_tag-culcus-caini-ieftin","14":"first","15":"instock","16":"shipping-taxable","17":"purchasable","18":"product-type-simple"},"_links":{"self":[{"href":"https:\/\/faberpet.ro\/stage\/wp-json\/wp\/v2\/product\/4076","targetHints":{"allow":["GET"]}}],"collection":[{"href":"https:\/\/faberpet.ro\/stage\/wp-json\/wp\/v2\/product"}],"about":[{"href":"https:\/\/faberpet.ro\/stage\/wp-json\/wp\/v2\/types\/product"}],"wp:featuredmedia":[{"embeddable":true,"href":"https:\/\/faberpet.ro\/stage\/wp-json\/wp\/v2\/media\/9020"}],"wp:attachment":[{"href":"https:\/\/faberpet.ro\/stage\/wp-json\/wp\/v2\/media?parent=4076"}],"wp:term":[{"taxonomy":"product_brand","embeddable":true,"href":"https:\/\/faberpet.ro\/stage\/wp-json\/wp\/v2\/product_brand?post=4076"},{"taxonomy":"product_cat","embeddable":true,"href":"https:\/\/faberpet.ro\/stage\/wp-json\/wp\/v2\/product_cat?post=4076"},{"taxonomy":"product_tag","embeddable":true,"href":"https:\/\/faberpet.ro\/stage\/wp-json\/wp\/v2\/product_tag?post=4076"}],"curies":[{"name":"wp","href":"https:\/\/api.w.org\/{rel}","templated":true}]}}