{"id":4084,"date":"2024-10-21T20:31:46","date_gmt":"2024-10-21T17:31:46","guid":{"rendered":"https:\/\/faberpet.ro\/stage\/produs\/pernuta-caine-forma-os-catifelata-25-cm\/"},"modified":"2025-08-01T11:26:30","modified_gmt":"2025-08-01T09:26:30","slug":"pernuta-caine-forma-os-catifelata-25-cm","status":"publish","type":"product","link":"https:\/\/faberpet.ro\/stage\/produs\/pernuta-caine-forma-os-catifelata-25-cm\/","title":{"rendered":"Pernuta caine forma os catifelata 25 cm"},"content":{"rendered":"<p>Ofer\u0103 un somn lini\u0219tit pe confortabil\u0103 pernu\u021b\u0103 din plu\u0219, \u00een forma de os. Perna pentru c\u00e2ini foarte moale, ideal\u0103 pentru podele reci \u0219i dure sau pentru a v\u0103 proteja mobila de p\u0103r \u0219i murd\u0103rie. Are suprafa\u021ba catifelat\u0103. Se recomand\u0103 doar sp\u0103larea manual\u0103 la temperatur\u0103 de 40 C! Dimensiuni: lungime 25 cm, l\u0103\u021bime 10 cm. IMPORTANT: Acest produs este disponibil \u00een diverse culori, a\u0219adar nu putem garanta livrarea unei anumite culori.<\/p>\n","protected":false},"excerpt":{"rendered":"<p>Ofer\u0103 un somn lini\u0219tit pe confortabil\u0103 pernu\u021b\u0103 din plu\u0219, \u00een forma de os. Perna pentru c\u00e2ini foarte moale, ideal\u0103 pentru podele reci \u0219i dure sau pentru a v\u0103 proteja mobila de p\u0103r \u0219i murd\u0103rie. Are suprafa\u021ba catifelat\u0103. Se recomand\u0103 doar sp\u0103larea manual\u0103 la temperatur\u0103 de 40 C! Dimensiuni: lungime 25 cm, l\u0103\u021bime 10 cm. IMPORTANT: [&hellip;]<\/p>\n","protected":false},"featured_media":9023,"template":"","meta":[],"product_brand":[],"product_cat":[168,783,784,171],"product_tag":[725,788,800],"class_list":{"0":"post-4084","1":"product","2":"type-product","3":"status-publish","4":"has-post-thumbnail","6":"product_cat-caini","7":"product_cat-paturi-si-culcusuri","8":"product_cat-paturi-si-culcusuri-pisici","9":"product_cat-pisici","10":"product_tag-culcus-caine","11":"product_tag-patut-caine","12":"product_tag-pernuta-caine","14":"first","15":"instock","16":"shipping-taxable","17":"purchasable","18":"product-type-simple"},"_links":{"self":[{"href":"https:\/\/faberpet.ro\/stage\/wp-json\/wp\/v2\/product\/4084","targetHints":{"allow":["GET"]}}],"collection":[{"href":"https:\/\/faberpet.ro\/stage\/wp-json\/wp\/v2\/product"}],"about":[{"href":"https:\/\/faberpet.ro\/stage\/wp-json\/wp\/v2\/types\/product"}],"wp:featuredmedia":[{"embeddable":true,"href":"https:\/\/faberpet.ro\/stage\/wp-json\/wp\/v2\/media\/9023"}],"wp:attachment":[{"href":"https:\/\/faberpet.ro\/stage\/wp-json\/wp\/v2\/media?parent=4084"}],"wp:term":[{"taxonomy":"product_brand","embeddable":true,"href":"https:\/\/faberpet.ro\/stage\/wp-json\/wp\/v2\/product_brand?post=4084"},{"taxonomy":"product_cat","embeddable":true,"href":"https:\/\/faberpet.ro\/stage\/wp-json\/wp\/v2\/product_cat?post=4084"},{"taxonomy":"product_tag","embeddable":true,"href":"https:\/\/faberpet.ro\/stage\/wp-json\/wp\/v2\/product_tag?post=4084"}],"curies":[{"name":"wp","href":"https:\/\/api.w.org\/{rel}","templated":true}]}}