{"id":4090,"date":"2024-10-21T20:31:46","date_gmt":"2024-10-21T17:31:46","guid":{"rendered":"https:\/\/faberpet.ro\/stage\/produs\/botnita-plastic-cauciucat-simplu-30-34-nr-4\/"},"modified":"2025-08-01T11:28:27","modified_gmt":"2025-08-01T09:28:27","slug":"botnita-plastic-cauciucat-simplu-30-34-nr-4","status":"publish","type":"product","link":"https:\/\/faberpet.ro\/stage\/produs\/botnita-plastic-cauciucat-simplu-30-34-nr-4\/","title":{"rendered":"Botnita plastic cauciucat simplu 30-34 nr. 4"},"content":{"rendered":"<p>Uneori este necesar\u0103 utilizarea unei botni\u021be, confortul \u0219i bun\u0103starea purt\u0103torului fiind prima prioritate. Cu aceast\u0103 botni\u021b\u0103 dorim s\u0103 v\u0103 ajut\u0103m pentru a evita momentele nepl\u0103cute din timpul plimb\u0103rilor. A fost conceput\u0103 pentru plimb\u0103rile \u00een parc, vizitele la veterinar, la cosmetic\u0103, sau pentru dresajul c\u00e2inilor. Ajustabil\u0103 &#8211; se prinde rapid \u0219i u\u0219or cu ajutorul curelelor din nylon. Design ergonomic &#8211; este confortabil\u0103 pentru c\u00e2inele dumneavoastr\u0103. Confec\u021bionat\u0103 din plastic cauciucat. Circumferin\u021ba botului sub ochi: 30- 34 cm;<\/p>\n","protected":false},"excerpt":{"rendered":"<p>Uneori este necesar\u0103 utilizarea unei botni\u021be, confortul \u0219i bun\u0103starea purt\u0103torului fiind prima prioritate. Cu aceast\u0103 botni\u021b\u0103 dorim s\u0103 v\u0103 ajut\u0103m pentru a evita momentele nepl\u0103cute din timpul plimb\u0103rilor. A fost conceput\u0103 pentru plimb\u0103rile \u00een parc, vizitele la veterinar, la cosmetic\u0103, sau pentru dresajul c\u00e2inilor. Ajustabil\u0103 &#8211; se prinde rapid \u0219i u\u0219or cu ajutorul curelelor din [&hellip;]<\/p>\n","protected":false},"featured_media":9029,"template":"","meta":[],"product_brand":[],"product_cat":[804,168],"product_tag":[801,802,803],"class_list":{"0":"post-4090","1":"product","2":"type-product","3":"status-publish","4":"has-post-thumbnail","6":"product_cat-botnite","7":"product_cat-caini","8":"product_tag-botnita-pentru-caini","9":"product_tag-botnite-caini","10":"product_tag-botnite-plastice","12":"first","13":"instock","14":"shipping-taxable","15":"purchasable","16":"product-type-simple"},"_links":{"self":[{"href":"https:\/\/faberpet.ro\/stage\/wp-json\/wp\/v2\/product\/4090","targetHints":{"allow":["GET"]}}],"collection":[{"href":"https:\/\/faberpet.ro\/stage\/wp-json\/wp\/v2\/product"}],"about":[{"href":"https:\/\/faberpet.ro\/stage\/wp-json\/wp\/v2\/types\/product"}],"wp:featuredmedia":[{"embeddable":true,"href":"https:\/\/faberpet.ro\/stage\/wp-json\/wp\/v2\/media\/9029"}],"wp:attachment":[{"href":"https:\/\/faberpet.ro\/stage\/wp-json\/wp\/v2\/media?parent=4090"}],"wp:term":[{"taxonomy":"product_brand","embeddable":true,"href":"https:\/\/faberpet.ro\/stage\/wp-json\/wp\/v2\/product_brand?post=4090"},{"taxonomy":"product_cat","embeddable":true,"href":"https:\/\/faberpet.ro\/stage\/wp-json\/wp\/v2\/product_cat?post=4090"},{"taxonomy":"product_tag","embeddable":true,"href":"https:\/\/faberpet.ro\/stage\/wp-json\/wp\/v2\/product_tag?post=4090"}],"curies":[{"name":"wp","href":"https:\/\/api.w.org\/{rel}","templated":true}]}}