{"id":4116,"date":"2024-10-21T20:31:50","date_gmt":"2024-10-21T17:31:50","guid":{"rendered":"https:\/\/faberpet.ro\/stage\/produs\/botnita-din-piele-set-4-buc\/"},"modified":"2025-08-01T11:35:11","modified_gmt":"2025-08-01T09:35:11","slug":"botnita-din-piele-set-4-buc","status":"publish","type":"product","link":"https:\/\/faberpet.ro\/stage\/produs\/botnita-din-piele-set-4-buc\/","title":{"rendered":"Botnita din piele set 4 buc SX-L"},"content":{"rendered":"<p>Set de botni\u021b\u0103 din piele pentru toate rasele de c\u00e2ini de la talie mic\u0103 p\u00e2n\u0103 la talie mare. Uneori este necesar\u0103 utilizarea unei botni\u021be, confortul \u0219i bun\u0103starea purt\u0103torului fiind prima prioritate. A fost conceput\u0103 pentru plimb\u0103rile \u00een parc, vizitele la veterinar, la cosmetic\u0103 sau pentru dresajul c\u00e2inilor. Ajustabil\u0103 &#8211; ave\u021bi posibilitatea de a regla cu u\u0219urin\u021b\u0103 botni\u021ba cu ajutorul curelelor \u00een func\u021bie de dimensiunile botului c\u00e2inelui.<\/p>\n<p>Design ergonomic &#8211; este confortabil\u0103 pentru c\u00e2inele dumneavoastr\u0103.<\/p>\n<p>Confec\u021bionat\u0103 din piele ecologic\u0103.<\/p>\n<p>Setul con\u021bine diferite m\u0103rimi de la size XS (cel mai mic) p\u00e2n\u0103 la size L (cel mai mare).<\/p>\n<p><strong>V\u0103 rug\u0103m verifica\u021bi tabelul cu dimensiuni din imagine!<\/strong><\/p>\n<p>Se vinde ambalat c\u00e2te 4 buc\/set! Pre\u021bul afi\u0219at este per set!<\/p>\n","protected":false},"excerpt":{"rendered":"<p>Set de botni\u021b\u0103 din piele pentru toate rasele de c\u00e2ini de la talie mic\u0103 p\u00e2n\u0103 la talie mare. Uneori este necesar\u0103 utilizarea unei botni\u021be, confortul \u0219i bun\u0103starea purt\u0103torului fiind prima prioritate. A fost conceput\u0103 pentru plimb\u0103rile \u00een parc, vizitele la veterinar, la cosmetic\u0103 sau pentru dresajul c\u00e2inilor. Ajustabil\u0103 &#8211; ave\u021bi posibilitatea de a regla cu [&hellip;]<\/p>\n","protected":false},"featured_media":12989,"template":"","meta":[],"product_brand":[],"product_cat":[804,168],"product_tag":[829,818,802],"class_list":{"0":"post-4116","1":"product","2":"type-product","3":"status-publish","4":"has-post-thumbnail","6":"product_cat-botnite","7":"product_cat-caini","8":"product_tag-botnita-caini-piele","9":"product_tag-botnita-piele","10":"product_tag-botnite-caini","12":"first","13":"instock","14":"shipping-taxable","15":"purchasable","16":"product-type-simple"},"_links":{"self":[{"href":"https:\/\/faberpet.ro\/stage\/wp-json\/wp\/v2\/product\/4116","targetHints":{"allow":["GET"]}}],"collection":[{"href":"https:\/\/faberpet.ro\/stage\/wp-json\/wp\/v2\/product"}],"about":[{"href":"https:\/\/faberpet.ro\/stage\/wp-json\/wp\/v2\/types\/product"}],"wp:featuredmedia":[{"embeddable":true,"href":"https:\/\/faberpet.ro\/stage\/wp-json\/wp\/v2\/media\/12989"}],"wp:attachment":[{"href":"https:\/\/faberpet.ro\/stage\/wp-json\/wp\/v2\/media?parent=4116"}],"wp:term":[{"taxonomy":"product_brand","embeddable":true,"href":"https:\/\/faberpet.ro\/stage\/wp-json\/wp\/v2\/product_brand?post=4116"},{"taxonomy":"product_cat","embeddable":true,"href":"https:\/\/faberpet.ro\/stage\/wp-json\/wp\/v2\/product_cat?post=4116"},{"taxonomy":"product_tag","embeddable":true,"href":"https:\/\/faberpet.ro\/stage\/wp-json\/wp\/v2\/product_tag?post=4116"}],"curies":[{"name":"wp","href":"https:\/\/api.w.org\/{rel}","templated":true}]}}