{"id":4118,"date":"2024-10-21T20:31:50","date_gmt":"2024-10-21T17:31:50","guid":{"rendered":"https:\/\/faberpet.ro\/stage\/produs\/botnita-din-piele-xxl\/"},"modified":"2025-08-01T11:35:34","modified_gmt":"2025-08-01T09:35:34","slug":"botnita-din-piele-xxl","status":"publish","type":"product","link":"https:\/\/faberpet.ro\/stage\/produs\/botnita-din-piele-xxl\/","title":{"rendered":"Botnita din piele XXL"},"content":{"rendered":"<p>Uneori este necesar\u0103 utilizarea unei botni\u021be, confortul \u0219i bun\u0103starea purt\u0103torului fiind prima prioritate. A fost conceput\u0103 pentru plimb\u0103rile \u00een parc, vizitele la veterinar, la cosmetic\u0103 sau pentru dresajul c\u00e2inilor. Ajustabil\u0103 &#8211; ave\u021bi posibilitatea de a regla cu u\u0219urin\u021b\u0103 botni\u021ba cu ajutorul curelelor \u00een func\u021bie de dimensiunile botului c\u00e2inelui. Design ergonomic &#8211; este confortabil\u0103 pentru c\u00e2inele dumneavoastr\u0103. Confec\u021bionat\u0103 din piele. Botni\u021b\u0103 din piele pentru toate rasele de c\u00e2ini de la talie mare \u0219i foarte mare. Lungimea botului cca. 14- 15 cm. Circumferin\u021ba botului sub ochi: cca. 41- 42 cm.<\/p>\n","protected":false},"excerpt":{"rendered":"<p>Uneori este necesar\u0103 utilizarea unei botni\u021be, confortul \u0219i bun\u0103starea purt\u0103torului fiind prima prioritate. A fost conceput\u0103 pentru plimb\u0103rile \u00een parc, vizitele la veterinar, la cosmetic\u0103 sau pentru dresajul c\u00e2inilor. Ajustabil\u0103 &#8211; ave\u021bi posibilitatea de a regla cu u\u0219urin\u021b\u0103 botni\u021ba cu ajutorul curelelor \u00een func\u021bie de dimensiunile botului c\u00e2inelui. Design ergonomic &#8211; este confortabil\u0103 pentru c\u00e2inele [&hellip;]<\/p>\n","protected":false},"featured_media":9046,"template":"","meta":[],"product_brand":[],"product_cat":[804,168],"product_tag":[829,818,802],"class_list":{"0":"post-4118","1":"product","2":"type-product","3":"status-publish","4":"has-post-thumbnail","6":"product_cat-botnite","7":"product_cat-caini","8":"product_tag-botnita-caini-piele","9":"product_tag-botnita-piele","10":"product_tag-botnite-caini","12":"first","13":"instock","14":"shipping-taxable","15":"purchasable","16":"product-type-simple"},"_links":{"self":[{"href":"https:\/\/faberpet.ro\/stage\/wp-json\/wp\/v2\/product\/4118","targetHints":{"allow":["GET"]}}],"collection":[{"href":"https:\/\/faberpet.ro\/stage\/wp-json\/wp\/v2\/product"}],"about":[{"href":"https:\/\/faberpet.ro\/stage\/wp-json\/wp\/v2\/types\/product"}],"wp:featuredmedia":[{"embeddable":true,"href":"https:\/\/faberpet.ro\/stage\/wp-json\/wp\/v2\/media\/9046"}],"wp:attachment":[{"href":"https:\/\/faberpet.ro\/stage\/wp-json\/wp\/v2\/media?parent=4118"}],"wp:term":[{"taxonomy":"product_brand","embeddable":true,"href":"https:\/\/faberpet.ro\/stage\/wp-json\/wp\/v2\/product_brand?post=4118"},{"taxonomy":"product_cat","embeddable":true,"href":"https:\/\/faberpet.ro\/stage\/wp-json\/wp\/v2\/product_cat?post=4118"},{"taxonomy":"product_tag","embeddable":true,"href":"https:\/\/faberpet.ro\/stage\/wp-json\/wp\/v2\/product_tag?post=4118"}],"curies":[{"name":"wp","href":"https:\/\/api.w.org\/{rel}","templated":true}]}}