{"id":4121,"date":"2024-10-21T20:31:50","date_gmt":"2024-10-21T17:31:50","guid":{"rendered":"https:\/\/faberpet.ro\/stage\/produs\/botnite-fas-in-set-1-7-marimi\/"},"modified":"2025-08-01T11:36:31","modified_gmt":"2025-08-01T09:36:31","slug":"botnite-fas-in-set-1-7-marimi","status":"publish","type":"product","link":"https:\/\/faberpet.ro\/stage\/produs\/botnite-fas-in-set-1-7-marimi\/","title":{"rendered":"Botnite fas in set 1-7 marimi"},"content":{"rendered":"<p>Botni\u021b\u0103 confec\u021bionat\u0103 din material textil de \u00eenalt\u0103 rezisten\u021b\u0103. A fost conceput\u0103 pentru plimb\u0103rile \u00een parc, vizitele la veterinar, la cosmetic\u0103, sau pentru dresajul c\u00e2inilor. Se prinde rapid \u0219i u\u0219or. Design ergonomic &#8211; este confortabil\u0103 pentru c\u00e2inele dumneavoastr\u0103. \u00centotdeauna asigura\u021bi- v\u0103 c\u0103 animalul poate s\u0103 respire confortabil. M\u0103rimi disponibile: size 1 &#8211; 12 cm, size 2 &#8211; 14 cm, size 3 &#8211; 16 cm, size 4 &#8211; 18 cm, size 5 &#8211; 20 cm, size 6 &#8211; 22 cm, size 7 &#8211; 24 cm;Se vinde ambalat c\u00e2te 7 buc\/set! Pre\u021bul afi\u0219at este per set!<\/p>\n","protected":false},"excerpt":{"rendered":"<p>Botni\u021b\u0103 confec\u021bionat\u0103 din material textil de \u00eenalt\u0103 rezisten\u021b\u0103. A fost conceput\u0103 pentru plimb\u0103rile \u00een parc, vizitele la veterinar, la cosmetic\u0103, sau pentru dresajul c\u00e2inilor. Se prinde rapid \u0219i u\u0219or. Design ergonomic &#8211; este confortabil\u0103 pentru c\u00e2inele dumneavoastr\u0103. \u00centotdeauna asigura\u021bi- v\u0103 c\u0103 animalul poate s\u0103 respire confortabil. M\u0103rimi disponibile: size 1 &#8211; 12 cm, size 2 [&hellip;]<\/p>\n","protected":false},"featured_media":9051,"template":"","meta":[],"product_brand":[],"product_cat":[804,168],"product_tag":[816,830,831],"class_list":{"0":"post-4121","1":"product","2":"type-product","3":"status-publish","4":"has-post-thumbnail","6":"product_cat-botnite","7":"product_cat-caini","8":"product_tag-botnita-caini","9":"product_tag-botnita-reglabila","10":"product_tag-caini-botnite","12":"first","13":"instock","14":"shipping-taxable","15":"purchasable","16":"product-type-simple"},"_links":{"self":[{"href":"https:\/\/faberpet.ro\/stage\/wp-json\/wp\/v2\/product\/4121","targetHints":{"allow":["GET"]}}],"collection":[{"href":"https:\/\/faberpet.ro\/stage\/wp-json\/wp\/v2\/product"}],"about":[{"href":"https:\/\/faberpet.ro\/stage\/wp-json\/wp\/v2\/types\/product"}],"wp:featuredmedia":[{"embeddable":true,"href":"https:\/\/faberpet.ro\/stage\/wp-json\/wp\/v2\/media\/9051"}],"wp:attachment":[{"href":"https:\/\/faberpet.ro\/stage\/wp-json\/wp\/v2\/media?parent=4121"}],"wp:term":[{"taxonomy":"product_brand","embeddable":true,"href":"https:\/\/faberpet.ro\/stage\/wp-json\/wp\/v2\/product_brand?post=4121"},{"taxonomy":"product_cat","embeddable":true,"href":"https:\/\/faberpet.ro\/stage\/wp-json\/wp\/v2\/product_cat?post=4121"},{"taxonomy":"product_tag","embeddable":true,"href":"https:\/\/faberpet.ro\/stage\/wp-json\/wp\/v2\/product_tag?post=4121"}],"curies":[{"name":"wp","href":"https:\/\/api.w.org\/{rel}","templated":true}]}}