{"id":4123,"date":"2024-10-21T20:31:50","date_gmt":"2024-10-21T17:31:50","guid":{"rendered":"https:\/\/faberpet.ro\/stage\/produs\/botnita-fas-in-marime-2-14-cm\/"},"modified":"2025-08-01T11:37:00","modified_gmt":"2025-08-01T09:37:00","slug":"botnita-fas-in-marime-2-14-cm","status":"publish","type":"product","link":"https:\/\/faberpet.ro\/stage\/produs\/botnita-fas-in-marime-2-14-cm\/","title":{"rendered":"Botnita fas in marime 2 &#8211; 14 cm"},"content":{"rendered":"<p>Botni\u021b\u0103 confec\u021bionat\u0103 din material textil de \u00eenalt\u0103 rezisten\u021b\u0103. A fost conceput\u0103 pentru plimb\u0103rile \u00een parc, vizitele la veterinar, la cosmetic\u0103, sau pentru dresajul c\u00e2inilor. Se prinde rapid \u0219i u\u0219or. Design ergonomic &#8211; este confortabil\u0103 pentru c\u00e2inele dumneavoastr\u0103. \u00centotdeauna asigura\u021bi- v\u0103 c\u0103 animalul poate s\u0103 respire confortabil. M\u0103rime: 2 &#8211; 14 cm.<\/p>\n","protected":false},"excerpt":{"rendered":"<p>Botni\u021b\u0103 confec\u021bionat\u0103 din material textil de \u00eenalt\u0103 rezisten\u021b\u0103. A fost conceput\u0103 pentru plimb\u0103rile \u00een parc, vizitele la veterinar, la cosmetic\u0103, sau pentru dresajul c\u00e2inilor. Se prinde rapid \u0219i u\u0219or. Design ergonomic &#8211; este confortabil\u0103 pentru c\u00e2inele dumneavoastr\u0103. \u00centotdeauna asigura\u021bi- v\u0103 c\u0103 animalul poate s\u0103 respire confortabil. M\u0103rime: 2 &#8211; 14 cm.<\/p>\n","protected":false},"featured_media":9054,"template":"","meta":[],"product_brand":[],"product_cat":[804,168],"product_tag":[816,830,831],"class_list":{"0":"post-4123","1":"product","2":"type-product","3":"status-publish","4":"has-post-thumbnail","6":"product_cat-botnite","7":"product_cat-caini","8":"product_tag-botnita-caini","9":"product_tag-botnita-reglabila","10":"product_tag-caini-botnite","12":"first","13":"instock","14":"shipping-taxable","15":"purchasable","16":"product-type-simple"},"_links":{"self":[{"href":"https:\/\/faberpet.ro\/stage\/wp-json\/wp\/v2\/product\/4123","targetHints":{"allow":["GET"]}}],"collection":[{"href":"https:\/\/faberpet.ro\/stage\/wp-json\/wp\/v2\/product"}],"about":[{"href":"https:\/\/faberpet.ro\/stage\/wp-json\/wp\/v2\/types\/product"}],"wp:featuredmedia":[{"embeddable":true,"href":"https:\/\/faberpet.ro\/stage\/wp-json\/wp\/v2\/media\/9054"}],"wp:attachment":[{"href":"https:\/\/faberpet.ro\/stage\/wp-json\/wp\/v2\/media?parent=4123"}],"wp:term":[{"taxonomy":"product_brand","embeddable":true,"href":"https:\/\/faberpet.ro\/stage\/wp-json\/wp\/v2\/product_brand?post=4123"},{"taxonomy":"product_cat","embeddable":true,"href":"https:\/\/faberpet.ro\/stage\/wp-json\/wp\/v2\/product_cat?post=4123"},{"taxonomy":"product_tag","embeddable":true,"href":"https:\/\/faberpet.ro\/stage\/wp-json\/wp\/v2\/product_tag?post=4123"}],"curies":[{"name":"wp","href":"https:\/\/api.w.org\/{rel}","templated":true}]}}