{"id":4137,"date":"2024-10-21T20:31:52","date_gmt":"2024-10-21T17:31:52","guid":{"rendered":"https:\/\/faberpet.ro\/stage\/produs\/botnita-cauciuc-pentru-caini-nr-l\/"},"modified":"2025-08-01T11:46:16","modified_gmt":"2025-08-01T09:46:16","slug":"botnita-cauciuc-pentru-caini-nr-l","status":"publish","type":"product","link":"https:\/\/faberpet.ro\/stage\/produs\/botnita-cauciuc-pentru-caini-nr-l\/","title":{"rendered":"Botnita cauciuc pentru caini nr. L"},"content":{"rendered":"<p>Botnit\u0103 \u00een form\u0103 de cioc de ra\u021b\u0103 pentru c\u00e2ini. Vrei s\u0103 r\u00e2d\u0103 oamenii ? ! Acest lucru este garantat pentru a face toat\u0103 lumea fericit\u0103! Transform\u0103- \u021bi micul animal de companie \u00eentr- o ra\u021b\u0103 cu patru picioare! Pute\u021bi transporta \u00een siguran\u021b\u0103 animalul dvs. de companie, nu mai trebuie s\u0103 v\u0103 face\u021bi griji pentru micu\u021ba bestie care mu\u0219c\u0103 pe cineva! Confec\u021bionat\u0103 din cauciuc de \u00eenalt\u0103 rezisten\u021b\u0103. Se prinde rapid \u0219i u\u0219or;\u00centotdeauna asigura\u021bi- v\u0103 c\u0103 animalul poate s\u0103 respire confortabil;M\u0103rime: L &#8211; 16*30 cm;<\/p>\n","protected":false},"excerpt":{"rendered":"<p>Botnit\u0103 \u00een form\u0103 de cioc de ra\u021b\u0103 pentru c\u00e2ini. Vrei s\u0103 r\u00e2d\u0103 oamenii ? ! Acest lucru este garantat pentru a face toat\u0103 lumea fericit\u0103! Transform\u0103- \u021bi micul animal de companie \u00eentr- o ra\u021b\u0103 cu patru picioare! Pute\u021bi transporta \u00een siguran\u021b\u0103 animalul dvs. de companie, nu mai trebuie s\u0103 v\u0103 face\u021bi griji pentru micu\u021ba bestie [&hellip;]<\/p>\n","protected":false},"featured_media":9068,"template":"","meta":[],"product_brand":[],"product_cat":[804,168],"product_tag":[816,802,831],"class_list":{"0":"post-4137","1":"product","2":"type-product","3":"status-publish","4":"has-post-thumbnail","6":"product_cat-botnite","7":"product_cat-caini","8":"product_tag-botnita-caini","9":"product_tag-botnite-caini","10":"product_tag-caini-botnite","12":"first","13":"instock","14":"shipping-taxable","15":"purchasable","16":"product-type-simple"},"_links":{"self":[{"href":"https:\/\/faberpet.ro\/stage\/wp-json\/wp\/v2\/product\/4137","targetHints":{"allow":["GET"]}}],"collection":[{"href":"https:\/\/faberpet.ro\/stage\/wp-json\/wp\/v2\/product"}],"about":[{"href":"https:\/\/faberpet.ro\/stage\/wp-json\/wp\/v2\/types\/product"}],"wp:featuredmedia":[{"embeddable":true,"href":"https:\/\/faberpet.ro\/stage\/wp-json\/wp\/v2\/media\/9068"}],"wp:attachment":[{"href":"https:\/\/faberpet.ro\/stage\/wp-json\/wp\/v2\/media?parent=4137"}],"wp:term":[{"taxonomy":"product_brand","embeddable":true,"href":"https:\/\/faberpet.ro\/stage\/wp-json\/wp\/v2\/product_brand?post=4137"},{"taxonomy":"product_cat","embeddable":true,"href":"https:\/\/faberpet.ro\/stage\/wp-json\/wp\/v2\/product_cat?post=4137"},{"taxonomy":"product_tag","embeddable":true,"href":"https:\/\/faberpet.ro\/stage\/wp-json\/wp\/v2\/product_tag?post=4137"}],"curies":[{"name":"wp","href":"https:\/\/api.w.org\/{rel}","templated":true}]}}