{"id":4152,"date":"2024-10-21T20:31:54","date_gmt":"2024-10-21T17:31:54","guid":{"rendered":"https:\/\/faberpet.ro\/stage\/produs\/lesa-chinga-cu-ham-1-5120-cm\/"},"modified":"2025-08-01T11:54:04","modified_gmt":"2025-08-01T09:54:04","slug":"lesa-chinga-cu-ham-1-5120-cm","status":"publish","type":"product","link":"https:\/\/faberpet.ro\/stage\/produs\/lesa-chinga-cu-ham-1-5120-cm\/","title":{"rendered":"Lesa chinga cu ham 1.5*120 cm"},"content":{"rendered":"<p>Este confec\u021bionat\u0103 din nylon rezistent \u0219i durabil. Lesa cu hamul va da animalului dvs. un confort maxim, pentru c\u0103, \u00een contrast cu presiunea obi\u0219nuit\u0103 pe g\u00e2t, hamul distribuie presiunea pe \u00eentreaga lungime. Lesa poate fi deta\u0219at\u0103 cu ajutorul carabinei metalice deta\u0219abile. Hamul este u\u0219or de \u00eembr\u0103cat, lesa u\u0219or de prins, iar ve\u021bi avea un control mai bun asupra c\u0103\u021belului. Bretelele hamului sunt ajustabile, ceea ce va permite s\u0103 le adapta\u021bi \u00een mod ideal la dimensiunea c\u00e2inelui, astfel \u00eenc\u00e2t acestea s\u0103 nu fie prea libere sau prea str\u00e2ns fixat. Dimensiuni les\u0103: l\u0103\u021bime 1, 5 cm \u0219i lungime 120 cm. Dimensiuni ham: l\u0103\u021bime 14- 18 cm, lungime 25 cm. IMPORTANT: Acest produs este disponibil \u00een diverse culori, a\u0219adar nu putem garanta livrarea unei anumite culori. Se vinde ambalat c\u00e2te 4 buc\/set! Pre\u021bul afi\u0219at este per buc!<\/p>\n","protected":false},"excerpt":{"rendered":"<p>Este confec\u021bionat\u0103 din nylon rezistent \u0219i durabil. Lesa cu hamul va da animalului dvs. un confort maxim, pentru c\u0103, \u00een contrast cu presiunea obi\u0219nuit\u0103 pe g\u00e2t, hamul distribuie presiunea pe \u00eentreaga lungime. Lesa poate fi deta\u0219at\u0103 cu ajutorul carabinei metalice deta\u0219abile. Hamul este u\u0219or de \u00eembr\u0103cat, lesa u\u0219or de prins, iar ve\u021bi avea un control [&hellip;]<\/p>\n","protected":false},"featured_media":9084,"template":"","meta":[],"product_brand":[],"product_cat":[168,838],"product_tag":[836,835,837],"class_list":{"0":"post-4152","1":"product","2":"type-product","3":"status-publish","4":"has-post-thumbnail","6":"product_cat-caini","7":"product_cat-lese-cu-ham","8":"product_tag-ham-caine","9":"product_tag-lesa-caine-cu-ham","10":"product_tag-lese-ajustabile","12":"first","13":"instock","14":"shipping-taxable","15":"purchasable","16":"product-type-simple"},"_links":{"self":[{"href":"https:\/\/faberpet.ro\/stage\/wp-json\/wp\/v2\/product\/4152","targetHints":{"allow":["GET"]}}],"collection":[{"href":"https:\/\/faberpet.ro\/stage\/wp-json\/wp\/v2\/product"}],"about":[{"href":"https:\/\/faberpet.ro\/stage\/wp-json\/wp\/v2\/types\/product"}],"wp:featuredmedia":[{"embeddable":true,"href":"https:\/\/faberpet.ro\/stage\/wp-json\/wp\/v2\/media\/9084"}],"wp:attachment":[{"href":"https:\/\/faberpet.ro\/stage\/wp-json\/wp\/v2\/media?parent=4152"}],"wp:term":[{"taxonomy":"product_brand","embeddable":true,"href":"https:\/\/faberpet.ro\/stage\/wp-json\/wp\/v2\/product_brand?post=4152"},{"taxonomy":"product_cat","embeddable":true,"href":"https:\/\/faberpet.ro\/stage\/wp-json\/wp\/v2\/product_cat?post=4152"},{"taxonomy":"product_tag","embeddable":true,"href":"https:\/\/faberpet.ro\/stage\/wp-json\/wp\/v2\/product_tag?post=4152"}],"curies":[{"name":"wp","href":"https:\/\/api.w.org\/{rel}","templated":true}]}}