{"id":4158,"date":"2024-10-21T20:31:55","date_gmt":"2024-10-21T17:31:55","guid":{"rendered":"https:\/\/faberpet.ro\/stage\/produs\/lesa-retractabila-cu-ham-1110-cm\/"},"modified":"2025-08-01T11:56:16","modified_gmt":"2025-08-01T09:56:16","slug":"lesa-retractabila-cu-ham-1110-cm","status":"publish","type":"product","link":"https:\/\/faberpet.ro\/stage\/produs\/lesa-retractabila-cu-ham-1110-cm\/","title":{"rendered":"Lesa retractabila cu ham 1*110 cm"},"content":{"rendered":"<p>Hamul este confec\u021bionat\u0103 din nylon rezistent \u0219i durabil. Lesa cu hamul va da animalului dvs. un confort maxim, pentru c\u0103, \u00een contrast cu presiunea obi\u0219nuit\u0103 pe g\u00e2t, hamul distribuie presiunea pe \u00eentreaga lungime. Bretelele hamului sunt ajustabile, ceea ce va permite s\u0103 le adapta\u021bi \u00een mod ideal la dimensiunea c\u00e2inelui, astfel \u00eenc\u00e2t acestea s\u0103 nu fie prea libere sau prea str\u00e2ns fixat. Dimensiuni les\u0103: lungime 110 cm. Dimensiuni ham: l\u0103\u021bime 25- 31 cm, XS<\/p>\n","protected":false},"excerpt":{"rendered":"<p>Hamul este confec\u021bionat\u0103 din nylon rezistent \u0219i durabil. Lesa cu hamul va da animalului dvs. un confort maxim, pentru c\u0103, \u00een contrast cu presiunea obi\u0219nuit\u0103 pe g\u00e2t, hamul distribuie presiunea pe \u00eentreaga lungime. Bretelele hamului sunt ajustabile, ceea ce va permite s\u0103 le adapta\u021bi \u00een mod ideal la dimensiunea c\u00e2inelui, astfel \u00eenc\u00e2t acestea s\u0103 nu [&hellip;]<\/p>\n","protected":false},"featured_media":9090,"template":"","meta":[],"product_brand":[],"product_cat":[168,845,838,171],"product_tag":[871,872,870],"class_list":{"0":"post-4158","1":"product","2":"type-product","3":"status-publish","4":"has-post-thumbnail","6":"product_cat-caini","7":"product_cat-lese-cu-ham-pisici","8":"product_cat-lese-cu-ham","9":"product_cat-pisici","10":"product_tag-caini-cu-ham","11":"product_tag-ham-retractabil","12":"product_tag-lesa-retractabila","14":"first","15":"instock","16":"shipping-taxable","17":"purchasable","18":"product-type-simple"},"_links":{"self":[{"href":"https:\/\/faberpet.ro\/stage\/wp-json\/wp\/v2\/product\/4158","targetHints":{"allow":["GET"]}}],"collection":[{"href":"https:\/\/faberpet.ro\/stage\/wp-json\/wp\/v2\/product"}],"about":[{"href":"https:\/\/faberpet.ro\/stage\/wp-json\/wp\/v2\/types\/product"}],"wp:featuredmedia":[{"embeddable":true,"href":"https:\/\/faberpet.ro\/stage\/wp-json\/wp\/v2\/media\/9090"}],"wp:attachment":[{"href":"https:\/\/faberpet.ro\/stage\/wp-json\/wp\/v2\/media?parent=4158"}],"wp:term":[{"taxonomy":"product_brand","embeddable":true,"href":"https:\/\/faberpet.ro\/stage\/wp-json\/wp\/v2\/product_brand?post=4158"},{"taxonomy":"product_cat","embeddable":true,"href":"https:\/\/faberpet.ro\/stage\/wp-json\/wp\/v2\/product_cat?post=4158"},{"taxonomy":"product_tag","embeddable":true,"href":"https:\/\/faberpet.ro\/stage\/wp-json\/wp\/v2\/product_tag?post=4158"}],"curies":[{"name":"wp","href":"https:\/\/api.w.org\/{rel}","templated":true}]}}