{"id":4164,"date":"2024-10-21T20:31:55","date_gmt":"2024-10-21T17:31:55","guid":{"rendered":"https:\/\/faberpet.ro\/stage\/produs\/lesa-chinga-cu-ham-ornamentat-cu-diferite-animalute-1-5120-cm\/"},"modified":"2025-11-20T10:49:44","modified_gmt":"2025-11-20T08:49:44","slug":"lesa-chinga-cu-ham-ornamentat-cu-diferite-animalute-1-5120-cm","status":"publish","type":"product","link":"https:\/\/faberpet.ro\/stage\/produs\/lesa-chinga-cu-ham-ornamentat-cu-diferite-animalute-1-5120-cm\/","title":{"rendered":"Lesa chinga cu ham ornamentat cu diferite animalute 1.5*120 cm 15 kg"},"content":{"rendered":"<p>Les\u0103 ching\u0103 cu ham reglabil\u0103 ornamentat cu diferite animalu\u021be este confec\u021bionat\u0103 din nylon rezistent \u0219i durabil. Lesa cu hamul va da animalului dvs. un confort maxim, pentru c\u0103, \u00een contrast cu presiunea obi\u0219nuit\u0103 pe g\u00e2t, hamul distribuie presiunea pe \u00eentreaga lungime. Lesa poate fi deta\u0219at\u0103 cu ajutorul carabinei metalice deta\u0219abile. Hamul este u\u0219or de \u00eembr\u0103cat, lesa u\u0219or de prins, iar ve\u021bi avea un control mai bun asupra c\u0103\u021belului. Bretelele hamului sunt ajustabile, ceea ce va permite s\u0103 le adapta\u021bi \u00een mod ideal la dimensiunea c\u00e2inelui, astfel \u00eenc\u00e2t acestea s\u0103 nu fie prea libere sau prea str\u00e2ns fixat. Dimensiuni les\u0103: l\u0103\u021bime 1, 5 cm \u0219i lungime 120 cm. Lungimea hamului: 50- 75 cm. Pentru animale p\u00e2n\u0103 la 15 kg. Disponibil\u0103 \u00een diferite culori cu diferite anim\u0103lu\u021be: roz cu animalu\u021be galben, verde cu buburuz\u0103 ro\u0219u, galben cu anim\u0103lu\u021be roz, albastru cu anim\u0103lu\u021be verde, etc. . . IMPORTANT: Acest produs este disponibil \u00een diverse culori, a\u0219adar nu putem garanta livrarea unei anumite culori.<\/p>\n","protected":false},"excerpt":{"rendered":"<p>Les\u0103 ching\u0103 cu ham reglabil\u0103 ornamentat cu diferite animalu\u021be este confec\u021bionat\u0103 din nylon rezistent \u0219i durabil. Lesa cu hamul va da animalului dvs. un confort maxim, pentru c\u0103, \u00een contrast cu presiunea obi\u0219nuit\u0103 pe g\u00e2t, hamul distribuie presiunea pe \u00eentreaga lungime. Lesa poate fi deta\u0219at\u0103 cu ajutorul carabinei metalice deta\u0219abile. Hamul este u\u0219or de \u00eembr\u0103cat, [&hellip;]<\/p>\n","protected":false},"featured_media":9096,"template":"","meta":[],"product_brand":[],"product_cat":[168,838],"product_tag":[856,848,886],"class_list":{"0":"post-4164","1":"product","2":"type-product","3":"status-publish","4":"has-post-thumbnail","6":"product_cat-caini","7":"product_cat-lese-cu-ham","8":"product_tag-lesa-caine","9":"product_tag-lesa-ham","10":"product_tag-lesa-pentru-caine","12":"first","13":"instock","14":"shipping-taxable","15":"purchasable","16":"product-type-simple"},"_links":{"self":[{"href":"https:\/\/faberpet.ro\/stage\/wp-json\/wp\/v2\/product\/4164","targetHints":{"allow":["GET"]}}],"collection":[{"href":"https:\/\/faberpet.ro\/stage\/wp-json\/wp\/v2\/product"}],"about":[{"href":"https:\/\/faberpet.ro\/stage\/wp-json\/wp\/v2\/types\/product"}],"wp:featuredmedia":[{"embeddable":true,"href":"https:\/\/faberpet.ro\/stage\/wp-json\/wp\/v2\/media\/9096"}],"wp:attachment":[{"href":"https:\/\/faberpet.ro\/stage\/wp-json\/wp\/v2\/media?parent=4164"}],"wp:term":[{"taxonomy":"product_brand","embeddable":true,"href":"https:\/\/faberpet.ro\/stage\/wp-json\/wp\/v2\/product_brand?post=4164"},{"taxonomy":"product_cat","embeddable":true,"href":"https:\/\/faberpet.ro\/stage\/wp-json\/wp\/v2\/product_cat?post=4164"},{"taxonomy":"product_tag","embeddable":true,"href":"https:\/\/faberpet.ro\/stage\/wp-json\/wp\/v2\/product_tag?post=4164"}],"curies":[{"name":"wp","href":"https:\/\/api.w.org\/{rel}","templated":true}]}}