{"id":4166,"date":"2024-10-21T20:31:56","date_gmt":"2024-10-21T17:31:56","guid":{"rendered":"https:\/\/faberpet.ro\/stage\/produs\/lesa-chinga-cu-ham-h-pentru-pisicute-1120-cm-2\/"},"modified":"2025-08-01T11:58:00","modified_gmt":"2025-08-01T09:58:00","slug":"lesa-chinga-cu-ham-h-pentru-pisicute-1120-cm-2","status":"publish","type":"product","link":"https:\/\/faberpet.ro\/stage\/produs\/lesa-chinga-cu-ham-h-pentru-pisicute-1120-cm-2\/","title":{"rendered":"Lesa chinga cu ham H pentru pisicute 1*120 cm"},"content":{"rendered":"<p>Les\u0103 ching\u0103 cu ham Hamul cu les\u0103 puternic\u0103 va da animalului dvs. un confort maxim, pentru c\u0103, \u00een contrast cu presiunea obi\u0219nuit\u0103 pe g\u00e2t, hamul distribuie presiunea pe \u00eentreaga lungime. Confec\u021bionat\u0103 din nylon rezistent \u0219i durabil. Bretelele hamului sunt ajustabile prin catarame din plastic, ceea ce va permite s\u0103 le adapta\u021bi \u00een mod ideal la dimensiunea c\u00e2inelui, astfel \u00eenc\u00e2t acestea s\u0103 nu fie prea libere sau prea str\u00e2ns fixat. Lesa poate fi deta\u0219at\u0103 cu ajutorul carabinei metalice deta\u0219abile. Dimensiuni les\u0103: l\u0103\u021bime 1 cm \u0219i lungime 120 cm. L\u0103\u021bime ham: 7- 14 cm. IMPORTANT: Acest produs este disponibil \u00een diverse culori, a\u0219adar nu putem garanta livrarea unei anumite culori.<\/p>\n","protected":false},"excerpt":{"rendered":"<p>Les\u0103 ching\u0103 cu ham Hamul cu les\u0103 puternic\u0103 va da animalului dvs. un confort maxim, pentru c\u0103, \u00een contrast cu presiunea obi\u0219nuit\u0103 pe g\u00e2t, hamul distribuie presiunea pe \u00eentreaga lungime. Confec\u021bionat\u0103 din nylon rezistent \u0219i durabil. Bretelele hamului sunt ajustabile prin catarame din plastic, ceea ce va permite s\u0103 le adapta\u021bi \u00een mod ideal la [&hellip;]<\/p>\n","protected":false},"featured_media":9101,"template":"","meta":[],"product_brand":[],"product_cat":[845,171],"product_tag":[882,859,887],"class_list":{"0":"post-4166","1":"product","2":"type-product","3":"status-publish","4":"has-post-thumbnail","6":"product_cat-lese-cu-ham-pisici","7":"product_cat-pisici","8":"product_tag-ham-pisicute","9":"product_tag-lesa-chinga","10":"product_tag-lesa-pentru-pisicute","12":"first","13":"instock","14":"shipping-taxable","15":"purchasable","16":"product-type-simple"},"_links":{"self":[{"href":"https:\/\/faberpet.ro\/stage\/wp-json\/wp\/v2\/product\/4166","targetHints":{"allow":["GET"]}}],"collection":[{"href":"https:\/\/faberpet.ro\/stage\/wp-json\/wp\/v2\/product"}],"about":[{"href":"https:\/\/faberpet.ro\/stage\/wp-json\/wp\/v2\/types\/product"}],"wp:featuredmedia":[{"embeddable":true,"href":"https:\/\/faberpet.ro\/stage\/wp-json\/wp\/v2\/media\/9101"}],"wp:attachment":[{"href":"https:\/\/faberpet.ro\/stage\/wp-json\/wp\/v2\/media?parent=4166"}],"wp:term":[{"taxonomy":"product_brand","embeddable":true,"href":"https:\/\/faberpet.ro\/stage\/wp-json\/wp\/v2\/product_brand?post=4166"},{"taxonomy":"product_cat","embeddable":true,"href":"https:\/\/faberpet.ro\/stage\/wp-json\/wp\/v2\/product_cat?post=4166"},{"taxonomy":"product_tag","embeddable":true,"href":"https:\/\/faberpet.ro\/stage\/wp-json\/wp\/v2\/product_tag?post=4166"}],"curies":[{"name":"wp","href":"https:\/\/api.w.org\/{rel}","templated":true}]}}