{"id":4169,"date":"2024-10-21T20:31:56","date_gmt":"2024-10-21T17:31:56","guid":{"rendered":"https:\/\/faberpet.ro\/stage\/produs\/lesa-chinga-cu-ham-captusit-4120-cm\/"},"modified":"2025-08-01T12:00:43","modified_gmt":"2025-08-01T10:00:43","slug":"lesa-chinga-cu-ham-captusit-4120-cm","status":"publish","type":"product","link":"https:\/\/faberpet.ro\/stage\/produs\/lesa-chinga-cu-ham-captusit-4120-cm\/","title":{"rendered":"Lesa chinga cu ham captusit 4*120 cm"},"content":{"rendered":"<p>Este confec\u021bionat\u0103 din bumbac, hamul \u0219i m\u00e2nerul lesei fiind c\u0103ptu\u0219it cu un material prietenos cu pielea, l\u0103s\u00e2nd- o s\u0103 respire. Lesa cu hamul va da animalului dvs. un confort maxim, pentru c\u0103, \u00een contrast cu presiunea obi\u0219nuit\u0103 pe g\u00e2t, hamul distribuie presiunea pe \u00eentreaga lungime. Lesa poate fi deta\u0219at\u0103 cu ajutorul carabinei metalice deta\u0219abile. Hamul este u\u0219or de \u00eembr\u0103cat, lesa u\u0219or de prins, iar ve\u021bi avea un control mai bun asupra c\u0103\u021belului. Bretelele hamului sunt ajustabile, ceea ce va permite s\u0103 le adapta\u021bi \u00een mod ideal la dimensiunea c\u00e2inelui, astfel \u00eenc\u00e2t acestea s\u0103 nu fie prea libere sau prea str\u00e2ns fixat.<\/p>\n<p>Dimensiuni les\u0103: l\u0103\u021bime 4 cm \u0219i lungimea lesei 120 cm.<\/p>\n","protected":false},"excerpt":{"rendered":"<p>Este confec\u021bionat\u0103 din bumbac, hamul \u0219i m\u00e2nerul lesei fiind c\u0103ptu\u0219it cu un material prietenos cu pielea, l\u0103s\u00e2nd- o s\u0103 respire. Lesa cu hamul va da animalului dvs. un confort maxim, pentru c\u0103, \u00een contrast cu presiunea obi\u0219nuit\u0103 pe g\u00e2t, hamul distribuie presiunea pe \u00eentreaga lungime. Lesa poate fi deta\u0219at\u0103 cu ajutorul carabinei metalice deta\u0219abile. Hamul [&hellip;]<\/p>\n","protected":false},"featured_media":13135,"template":"","meta":[],"product_brand":[],"product_cat":[168,838],"product_tag":[891,889,890],"class_list":{"0":"post-4169","1":"product","2":"type-product","3":"status-publish","4":"has-post-thumbnail","6":"product_cat-caini","7":"product_cat-lese-cu-ham","8":"product_tag-ham-catei","9":"product_tag-lesa-ham-captusit","10":"product_tag-set-ham","12":"first","13":"instock","14":"shipping-taxable","15":"purchasable","16":"product-type-simple"},"_links":{"self":[{"href":"https:\/\/faberpet.ro\/stage\/wp-json\/wp\/v2\/product\/4169","targetHints":{"allow":["GET"]}}],"collection":[{"href":"https:\/\/faberpet.ro\/stage\/wp-json\/wp\/v2\/product"}],"about":[{"href":"https:\/\/faberpet.ro\/stage\/wp-json\/wp\/v2\/types\/product"}],"wp:featuredmedia":[{"embeddable":true,"href":"https:\/\/faberpet.ro\/stage\/wp-json\/wp\/v2\/media\/13135"}],"wp:attachment":[{"href":"https:\/\/faberpet.ro\/stage\/wp-json\/wp\/v2\/media?parent=4169"}],"wp:term":[{"taxonomy":"product_brand","embeddable":true,"href":"https:\/\/faberpet.ro\/stage\/wp-json\/wp\/v2\/product_brand?post=4169"},{"taxonomy":"product_cat","embeddable":true,"href":"https:\/\/faberpet.ro\/stage\/wp-json\/wp\/v2\/product_cat?post=4169"},{"taxonomy":"product_tag","embeddable":true,"href":"https:\/\/faberpet.ro\/stage\/wp-json\/wp\/v2\/product_tag?post=4169"}],"curies":[{"name":"wp","href":"https:\/\/api.w.org\/{rel}","templated":true}]}}