{"id":4170,"date":"2024-10-21T20:31:56","date_gmt":"2024-10-21T17:31:56","guid":{"rendered":"https:\/\/faberpet.ro\/stage\/produs\/lesa-chinga-cu-ham-police-25120-cm\/"},"modified":"2025-08-01T12:01:02","modified_gmt":"2025-08-01T10:01:02","slug":"lesa-chinga-cu-ham-police-25120-cm","status":"publish","type":"product","link":"https:\/\/faberpet.ro\/stage\/produs\/lesa-chinga-cu-ham-police-25120-cm\/","title":{"rendered":"Lesa chinga cu ham POLICE 2,5*120 cm"},"content":{"rendered":"<p>\u00cembr\u0103cat \u00een acest outfit, animalu\u021bul t\u0103u va ie\u0219i imediat \u00een eviden\u021b\u0103 \u00eentr- un mod pl\u0103cut. Confec\u021bionat\u0103 din nylon rezistent \u0219i durabil. Vesta este u\u0219or de \u00eembr\u0103cat, lesa u\u0219or de prins, iar ve\u021bi avea un control mai bun asupra c\u0103\u021belului. Ajustabile, ceea ce va permite s\u0103 le adapta\u021bi \u00een mod ideal la dimensiunea c\u00e2inelui, astfel \u00eenc\u00e2t acestea s\u0103 nu fie prea libere sau prea str\u00e2ns fixat. Lesa poate fi deta\u0219at\u0103 cu ajutorul carabinei metalice deta\u0219abile. Dimensiuni les\u0103: l\u0103\u021bime 2, 5 cm \u0219i lungime 120 cm. Hamul are circumferin\u021ba adaptabil\u0103 \u00eentre 84- 90 cm.<\/p>\n","protected":false},"excerpt":{"rendered":"<p>\u00cembr\u0103cat \u00een acest outfit, animalu\u021bul t\u0103u va ie\u0219i imediat \u00een eviden\u021b\u0103 \u00eentr- un mod pl\u0103cut. Confec\u021bionat\u0103 din nylon rezistent \u0219i durabil. Vesta este u\u0219or de \u00eembr\u0103cat, lesa u\u0219or de prins, iar ve\u021bi avea un control mai bun asupra c\u0103\u021belului. Ajustabile, ceea ce va permite s\u0103 le adapta\u021bi \u00een mod ideal la dimensiunea c\u00e2inelui, astfel \u00eenc\u00e2t [&hellip;]<\/p>\n","protected":false},"featured_media":9106,"template":"","meta":[],"product_brand":[],"product_cat":[168,838],"product_tag":[892,893,869],"class_list":{"0":"post-4170","1":"product","2":"type-product","3":"status-publish","4":"has-post-thumbnail","6":"product_cat-caini","7":"product_cat-lese-cu-ham","8":"product_tag-ham-caine-talie-mare","9":"product_tag-ham-police","10":"product_tag-lesa-cu-ham","12":"first","13":"instock","14":"shipping-taxable","15":"purchasable","16":"product-type-simple"},"_links":{"self":[{"href":"https:\/\/faberpet.ro\/stage\/wp-json\/wp\/v2\/product\/4170","targetHints":{"allow":["GET"]}}],"collection":[{"href":"https:\/\/faberpet.ro\/stage\/wp-json\/wp\/v2\/product"}],"about":[{"href":"https:\/\/faberpet.ro\/stage\/wp-json\/wp\/v2\/types\/product"}],"wp:featuredmedia":[{"embeddable":true,"href":"https:\/\/faberpet.ro\/stage\/wp-json\/wp\/v2\/media\/9106"}],"wp:attachment":[{"href":"https:\/\/faberpet.ro\/stage\/wp-json\/wp\/v2\/media?parent=4170"}],"wp:term":[{"taxonomy":"product_brand","embeddable":true,"href":"https:\/\/faberpet.ro\/stage\/wp-json\/wp\/v2\/product_brand?post=4170"},{"taxonomy":"product_cat","embeddable":true,"href":"https:\/\/faberpet.ro\/stage\/wp-json\/wp\/v2\/product_cat?post=4170"},{"taxonomy":"product_tag","embeddable":true,"href":"https:\/\/faberpet.ro\/stage\/wp-json\/wp\/v2\/product_tag?post=4170"}],"curies":[{"name":"wp","href":"https:\/\/api.w.org\/{rel}","templated":true}]}}