{"id":4172,"date":"2024-10-21T20:31:56","date_gmt":"2024-10-21T17:31:56","guid":{"rendered":"https:\/\/faberpet.ro\/stage\/produs\/lesa-piele-cu-ham-195-cm\/"},"modified":"2025-08-01T12:01:41","modified_gmt":"2025-08-01T10:01:41","slug":"lesa-piele-cu-ham-195-cm","status":"publish","type":"product","link":"https:\/\/faberpet.ro\/stage\/produs\/lesa-piele-cu-ham-195-cm\/","title":{"rendered":"Lesa piele cu ham 1*95 cm"},"content":{"rendered":"<p>Les\u0103 piele cu ham reglabil\u0103 este realizat din piele sintetic\u0103. Lesa cu hamul va da animalului dvs. un confort maxim, pentru c\u0103, \u00een contrast cu presiunea obi\u0219nuit\u0103 pe g\u00e2t, hamul distribuie presiunea pe \u00eentreaga lungime. Lesa nu se r\u0103suce\u0219te fiind prev\u0103zut\u0103 cu v\u00e2rtej. Hamul este u\u0219or de \u00eembr\u0103cat, lesa u\u0219or de prins, iar ve\u021bi avea un control mai bun asupra c\u0103\u021belului. Dimensiuni les\u0103: l\u0103\u021bime 1 cm \u0219i lungime 95 cm. Dimensiuni ham: l\u0103\u021bime 26- 29 cm, lungime 26- 40 cm. este \u00eempachetat amestecat \u00een set! IMPORTANT: Acest produs este disponibil \u00een diverse culori, a\u0219adar nu putem garanta livrarea unei anumite culori. Se vinde ambalat c\u00e2te 6 buc\/set! Pre\u021bul afi\u0219at este per buc!<\/p>\n","protected":false},"excerpt":{"rendered":"<p>Les\u0103 piele cu ham reglabil\u0103 este realizat din piele sintetic\u0103. Lesa cu hamul va da animalului dvs. un confort maxim, pentru c\u0103, \u00een contrast cu presiunea obi\u0219nuit\u0103 pe g\u00e2t, hamul distribuie presiunea pe \u00eentreaga lungime. Lesa nu se r\u0103suce\u0219te fiind prev\u0103zut\u0103 cu v\u00e2rtej. Hamul este u\u0219or de \u00eembr\u0103cat, lesa u\u0219or de prins, iar ve\u021bi avea [&hellip;]<\/p>\n","protected":false},"featured_media":9108,"template":"","meta":[],"product_brand":[],"product_cat":[168,838],"product_tag":[898,899,897],"class_list":{"0":"post-4172","1":"product","2":"type-product","3":"status-publish","4":"has-post-thumbnail","6":"product_cat-caini","7":"product_cat-lese-cu-ham","8":"product_tag-ham-piele-caini","9":"product_tag-hamuri-piele","10":"product_tag-lesa-piele-cu-ham","12":"first","13":"instock","14":"shipping-taxable","15":"purchasable","16":"product-type-simple"},"_links":{"self":[{"href":"https:\/\/faberpet.ro\/stage\/wp-json\/wp\/v2\/product\/4172","targetHints":{"allow":["GET"]}}],"collection":[{"href":"https:\/\/faberpet.ro\/stage\/wp-json\/wp\/v2\/product"}],"about":[{"href":"https:\/\/faberpet.ro\/stage\/wp-json\/wp\/v2\/types\/product"}],"wp:featuredmedia":[{"embeddable":true,"href":"https:\/\/faberpet.ro\/stage\/wp-json\/wp\/v2\/media\/9108"}],"wp:attachment":[{"href":"https:\/\/faberpet.ro\/stage\/wp-json\/wp\/v2\/media?parent=4172"}],"wp:term":[{"taxonomy":"product_brand","embeddable":true,"href":"https:\/\/faberpet.ro\/stage\/wp-json\/wp\/v2\/product_brand?post=4172"},{"taxonomy":"product_cat","embeddable":true,"href":"https:\/\/faberpet.ro\/stage\/wp-json\/wp\/v2\/product_cat?post=4172"},{"taxonomy":"product_tag","embeddable":true,"href":"https:\/\/faberpet.ro\/stage\/wp-json\/wp\/v2\/product_tag?post=4172"}],"curies":[{"name":"wp","href":"https:\/\/api.w.org\/{rel}","templated":true}]}}