{"id":4177,"date":"2024-10-21T20:31:57","date_gmt":"2024-10-21T17:31:57","guid":{"rendered":"https:\/\/faberpet.ro\/stage\/produs\/lesa-chinga-piele-cu-zgarda-12100-cm\/"},"modified":"2025-08-01T12:02:42","modified_gmt":"2025-08-01T10:02:42","slug":"lesa-chinga-piele-cu-zgarda-12100-cm","status":"publish","type":"product","link":"https:\/\/faberpet.ro\/stage\/produs\/lesa-chinga-piele-cu-zgarda-12100-cm\/","title":{"rendered":"Lesa chinga piele cu zgarda 1,2*100 cm"},"content":{"rendered":"<p>Confec\u021bionat\u0103 din piele sintetic\u0103. Acest tip de les\u0103 este foarte comod\u0103. este o solu\u021bie simpl\u0103 \u0219i eficient\u0103 de control. Zgarda poate fi dimensionat\u0103 \u00een func\u021bie de dimensiunea g\u00e2tului c\u00e2inelui. Prev\u0103zut\u0103 cu carabinier\u0103 cu v\u00e2rtej. Design- ul ergonomic ofer\u0103 o senza\u021bie de confort sporit. Dimensiuni les\u0103: l\u0103\u021bime 1 cm \u0219i lungime 100 cm. Lungimea maxim\u0103 desf\u0103\u0219urat\u0103 a zg\u0103rzii este de 31 cm. IMPORTANT: Acest produs este disponibil \u00een diverse culori, a\u0219adar nu putem garanta livrarea unei anumite culori.<\/p>\n","protected":false},"excerpt":{"rendered":"<p>Confec\u021bionat\u0103 din piele sintetic\u0103. Acest tip de les\u0103 este foarte comod\u0103. este o solu\u021bie simpl\u0103 \u0219i eficient\u0103 de control. Zgarda poate fi dimensionat\u0103 \u00een func\u021bie de dimensiunea g\u00e2tului c\u00e2inelui. Prev\u0103zut\u0103 cu carabinier\u0103 cu v\u00e2rtej. Design- ul ergonomic ofer\u0103 o senza\u021bie de confort sporit. Dimensiuni les\u0103: l\u0103\u021bime 1 cm \u0219i lungime 100 cm. Lungimea maxim\u0103 desf\u0103\u0219urat\u0103 [&hellip;]<\/p>\n","protected":false},"featured_media":9113,"template":"","meta":[],"product_brand":[],"product_cat":[168,912,906,911,171],"product_tag":[905,909,910],"class_list":{"0":"post-4177","1":"product","2":"type-product","3":"status-publish","4":"has-post-thumbnail","6":"product_cat-caini","7":"product_cat-lese-chinga","8":"product_cat-lese-cu-zgarda","9":"product_cat-lese-pisici","10":"product_cat-pisici","11":"product_tag-chinga-cu-zgarda","12":"product_tag-lesa-caini-chinga","13":"product_tag-zgarzi","15":"first","16":"instock","17":"shipping-taxable","18":"purchasable","19":"product-type-simple"},"_links":{"self":[{"href":"https:\/\/faberpet.ro\/stage\/wp-json\/wp\/v2\/product\/4177","targetHints":{"allow":["GET"]}}],"collection":[{"href":"https:\/\/faberpet.ro\/stage\/wp-json\/wp\/v2\/product"}],"about":[{"href":"https:\/\/faberpet.ro\/stage\/wp-json\/wp\/v2\/types\/product"}],"wp:featuredmedia":[{"embeddable":true,"href":"https:\/\/faberpet.ro\/stage\/wp-json\/wp\/v2\/media\/9113"}],"wp:attachment":[{"href":"https:\/\/faberpet.ro\/stage\/wp-json\/wp\/v2\/media?parent=4177"}],"wp:term":[{"taxonomy":"product_brand","embeddable":true,"href":"https:\/\/faberpet.ro\/stage\/wp-json\/wp\/v2\/product_brand?post=4177"},{"taxonomy":"product_cat","embeddable":true,"href":"https:\/\/faberpet.ro\/stage\/wp-json\/wp\/v2\/product_cat?post=4177"},{"taxonomy":"product_tag","embeddable":true,"href":"https:\/\/faberpet.ro\/stage\/wp-json\/wp\/v2\/product_tag?post=4177"}],"curies":[{"name":"wp","href":"https:\/\/api.w.org\/{rel}","templated":true}]}}