{"id":4187,"date":"2024-10-21T20:31:58","date_gmt":"2024-10-21T17:31:58","guid":{"rendered":"https:\/\/faberpet.ro\/stage\/produs\/lesa-cordelina-cu-zgarda-strangulanta-14110-cm\/"},"modified":"2025-08-01T12:04:59","modified_gmt":"2025-08-01T10:04:59","slug":"lesa-cordelina-cu-zgarda-strangulanta-14110-cm","status":"publish","type":"product","link":"https:\/\/faberpet.ro\/stage\/produs\/lesa-cordelina-cu-zgarda-strangulanta-14110-cm\/","title":{"rendered":"Lesa cordelina cu zgarda strangulanta 1,4*110 cm"},"content":{"rendered":"<p>Confec\u021bionat\u0103 din \u021bes\u0103tur\u0103 rotund\u0103 din nylon (cordelin\u0103) \u00eent\u0103rit\u0103 cu plastic. Poate fi dimensionat\u0103 \u00een func\u021bie de dimensiunea g\u00e2tului c\u00e2inelui. Acest tip de les\u0103 este foarte comod\u0103. \u00cen condi\u021biile \u00een care c\u00e2inele \u00eencepe s\u0103 trag\u0103 \u00een les\u0103, zgarda se str\u00e2nge \u00een jurul g\u00e2tului \u0219i creaz\u0103 un disconfort c\u00e2inelui. \u00cen acest fel, c\u00e2inele este obligat s\u0103 \u00eenceteze trac\u021biunea. este o solu\u021bie simpl\u0103 \u0219i eficient\u0103 de control. Zgarda prev\u0103zut\u0103 cu lan\u021b culisant din metal cromat \u0219i cu carabinier\u0103 cu v\u00e2rtej. Design- ul ergonomic ofer\u0103 o senza\u021bie de confort sporit. Dimensiuni les\u0103: 1, 4*110 cm. Dimensiuni zgard\u0103: 40- 55 cm, L. IMPORTANT: Acest produs este disponibil \u00een diverse culori, a\u0219adar nu putem garanta livrarea unei anumite culori.<\/p>\n","protected":false},"excerpt":{"rendered":"<p>Confec\u021bionat\u0103 din \u021bes\u0103tur\u0103 rotund\u0103 din nylon (cordelin\u0103) \u00eent\u0103rit\u0103 cu plastic. Poate fi dimensionat\u0103 \u00een func\u021bie de dimensiunea g\u00e2tului c\u00e2inelui. Acest tip de les\u0103 este foarte comod\u0103. \u00cen condi\u021biile \u00een care c\u00e2inele \u00eencepe s\u0103 trag\u0103 \u00een les\u0103, zgarda se str\u00e2nge \u00een jurul g\u00e2tului \u0219i creaz\u0103 un disconfort c\u00e2inelui. \u00cen acest fel, c\u00e2inele este obligat s\u0103 \u00eenceteze [&hellip;]<\/p>\n","protected":false},"featured_media":9123,"template":"","meta":[],"product_brand":[],"product_cat":[168,906],"product_tag":[927,926,928],"class_list":{"0":"post-4187","1":"product","2":"type-product","3":"status-publish","4":"has-post-thumbnail","6":"product_cat-caini","7":"product_cat-lese-cu-zgarda","8":"product_tag-caini-lese","9":"product_tag-lese-cordelina-caini","10":"product_tag-zgarda-strangulanta","12":"first","13":"instock","14":"shipping-taxable","15":"purchasable","16":"product-type-simple"},"_links":{"self":[{"href":"https:\/\/faberpet.ro\/stage\/wp-json\/wp\/v2\/product\/4187","targetHints":{"allow":["GET"]}}],"collection":[{"href":"https:\/\/faberpet.ro\/stage\/wp-json\/wp\/v2\/product"}],"about":[{"href":"https:\/\/faberpet.ro\/stage\/wp-json\/wp\/v2\/types\/product"}],"wp:featuredmedia":[{"embeddable":true,"href":"https:\/\/faberpet.ro\/stage\/wp-json\/wp\/v2\/media\/9123"}],"wp:attachment":[{"href":"https:\/\/faberpet.ro\/stage\/wp-json\/wp\/v2\/media?parent=4187"}],"wp:term":[{"taxonomy":"product_brand","embeddable":true,"href":"https:\/\/faberpet.ro\/stage\/wp-json\/wp\/v2\/product_brand?post=4187"},{"taxonomy":"product_cat","embeddable":true,"href":"https:\/\/faberpet.ro\/stage\/wp-json\/wp\/v2\/product_cat?post=4187"},{"taxonomy":"product_tag","embeddable":true,"href":"https:\/\/faberpet.ro\/stage\/wp-json\/wp\/v2\/product_tag?post=4187"}],"curies":[{"name":"wp","href":"https:\/\/api.w.org\/{rel}","templated":true}]}}