{"id":4197,"date":"2024-10-21T20:31:59","date_gmt":"2024-10-21T17:31:59","guid":{"rendered":"https:\/\/faberpet.ro\/stage\/produs\/lesa-lant-4750-mm-cu-zgarda-piele-560-cm\/"},"modified":"2025-08-01T12:08:03","modified_gmt":"2025-08-01T10:08:03","slug":"lesa-lant-4750-mm-cu-zgarda-piele-560-cm","status":"publish","type":"product","link":"https:\/\/faberpet.ro\/stage\/produs\/lesa-lant-4750-mm-cu-zgarda-piele-560-cm\/","title":{"rendered":"Lesa lant 4*750 mm cu zgarda piele 5*60 cm"},"content":{"rendered":"<p>Acest tip de les\u0103 este recomandat\u0103 ca o alternativ\u0103 a celei din nylon, \u00een cazul c\u00e2inilor care obi\u0219nuiesc s\u0103 road\u0103. Confec\u021bionat\u0103 din o\u021bel inoxidabil \u0219i piele ecologic\u0103. Chiar dac\u0103 grosimea zalelor este variabil\u0103 \u0219i teoretic, lesa poate fi folosit\u0103 pentru orice exemplar, indiferent de talia acestuia, \u00eencerca\u021bi s\u0103 evita\u021bi folosirea ei pentru c\u00e2ini sub 10 kg. Zgarda poate fi dimensionat\u0103 \u00een func\u021bie de dimensiunea g\u00e2tului c\u00e2inelui. Prev\u0103zut\u0103 cu carabinier\u0103 cu v\u00e2rtej. Design- ul ergonomic ofer\u0103 o senza\u021bie de confort sporit. Dimensiuni les\u0103: lungime 75 cm. Lungimea maxim\u0103 desf\u0103\u0219urat\u0103 a zg\u0103rzii este de 60 cm. IMPORTANT: Acest produs este disponibil \u00een diverse culori, a\u0219adar nu putem garanta livrarea unei anumite culori.<\/p>\n","protected":false},"excerpt":{"rendered":"<p>Acest tip de les\u0103 este recomandat\u0103 ca o alternativ\u0103 a celei din nylon, \u00een cazul c\u00e2inilor care obi\u0219nuiesc s\u0103 road\u0103. Confec\u021bionat\u0103 din o\u021bel inoxidabil \u0219i piele ecologic\u0103. Chiar dac\u0103 grosimea zalelor este variabil\u0103 \u0219i teoretic, lesa poate fi folosit\u0103 pentru orice exemplar, indiferent de talia acestuia, \u00eencerca\u021bi s\u0103 evita\u021bi folosirea ei pentru c\u00e2ini sub 10 [&hellip;]<\/p>\n","protected":false},"featured_media":9136,"template":"","meta":[],"product_brand":[],"product_cat":[168,906],"product_tag":[852,941,915],"class_list":{"0":"post-4197","1":"product","2":"type-product","3":"status-publish","4":"has-post-thumbnail","6":"product_cat-caini","7":"product_cat-lese-cu-zgarda","8":"product_tag-lesa","9":"product_tag-lese-cu-zgarda","10":"product_tag-zgarzi-lese","12":"first","13":"instock","14":"shipping-taxable","15":"purchasable","16":"product-type-simple"},"_links":{"self":[{"href":"https:\/\/faberpet.ro\/stage\/wp-json\/wp\/v2\/product\/4197","targetHints":{"allow":["GET"]}}],"collection":[{"href":"https:\/\/faberpet.ro\/stage\/wp-json\/wp\/v2\/product"}],"about":[{"href":"https:\/\/faberpet.ro\/stage\/wp-json\/wp\/v2\/types\/product"}],"wp:featuredmedia":[{"embeddable":true,"href":"https:\/\/faberpet.ro\/stage\/wp-json\/wp\/v2\/media\/9136"}],"wp:attachment":[{"href":"https:\/\/faberpet.ro\/stage\/wp-json\/wp\/v2\/media?parent=4197"}],"wp:term":[{"taxonomy":"product_brand","embeddable":true,"href":"https:\/\/faberpet.ro\/stage\/wp-json\/wp\/v2\/product_brand?post=4197"},{"taxonomy":"product_cat","embeddable":true,"href":"https:\/\/faberpet.ro\/stage\/wp-json\/wp\/v2\/product_cat?post=4197"},{"taxonomy":"product_tag","embeddable":true,"href":"https:\/\/faberpet.ro\/stage\/wp-json\/wp\/v2\/product_tag?post=4197"}],"curies":[{"name":"wp","href":"https:\/\/api.w.org\/{rel}","templated":true}]}}