{"id":4201,"date":"2024-10-21T20:32:00","date_gmt":"2024-10-21T17:32:00","guid":{"rendered":"https:\/\/faberpet.ro\/stage\/produs\/lesa-chinga-cu-zgarda-strangulanta-2-5120-cm\/"},"modified":"2025-08-01T12:09:27","modified_gmt":"2025-08-01T10:09:27","slug":"lesa-chinga-cu-zgarda-strangulanta-2-5120-cm","status":"publish","type":"product","link":"https:\/\/faberpet.ro\/stage\/produs\/lesa-chinga-cu-zgarda-strangulanta-2-5120-cm\/","title":{"rendered":"Lesa chinga cu zgarda strangulanta 2.5*120 cm"},"content":{"rendered":"<p>Confec\u021bionat\u0103 din nylon rezistent \u0219i durabil. Acest tip de les\u0103 este foarte comod\u0103. \u00cen condi\u021biile \u00een care c\u00e2inele \u00eencepe s\u0103 trag\u0103 \u00een les\u0103, zgarda se str\u00e2nge \u00een jurul g\u00e2tului \u0219i creaz\u0103 un disconfort c\u00e2inelui. \u00cen acest fel, c\u00e2inele este obligat s\u0103 \u00eenceteze trac\u021biunea. este o solu\u021bie simpl\u0103 \u0219i eficient\u0103 de control. Zgarda poate fi dimensionat\u0103 \u00een func\u021bie de dimensiunea g\u00e2tului c\u00e2inelui. Prev\u0103zut\u0103 cu lan\u021b culisant din metal cromat \u0219i cu carabinier\u0103 cu v\u00e2rtej. Design- ul ergonomic ofer\u0103 o senza\u021bie de confort sporit. Dimensiuni les\u0103: 2, 5*120 cm. Dimensiuni zgard\u0103: 43- 69 cm, L- XXL<\/p>\n","protected":false},"excerpt":{"rendered":"<p>Confec\u021bionat\u0103 din nylon rezistent \u0219i durabil. Acest tip de les\u0103 este foarte comod\u0103. \u00cen condi\u021biile \u00een care c\u00e2inele \u00eencepe s\u0103 trag\u0103 \u00een les\u0103, zgarda se str\u00e2nge \u00een jurul g\u00e2tului \u0219i creaz\u0103 un disconfort c\u00e2inelui. \u00cen acest fel, c\u00e2inele este obligat s\u0103 \u00eenceteze trac\u021biunea. este o solu\u021bie simpl\u0103 \u0219i eficient\u0103 de control. Zgarda poate fi dimensionat\u0103 [&hellip;]<\/p>\n","protected":false},"featured_media":9140,"template":"","meta":[],"product_brand":[],"product_cat":[168,906],"product_tag":[946,902,945],"class_list":{"0":"post-4201","1":"product","2":"type-product","3":"status-publish","4":"has-post-thumbnail","6":"product_cat-caini","7":"product_cat-lese-cu-zgarda","8":"product_tag-caine-cu-zgarzi","9":"product_tag-lese-chinga","10":"product_tag-lese-strangulante","12":"first","13":"instock","14":"shipping-taxable","15":"purchasable","16":"product-type-simple"},"_links":{"self":[{"href":"https:\/\/faberpet.ro\/stage\/wp-json\/wp\/v2\/product\/4201","targetHints":{"allow":["GET"]}}],"collection":[{"href":"https:\/\/faberpet.ro\/stage\/wp-json\/wp\/v2\/product"}],"about":[{"href":"https:\/\/faberpet.ro\/stage\/wp-json\/wp\/v2\/types\/product"}],"wp:featuredmedia":[{"embeddable":true,"href":"https:\/\/faberpet.ro\/stage\/wp-json\/wp\/v2\/media\/9140"}],"wp:attachment":[{"href":"https:\/\/faberpet.ro\/stage\/wp-json\/wp\/v2\/media?parent=4201"}],"wp:term":[{"taxonomy":"product_brand","embeddable":true,"href":"https:\/\/faberpet.ro\/stage\/wp-json\/wp\/v2\/product_brand?post=4201"},{"taxonomy":"product_cat","embeddable":true,"href":"https:\/\/faberpet.ro\/stage\/wp-json\/wp\/v2\/product_cat?post=4201"},{"taxonomy":"product_tag","embeddable":true,"href":"https:\/\/faberpet.ro\/stage\/wp-json\/wp\/v2\/product_tag?post=4201"}],"curies":[{"name":"wp","href":"https:\/\/api.w.org\/{rel}","templated":true}]}}