{"id":4211,"date":"2024-10-21T20:32:02","date_gmt":"2024-10-21T17:32:02","guid":{"rendered":"https:\/\/faberpet.ro\/stage\/produs\/castron-plastic-simplu-patrat-0-45-l\/"},"modified":"2025-08-01T12:10:21","modified_gmt":"2025-08-01T10:10:21","slug":"castron-plastic-simplu-patrat-0-45-l","status":"publish","type":"product","link":"https:\/\/faberpet.ro\/stage\/produs\/castron-plastic-simplu-patrat-0-45-l\/","title":{"rendered":"Castron plastic simplu patrat 0.45 l"},"content":{"rendered":"<p>Este foarte practic pentru hr\u0103nirea animalelor, deosebit de rezistent. Prev\u0103zut cu suport antiderapant la baz\u0103, pentru a preveni alunecarea. Volumul de hran\u0103 este de 0. 45 litru. IMPORTANT: Acest produs este disponibil \u00een diverse culori, a\u0219adar nu putem garanta livrarea unei anumite culori.<\/p>\n","protected":false},"excerpt":{"rendered":"<p>Este foarte practic pentru hr\u0103nirea animalelor, deosebit de rezistent. Prev\u0103zut cu suport antiderapant la baz\u0103, pentru a preveni alunecarea. Volumul de hran\u0103 este de 0. 45 litru. IMPORTANT: Acest produs este disponibil \u00een diverse culori, a\u0219adar nu putem garanta livrarea unei anumite culori.<\/p>\n","protected":false},"featured_media":9145,"template":"","meta":[],"product_brand":[],"product_cat":[168,954,955,953,171],"product_tag":[961,962,960],"class_list":{"0":"post-4211","1":"product","2":"type-product","3":"status-publish","4":"has-post-thumbnail","6":"product_cat-caini","7":"product_cat-castroane","8":"product_cat-castroane-pisici","9":"product_cat-castroane-si-adapatoare","10":"product_cat-pisici","11":"product_tag-bol-caini","12":"product_tag-castroane-caine","13":"product_tag-castron-caini-plastic","15":"first","16":"instock","17":"shipping-taxable","18":"purchasable","19":"product-type-simple"},"_links":{"self":[{"href":"https:\/\/faberpet.ro\/stage\/wp-json\/wp\/v2\/product\/4211","targetHints":{"allow":["GET"]}}],"collection":[{"href":"https:\/\/faberpet.ro\/stage\/wp-json\/wp\/v2\/product"}],"about":[{"href":"https:\/\/faberpet.ro\/stage\/wp-json\/wp\/v2\/types\/product"}],"wp:featuredmedia":[{"embeddable":true,"href":"https:\/\/faberpet.ro\/stage\/wp-json\/wp\/v2\/media\/9145"}],"wp:attachment":[{"href":"https:\/\/faberpet.ro\/stage\/wp-json\/wp\/v2\/media?parent=4211"}],"wp:term":[{"taxonomy":"product_brand","embeddable":true,"href":"https:\/\/faberpet.ro\/stage\/wp-json\/wp\/v2\/product_brand?post=4211"},{"taxonomy":"product_cat","embeddable":true,"href":"https:\/\/faberpet.ro\/stage\/wp-json\/wp\/v2\/product_cat?post=4211"},{"taxonomy":"product_tag","embeddable":true,"href":"https:\/\/faberpet.ro\/stage\/wp-json\/wp\/v2\/product_tag?post=4211"}],"curies":[{"name":"wp","href":"https:\/\/api.w.org\/{rel}","templated":true}]}}