{"id":4212,"date":"2024-10-21T20:32:02","date_gmt":"2024-10-21T17:32:02","guid":{"rendered":"https:\/\/faberpet.ro\/stage\/produs\/castron-melamina-patrat-simplu-0-8-l\/"},"modified":"2025-08-01T12:10:33","modified_gmt":"2025-08-01T10:10:33","slug":"castron-melamina-patrat-simplu-0-8-l","status":"publish","type":"product","link":"https:\/\/faberpet.ro\/stage\/produs\/castron-melamina-patrat-simplu-0-8-l\/","title":{"rendered":"Castron melamina patrat simplu 0.8 l"},"content":{"rendered":"<p>Este pentru servitul mesei la c\u00e2ini de talie mic\u0103 \u0219i pisici, foarte practic pentru hr\u0103nirea animalelor. Este prev\u0103zut cu suport antiderapant la baz\u0103, pentru a preveni alunecarea. F\u0103cut din melamin\u0103 rezistent. Volumul de hran\u0103 este de 0. 8 litri, iar diametrul castronului este de 25 cm.<\/p>\n","protected":false},"excerpt":{"rendered":"<p>Este pentru servitul mesei la c\u00e2ini de talie mic\u0103 \u0219i pisici, foarte practic pentru hr\u0103nirea animalelor. Este prev\u0103zut cu suport antiderapant la baz\u0103, pentru a preveni alunecarea. F\u0103cut din melamin\u0103 rezistent. Volumul de hran\u0103 este de 0. 8 litri, iar diametrul castronului este de 25 cm.<\/p>\n","protected":false},"featured_media":9146,"template":"","meta":[],"product_brand":[],"product_cat":[168,955,954,953,171],"product_tag":[964,963,958],"class_list":{"0":"post-4212","1":"product","2":"type-product","3":"status-publish","4":"has-post-thumbnail","6":"product_cat-caini","7":"product_cat-castroane-pisici","8":"product_cat-castroane","9":"product_cat-castroane-si-adapatoare","10":"product_cat-pisici","11":"product_tag-castroane-mici","12":"product_tag-castron-animal","13":"product_tag-castron-melamina-caini","15":"first","16":"instock","17":"shipping-taxable","18":"purchasable","19":"product-type-simple"},"_links":{"self":[{"href":"https:\/\/faberpet.ro\/stage\/wp-json\/wp\/v2\/product\/4212","targetHints":{"allow":["GET"]}}],"collection":[{"href":"https:\/\/faberpet.ro\/stage\/wp-json\/wp\/v2\/product"}],"about":[{"href":"https:\/\/faberpet.ro\/stage\/wp-json\/wp\/v2\/types\/product"}],"wp:featuredmedia":[{"embeddable":true,"href":"https:\/\/faberpet.ro\/stage\/wp-json\/wp\/v2\/media\/9146"}],"wp:attachment":[{"href":"https:\/\/faberpet.ro\/stage\/wp-json\/wp\/v2\/media?parent=4212"}],"wp:term":[{"taxonomy":"product_brand","embeddable":true,"href":"https:\/\/faberpet.ro\/stage\/wp-json\/wp\/v2\/product_brand?post=4212"},{"taxonomy":"product_cat","embeddable":true,"href":"https:\/\/faberpet.ro\/stage\/wp-json\/wp\/v2\/product_cat?post=4212"},{"taxonomy":"product_tag","embeddable":true,"href":"https:\/\/faberpet.ro\/stage\/wp-json\/wp\/v2\/product_tag?post=4212"}],"curies":[{"name":"wp","href":"https:\/\/api.w.org\/{rel}","templated":true}]}}