{"id":4213,"date":"2024-10-21T20:32:02","date_gmt":"2024-10-21T17:32:02","guid":{"rendered":"https:\/\/faberpet.ro\/stage\/produs\/castron-melamina-patrat-simplu-16-l\/"},"modified":"2025-08-01T12:10:47","modified_gmt":"2025-08-01T10:10:47","slug":"castron-melamina-patrat-simplu-16-l","status":"publish","type":"product","link":"https:\/\/faberpet.ro\/stage\/produs\/castron-melamina-patrat-simplu-16-l\/","title":{"rendered":"Castron melamina patrat simplu 1,6 l"},"content":{"rendered":"<p>Este pentru servitul mesei la c\u00e2ini de talie mare \u0219i medie, foarte practic pentru hr\u0103nirea animalelor. este prev\u0103zut cu suport antiderapant la baz\u0103, pentru a preveni alunecarea. F\u0103cut din melamin\u0103 rezistent. Volumul de hran\u0103 este de 1, 6 litru, iar diametrul castronului este de 31 cm.<\/p>\n","protected":false},"excerpt":{"rendered":"<p>Este pentru servitul mesei la c\u00e2ini de talie mare \u0219i medie, foarte practic pentru hr\u0103nirea animalelor. este prev\u0103zut cu suport antiderapant la baz\u0103, pentru a preveni alunecarea. F\u0103cut din melamin\u0103 rezistent. Volumul de hran\u0103 este de 1, 6 litru, iar diametrul castronului este de 31 cm.<\/p>\n","protected":false},"featured_media":9147,"template":"","meta":[],"product_brand":[],"product_cat":[168,954,953],"product_tag":[967,965,966],"class_list":{"0":"post-4213","1":"product","2":"type-product","3":"status-publish","4":"has-post-thumbnail","6":"product_cat-caini","7":"product_cat-castroane","8":"product_cat-castroane-si-adapatoare","9":"product_tag-castroane-pisici","10":"product_tag-castron-caini-mica","11":"product_tag-hranitoare-pisici","13":"first","14":"instock","15":"shipping-taxable","16":"purchasable","17":"product-type-simple"},"_links":{"self":[{"href":"https:\/\/faberpet.ro\/stage\/wp-json\/wp\/v2\/product\/4213","targetHints":{"allow":["GET"]}}],"collection":[{"href":"https:\/\/faberpet.ro\/stage\/wp-json\/wp\/v2\/product"}],"about":[{"href":"https:\/\/faberpet.ro\/stage\/wp-json\/wp\/v2\/types\/product"}],"wp:featuredmedia":[{"embeddable":true,"href":"https:\/\/faberpet.ro\/stage\/wp-json\/wp\/v2\/media\/9147"}],"wp:attachment":[{"href":"https:\/\/faberpet.ro\/stage\/wp-json\/wp\/v2\/media?parent=4213"}],"wp:term":[{"taxonomy":"product_brand","embeddable":true,"href":"https:\/\/faberpet.ro\/stage\/wp-json\/wp\/v2\/product_brand?post=4213"},{"taxonomy":"product_cat","embeddable":true,"href":"https:\/\/faberpet.ro\/stage\/wp-json\/wp\/v2\/product_cat?post=4213"},{"taxonomy":"product_tag","embeddable":true,"href":"https:\/\/faberpet.ro\/stage\/wp-json\/wp\/v2\/product_tag?post=4213"}],"curies":[{"name":"wp","href":"https:\/\/api.w.org\/{rel}","templated":true}]}}