{"id":4218,"date":"2024-10-21T20:32:03","date_gmt":"2024-10-21T17:32:03","guid":{"rendered":"https:\/\/faberpet.ro\/stage\/produs\/castron-plastic-simplu-1-2-l\/"},"modified":"2025-08-01T12:11:36","modified_gmt":"2025-08-01T10:11:36","slug":"castron-plastic-simplu-1-2-l","status":"publish","type":"product","link":"https:\/\/faberpet.ro\/stage\/produs\/castron-plastic-simplu-1-2-l\/","title":{"rendered":"Castron plastic simplu 1.2 l"},"content":{"rendered":"<p>Este pentru servitul mesei la c\u00e2ini de talie mic\u0103 \u0219i pisici, foarte practic pentru hr\u0103nirea animalelor. este f\u0103cut din melamin\u0103 rezistent. Volumul de hran\u0103 este de 1. 2 litri. IMPORTANT: Acest produs este disponibil \u00een diverse culori, a\u0219adar nu putem garanta livrarea unei anumite culori.<\/p>\n","protected":false},"excerpt":{"rendered":"<p>Este pentru servitul mesei la c\u00e2ini de talie mic\u0103 \u0219i pisici, foarte practic pentru hr\u0103nirea animalelor. este f\u0103cut din melamin\u0103 rezistent. Volumul de hran\u0103 este de 1. 2 litri. IMPORTANT: Acest produs este disponibil \u00een diverse culori, a\u0219adar nu putem garanta livrarea unei anumite culori.<\/p>\n","protected":false},"featured_media":9155,"template":"","meta":[],"product_brand":[],"product_cat":[168,954,955,953,171],"product_tag":[972,971,974],"class_list":{"0":"post-4218","1":"product","2":"type-product","3":"status-publish","4":"has-post-thumbnail","6":"product_cat-caini","7":"product_cat-castroane","8":"product_cat-castroane-pisici","9":"product_cat-castroane-si-adapatoare","10":"product_cat-pisici","11":"product_tag-bol-din-plastic","12":"product_tag-castron-animale","13":"product_tag-castron-plastic-simplu","15":"first","16":"instock","17":"shipping-taxable","18":"purchasable","19":"product-type-simple"},"_links":{"self":[{"href":"https:\/\/faberpet.ro\/stage\/wp-json\/wp\/v2\/product\/4218","targetHints":{"allow":["GET"]}}],"collection":[{"href":"https:\/\/faberpet.ro\/stage\/wp-json\/wp\/v2\/product"}],"about":[{"href":"https:\/\/faberpet.ro\/stage\/wp-json\/wp\/v2\/types\/product"}],"wp:featuredmedia":[{"embeddable":true,"href":"https:\/\/faberpet.ro\/stage\/wp-json\/wp\/v2\/media\/9155"}],"wp:attachment":[{"href":"https:\/\/faberpet.ro\/stage\/wp-json\/wp\/v2\/media?parent=4218"}],"wp:term":[{"taxonomy":"product_brand","embeddable":true,"href":"https:\/\/faberpet.ro\/stage\/wp-json\/wp\/v2\/product_brand?post=4218"},{"taxonomy":"product_cat","embeddable":true,"href":"https:\/\/faberpet.ro\/stage\/wp-json\/wp\/v2\/product_cat?post=4218"},{"taxonomy":"product_tag","embeddable":true,"href":"https:\/\/faberpet.ro\/stage\/wp-json\/wp\/v2\/product_tag?post=4218"}],"curies":[{"name":"wp","href":"https:\/\/api.w.org\/{rel}","templated":true}]}}