{"id":4224,"date":"2024-10-21T20:32:04","date_gmt":"2024-10-21T17:32:04","guid":{"rendered":"https:\/\/faberpet.ro\/stage\/produs\/castron-dublu-plastic-cu-forma-de-cap-pisica-2x0-3-l\/"},"modified":"2025-08-01T12:17:36","modified_gmt":"2025-08-01T10:17:36","slug":"castron-dublu-plastic-cu-forma-de-cap-pisica-2x0-3-l","status":"publish","type":"product","link":"https:\/\/faberpet.ro\/stage\/produs\/castron-dublu-plastic-cu-forma-de-cap-pisica-2x0-3-l\/","title":{"rendered":"Castron dublu plastic cu forma de cap pisica 2&#215;0.3 l"},"content":{"rendered":"<p>Este pentru servitul mesei la c\u00e2ini de talie mic\u0103 \u0219i pisici. Compartimentele f\u0103c\u00e2nd posibil\u0103 hr\u0103nirea animalelor \u00een condi\u021bii optime de igien\u0103 \u0219i confort. este prevazut cu suport antiderapant la baz\u0103, pentru a preveni alunecarea. Volumul de hran\u0103 este de 2&#215;0. 3 litri. IMPORTANT: Acest produs este disponibil \u00een diverse culori, a\u0219adar nu putem garanta livrarea unei anumite culori.<\/p>\n","protected":false},"excerpt":{"rendered":"<p>Este pentru servitul mesei la c\u00e2ini de talie mic\u0103 \u0219i pisici. Compartimentele f\u0103c\u00e2nd posibil\u0103 hr\u0103nirea animalelor \u00een condi\u021bii optime de igien\u0103 \u0219i confort. este prevazut cu suport antiderapant la baz\u0103, pentru a preveni alunecarea. Volumul de hran\u0103 este de 2&#215;0. 3 litri. IMPORTANT: Acest produs este disponibil \u00een diverse culori, a\u0219adar nu putem garanta livrarea [&hellip;]<\/p>\n","protected":false},"featured_media":9164,"template":"","meta":[],"product_brand":[],"product_cat":[168,954,955,953,171],"product_tag":[988,989,977],"class_list":{"0":"post-4224","1":"product","2":"type-product","3":"status-publish","4":"has-post-thumbnail","6":"product_cat-caini","7":"product_cat-castroane","8":"product_cat-castroane-pisici","9":"product_cat-castroane-si-adapatoare","10":"product_cat-pisici","11":"product_tag-boluri-de-mancare","12":"product_tag-castroane-si-hranitoare","13":"product_tag-castron-caini","15":"first","16":"instock","17":"shipping-taxable","18":"purchasable","19":"product-type-simple"},"_links":{"self":[{"href":"https:\/\/faberpet.ro\/stage\/wp-json\/wp\/v2\/product\/4224","targetHints":{"allow":["GET"]}}],"collection":[{"href":"https:\/\/faberpet.ro\/stage\/wp-json\/wp\/v2\/product"}],"about":[{"href":"https:\/\/faberpet.ro\/stage\/wp-json\/wp\/v2\/types\/product"}],"wp:featuredmedia":[{"embeddable":true,"href":"https:\/\/faberpet.ro\/stage\/wp-json\/wp\/v2\/media\/9164"}],"wp:attachment":[{"href":"https:\/\/faberpet.ro\/stage\/wp-json\/wp\/v2\/media?parent=4224"}],"wp:term":[{"taxonomy":"product_brand","embeddable":true,"href":"https:\/\/faberpet.ro\/stage\/wp-json\/wp\/v2\/product_brand?post=4224"},{"taxonomy":"product_cat","embeddable":true,"href":"https:\/\/faberpet.ro\/stage\/wp-json\/wp\/v2\/product_cat?post=4224"},{"taxonomy":"product_tag","embeddable":true,"href":"https:\/\/faberpet.ro\/stage\/wp-json\/wp\/v2\/product_tag?post=4224"}],"curies":[{"name":"wp","href":"https:\/\/api.w.org\/{rel}","templated":true}]}}