{"id":4226,"date":"2024-10-21T20:32:04","date_gmt":"2024-10-21T17:32:04","guid":{"rendered":"https:\/\/faberpet.ro\/stage\/produs\/castron-dublu-plastic-patrat-2x0-5-l\/"},"modified":"2025-08-01T12:19:39","modified_gmt":"2025-08-01T10:19:39","slug":"castron-dublu-plastic-patrat-2x0-5-l","status":"publish","type":"product","link":"https:\/\/faberpet.ro\/stage\/produs\/castron-dublu-plastic-patrat-2x0-5-l\/","title":{"rendered":"Castron dublu plastic patrat 2&#215;0.5 l"},"content":{"rendered":"<p>Este pentru servitul mesei la c\u00e2ini de talie medie \u0219i pisici. Compartimentele f\u0103c\u00e2nd posibil\u0103 hr\u0103nirea animalelor \u00een condi\u021bii optime de igien\u0103 \u0219i confort. F\u0103cut din plastic rezistent. Volumul de hran\u0103 este de 2&#215;0. 5 litri. IMPORTANT: Acest produs este disponibil \u00een diverse culori, a\u0219adar nu putem garanta livrarea unei anumite culori.<\/p>\n","protected":false},"excerpt":{"rendered":"<p>Este pentru servitul mesei la c\u00e2ini de talie medie \u0219i pisici. Compartimentele f\u0103c\u00e2nd posibil\u0103 hr\u0103nirea animalelor \u00een condi\u021bii optime de igien\u0103 \u0219i confort. F\u0103cut din plastic rezistent. Volumul de hran\u0103 este de 2&#215;0. 5 litri. IMPORTANT: Acest produs este disponibil \u00een diverse culori, a\u0219adar nu putem garanta livrarea unei anumite culori.<\/p>\n","protected":false},"featured_media":9168,"template":"","meta":[],"product_brand":[],"product_cat":[168,954,955,953,171],"product_tag":[990,987,969],"class_list":{"0":"post-4226","1":"product","2":"type-product","3":"status-publish","4":"has-post-thumbnail","6":"product_cat-caini","7":"product_cat-castroane","8":"product_cat-castroane-pisici","9":"product_cat-castroane-si-adapatoare","10":"product_cat-pisici","11":"product_tag-adapator-caini","12":"product_tag-castron-dublu-caini","13":"product_tag-castron-plastic-caini","15":"first","16":"instock","17":"shipping-taxable","18":"purchasable","19":"product-type-simple"},"_links":{"self":[{"href":"https:\/\/faberpet.ro\/stage\/wp-json\/wp\/v2\/product\/4226","targetHints":{"allow":["GET"]}}],"collection":[{"href":"https:\/\/faberpet.ro\/stage\/wp-json\/wp\/v2\/product"}],"about":[{"href":"https:\/\/faberpet.ro\/stage\/wp-json\/wp\/v2\/types\/product"}],"wp:featuredmedia":[{"embeddable":true,"href":"https:\/\/faberpet.ro\/stage\/wp-json\/wp\/v2\/media\/9168"}],"wp:attachment":[{"href":"https:\/\/faberpet.ro\/stage\/wp-json\/wp\/v2\/media?parent=4226"}],"wp:term":[{"taxonomy":"product_brand","embeddable":true,"href":"https:\/\/faberpet.ro\/stage\/wp-json\/wp\/v2\/product_brand?post=4226"},{"taxonomy":"product_cat","embeddable":true,"href":"https:\/\/faberpet.ro\/stage\/wp-json\/wp\/v2\/product_cat?post=4226"},{"taxonomy":"product_tag","embeddable":true,"href":"https:\/\/faberpet.ro\/stage\/wp-json\/wp\/v2\/product_tag?post=4226"}],"curies":[{"name":"wp","href":"https:\/\/api.w.org\/{rel}","templated":true}]}}