{"id":4239,"date":"2024-10-21T20:32:06","date_gmt":"2024-10-21T17:32:06","guid":{"rendered":"https:\/\/faberpet.ro\/stage\/produs\/castron-dublu-plastic-cu-cauciuc-antiderapant-2x0-4-l\/"},"modified":"2026-01-27T07:41:16","modified_gmt":"2026-01-27T05:41:16","slug":"castron-dublu-plastic-cu-cauciuc-antiderapant-2x0-4-l","status":"publish","type":"product","link":"https:\/\/faberpet.ro\/stage\/produs\/castron-dublu-plastic-cu-cauciuc-antiderapant-2x0-4-l\/","title":{"rendered":"Castron dublu plastic cu cauciuc antiderapant 2&#215;0.4 l"},"content":{"rendered":"<p>Este pentru servitul mesei la c\u00e2ini de talie mic\u0103 \u0219i pisici. Compartimentele f\u0103c\u00e2nd posibil\u0103 hr\u0103nirea animalelor \u00een condi\u021bii optime de igien\u0103 \u0219i confort. F\u0103cut din plastic rezistent. este prev\u0103zut cu suport antiderapant la baz\u0103, pentru a preveni alunecarea. Volumul de hran\u0103 este de 2&#215;0. 4 litri.<\/p>\n<p>IMPORTANT: Acest produs este disponibil \u00een diverse culori, a\u0219adar nu putem garanta livrarea unei anumite culori.<\/p>\n","protected":false},"excerpt":{"rendered":"<p>Este pentru servitul mesei la c\u00e2ini de talie mic\u0103 \u0219i pisici. Compartimentele f\u0103c\u00e2nd posibil\u0103 hr\u0103nirea animalelor \u00een condi\u021bii optime de igien\u0103 \u0219i confort. F\u0103cut din plastic rezistent. este prev\u0103zut cu suport antiderapant la baz\u0103, pentru a preveni alunecarea. Volumul de hran\u0103 este de 2&#215;0. 4 litri. IMPORTANT: Acest produs este disponibil \u00een diverse culori, a\u0219adar [&hellip;]<\/p>\n","protected":false},"featured_media":9193,"template":"","meta":[],"product_brand":[],"product_cat":[168,954,955,953,171],"product_tag":[1000,1011,1010],"class_list":{"0":"post-4239","1":"product","2":"type-product","3":"status-publish","4":"has-post-thumbnail","6":"product_cat-caini","7":"product_cat-castroane","8":"product_cat-castroane-pisici","9":"product_cat-castroane-si-adapatoare","10":"product_cat-pisici","11":"product_tag-castroane-plastic-caini","12":"product_tag-castron-antiderapant","13":"product_tag-castron-simplu-caini","15":"first","16":"instock","17":"shipping-taxable","18":"purchasable","19":"product-type-simple"},"_links":{"self":[{"href":"https:\/\/faberpet.ro\/stage\/wp-json\/wp\/v2\/product\/4239","targetHints":{"allow":["GET"]}}],"collection":[{"href":"https:\/\/faberpet.ro\/stage\/wp-json\/wp\/v2\/product"}],"about":[{"href":"https:\/\/faberpet.ro\/stage\/wp-json\/wp\/v2\/types\/product"}],"wp:featuredmedia":[{"embeddable":true,"href":"https:\/\/faberpet.ro\/stage\/wp-json\/wp\/v2\/media\/9193"}],"wp:attachment":[{"href":"https:\/\/faberpet.ro\/stage\/wp-json\/wp\/v2\/media?parent=4239"}],"wp:term":[{"taxonomy":"product_brand","embeddable":true,"href":"https:\/\/faberpet.ro\/stage\/wp-json\/wp\/v2\/product_brand?post=4239"},{"taxonomy":"product_cat","embeddable":true,"href":"https:\/\/faberpet.ro\/stage\/wp-json\/wp\/v2\/product_cat?post=4239"},{"taxonomy":"product_tag","embeddable":true,"href":"https:\/\/faberpet.ro\/stage\/wp-json\/wp\/v2\/product_tag?post=4239"}],"curies":[{"name":"wp","href":"https:\/\/api.w.org\/{rel}","templated":true}]}}