{"id":4256,"date":"2024-10-21T20:32:09","date_gmt":"2024-10-21T17:32:09","guid":{"rendered":"https:\/\/faberpet.ro\/stage\/produs\/castron-rotund-adanc-simplu-0-8-l\/"},"modified":"2025-08-01T12:28:20","modified_gmt":"2025-08-01T10:28:20","slug":"castron-rotund-adanc-simplu-0-8-l","status":"publish","type":"product","link":"https:\/\/faberpet.ro\/stage\/produs\/castron-rotund-adanc-simplu-0-8-l\/","title":{"rendered":"Castron rotund adanc simplu 0.8 l"},"content":{"rendered":"<p>Este pentru servitul mesei la c\u00e2ini de talie medie \u0219i pisici. este foarte practic pentru hr\u0103nirea animalelor. F\u0103cut din melamin\u0103 rezistent. este prev\u0103zut cu suport antiderapant la baza, pentru a preveni alunecarea. Volumul de hran\u0103 este de 0. 8 litri , iar diametrul castronului este de 14 cm. IMPORTANT: Acest produs este disponibil \u00een diverse culori, a\u0219adar nu putem garanta livrarea unei anumite culori.<\/p>\n","protected":false},"excerpt":{"rendered":"<p>Este pentru servitul mesei la c\u00e2ini de talie medie \u0219i pisici. este foarte practic pentru hr\u0103nirea animalelor. F\u0103cut din melamin\u0103 rezistent. este prev\u0103zut cu suport antiderapant la baza, pentru a preveni alunecarea. Volumul de hran\u0103 este de 0. 8 litri , iar diametrul castronului este de 14 cm. IMPORTANT: Acest produs este disponibil \u00een diverse [&hellip;]<\/p>\n","protected":false},"featured_media":9216,"template":"","meta":[],"product_brand":[],"product_cat":[168,954,955,953,171],"product_tag":[1024,1021,977],"class_list":{"0":"post-4256","1":"product","2":"type-product","3":"status-publish","4":"has-post-thumbnail","6":"product_cat-caini","7":"product_cat-castroane","8":"product_cat-castroane-pisici","9":"product_cat-castroane-si-adapatoare","10":"product_cat-pisici","11":"product_tag-castroane-boluri-si-accesorii","12":"product_tag-castroane-si-adapatoare","13":"product_tag-castron-caini","15":"first","16":"instock","17":"shipping-taxable","18":"purchasable","19":"product-type-simple"},"_links":{"self":[{"href":"https:\/\/faberpet.ro\/stage\/wp-json\/wp\/v2\/product\/4256","targetHints":{"allow":["GET"]}}],"collection":[{"href":"https:\/\/faberpet.ro\/stage\/wp-json\/wp\/v2\/product"}],"about":[{"href":"https:\/\/faberpet.ro\/stage\/wp-json\/wp\/v2\/types\/product"}],"wp:featuredmedia":[{"embeddable":true,"href":"https:\/\/faberpet.ro\/stage\/wp-json\/wp\/v2\/media\/9216"}],"wp:attachment":[{"href":"https:\/\/faberpet.ro\/stage\/wp-json\/wp\/v2\/media?parent=4256"}],"wp:term":[{"taxonomy":"product_brand","embeddable":true,"href":"https:\/\/faberpet.ro\/stage\/wp-json\/wp\/v2\/product_brand?post=4256"},{"taxonomy":"product_cat","embeddable":true,"href":"https:\/\/faberpet.ro\/stage\/wp-json\/wp\/v2\/product_cat?post=4256"},{"taxonomy":"product_tag","embeddable":true,"href":"https:\/\/faberpet.ro\/stage\/wp-json\/wp\/v2\/product_tag?post=4256"}],"curies":[{"name":"wp","href":"https:\/\/api.w.org\/{rel}","templated":true}]}}