{"id":4257,"date":"2024-10-21T20:32:09","date_gmt":"2024-10-21T17:32:09","guid":{"rendered":"https:\/\/faberpet.ro\/stage\/produs\/castron-rotund-adanc-simplu-1-2-l\/"},"modified":"2025-08-01T12:28:33","modified_gmt":"2025-08-01T10:28:33","slug":"castron-rotund-adanc-simplu-1-2-l","status":"publish","type":"product","link":"https:\/\/faberpet.ro\/stage\/produs\/castron-rotund-adanc-simplu-1-2-l\/","title":{"rendered":"Castron rotund adanc simplu 1.2 l"},"content":{"rendered":"<p>Este pentru servitul mesei la c\u0103ini de talie medie \u0219i pisici, este foarte practic pentru hr\u0103nirea animalelor. F\u0103cut din melamin\u0103 rezistent. este prev\u0103zut cu o garnitur\u0103 antiderapant la baz\u0103, pentru a preveni alunecarea. Astfel, acesta se va prinde perfect de orice suprafa\u021b\u0103 pentru un confort sporit \u00een timpul hr\u0103nirii \u0219i evitarea alunec\u0103rii. Volumul de hran\u0103 este de 1. 2 litri , iar diametrul castronului este de 17 cm. IMPORTANT: Acest produs este disponibil \u00een diverse culori, a\u0219adar nu putem garanta livrarea unei anumite culori.<\/p>\n","protected":false},"excerpt":{"rendered":"<p>Este pentru servitul mesei la c\u0103ini de talie medie \u0219i pisici, este foarte practic pentru hr\u0103nirea animalelor. F\u0103cut din melamin\u0103 rezistent. este prev\u0103zut cu o garnitur\u0103 antiderapant la baz\u0103, pentru a preveni alunecarea. Astfel, acesta se va prinde perfect de orice suprafa\u021b\u0103 pentru un confort sporit \u00een timpul hr\u0103nirii \u0219i evitarea alunec\u0103rii. Volumul de hran\u0103 [&hellip;]<\/p>\n","protected":false},"featured_media":9219,"template":"","meta":[],"product_brand":[],"product_cat":[168,954,955,953,171],"product_tag":[1025,977,1026],"class_list":{"0":"post-4257","1":"product","2":"type-product","3":"status-publish","4":"has-post-thumbnail","6":"product_cat-caini","7":"product_cat-castroane","8":"product_cat-castroane-pisici","9":"product_cat-castroane-si-adapatoare","10":"product_cat-pisici","11":"product_tag-adapatoare-caini","12":"product_tag-castron-caini","13":"product_tag-castron-din-inox","15":"first","16":"instock","17":"shipping-taxable","18":"purchasable","19":"product-type-simple"},"_links":{"self":[{"href":"https:\/\/faberpet.ro\/stage\/wp-json\/wp\/v2\/product\/4257","targetHints":{"allow":["GET"]}}],"collection":[{"href":"https:\/\/faberpet.ro\/stage\/wp-json\/wp\/v2\/product"}],"about":[{"href":"https:\/\/faberpet.ro\/stage\/wp-json\/wp\/v2\/types\/product"}],"wp:featuredmedia":[{"embeddable":true,"href":"https:\/\/faberpet.ro\/stage\/wp-json\/wp\/v2\/media\/9219"}],"wp:attachment":[{"href":"https:\/\/faberpet.ro\/stage\/wp-json\/wp\/v2\/media?parent=4257"}],"wp:term":[{"taxonomy":"product_brand","embeddable":true,"href":"https:\/\/faberpet.ro\/stage\/wp-json\/wp\/v2\/product_brand?post=4257"},{"taxonomy":"product_cat","embeddable":true,"href":"https:\/\/faberpet.ro\/stage\/wp-json\/wp\/v2\/product_cat?post=4257"},{"taxonomy":"product_tag","embeddable":true,"href":"https:\/\/faberpet.ro\/stage\/wp-json\/wp\/v2\/product_tag?post=4257"}],"curies":[{"name":"wp","href":"https:\/\/api.w.org\/{rel}","templated":true}]}}