{"id":4259,"date":"2024-10-21T20:32:09","date_gmt":"2024-10-21T17:32:09","guid":{"rendered":"https:\/\/faberpet.ro\/stage\/produs\/castron-plastic-cu-hranitor-0-3-l-adapator-automat-0-2-l\/"},"modified":"2025-08-01T12:28:52","modified_gmt":"2025-08-01T10:28:52","slug":"castron-plastic-cu-hranitor-0-3-l-adapator-automat-0-2-l","status":"publish","type":"product","link":"https:\/\/faberpet.ro\/stage\/produs\/castron-plastic-cu-hranitor-0-3-l-adapator-automat-0-2-l\/","title":{"rendered":"Castron plastic cu hranitor 0.3 l + adapator automat 0.2 l"},"content":{"rendered":"<p>Simplu de folosit, asigur\u0103 hrana proasp\u0103t\u0103 \u0219i curat\u0103 pentru c\u0103\u021belul dumneavoastr\u0103, chiar \u0219i de mai multe zi. Datorit\u0103 rezervorului de ap\u0103 incorporat, asigur\u0103 apa proasp\u0103t\u0103 \u0219i curat\u0103 pentru c\u0103\u021belul dumneavoastr\u0103 \u00een orice situa\u021bie. Func\u021bioneaz\u0103 pe baz\u0103 gravita\u021bional\u0103. Flaconul deta\u0219abil\u0103 \u0219i u\u0219or de cur\u0103\u021bat. IMPORTANT: Acest produs este disponibil \u00een diverse culori, a\u0219adar nu putem garanta livrarea unei anumite culori.<\/p>\n","protected":false},"excerpt":{"rendered":"<p>Simplu de folosit, asigur\u0103 hrana proasp\u0103t\u0103 \u0219i curat\u0103 pentru c\u0103\u021belul dumneavoastr\u0103, chiar \u0219i de mai multe zi. Datorit\u0103 rezervorului de ap\u0103 incorporat, asigur\u0103 apa proasp\u0103t\u0103 \u0219i curat\u0103 pentru c\u0103\u021belul dumneavoastr\u0103 \u00een orice situa\u021bie. Func\u021bioneaz\u0103 pe baz\u0103 gravita\u021bional\u0103. Flaconul deta\u0219abil\u0103 \u0219i u\u0219or de cur\u0103\u021bat. IMPORTANT: Acest produs este disponibil \u00een diverse culori, a\u0219adar nu putem garanta [&hellip;]<\/p>\n","protected":false},"featured_media":9225,"template":"","meta":[],"product_brand":[],"product_cat":[1030,956,168,953,652],"product_tag":[1029,977,452],"class_list":{"0":"post-4259","1":"product","2":"type-product","3":"status-publish","4":"has-post-thumbnail","6":"product_cat-adapatoare","7":"product_cat-adapatoare-si-hranitoare","8":"product_cat-caini","9":"product_cat-castroane-si-adapatoare","10":"product_cat-rozatoare","11":"product_tag-adapator-automat","12":"product_tag-castron-caini","13":"product_tag-hranitor-automat","15":"first","16":"instock","17":"shipping-taxable","18":"purchasable","19":"product-type-simple"},"_links":{"self":[{"href":"https:\/\/faberpet.ro\/stage\/wp-json\/wp\/v2\/product\/4259","targetHints":{"allow":["GET"]}}],"collection":[{"href":"https:\/\/faberpet.ro\/stage\/wp-json\/wp\/v2\/product"}],"about":[{"href":"https:\/\/faberpet.ro\/stage\/wp-json\/wp\/v2\/types\/product"}],"wp:featuredmedia":[{"embeddable":true,"href":"https:\/\/faberpet.ro\/stage\/wp-json\/wp\/v2\/media\/9225"}],"wp:attachment":[{"href":"https:\/\/faberpet.ro\/stage\/wp-json\/wp\/v2\/media?parent=4259"}],"wp:term":[{"taxonomy":"product_brand","embeddable":true,"href":"https:\/\/faberpet.ro\/stage\/wp-json\/wp\/v2\/product_brand?post=4259"},{"taxonomy":"product_cat","embeddable":true,"href":"https:\/\/faberpet.ro\/stage\/wp-json\/wp\/v2\/product_cat?post=4259"},{"taxonomy":"product_tag","embeddable":true,"href":"https:\/\/faberpet.ro\/stage\/wp-json\/wp\/v2\/product_tag?post=4259"}],"curies":[{"name":"wp","href":"https:\/\/api.w.org\/{rel}","templated":true}]}}