{"id":4266,"date":"2024-10-21T20:32:11","date_gmt":"2024-10-21T17:32:11","guid":{"rendered":"https:\/\/faberpet.ro\/stage\/produs\/castron-inox-si-plastic-simplu-12-l\/"},"modified":"2025-08-01T12:31:04","modified_gmt":"2025-08-01T10:31:04","slug":"castron-inox-si-plastic-simplu-12-l","status":"publish","type":"product","link":"https:\/\/faberpet.ro\/stage\/produs\/castron-inox-si-plastic-simplu-12-l\/","title":{"rendered":"Castron inox si plastic simplu 1,2 l"},"content":{"rendered":"<p>Este foarte practic pentru hr\u0103nirea animalelor, deosebit de rezistent. este prev\u0103zut cu o garnitur\u0103 antiderapant\u0103 la baz\u0103, pentru a preveni alunecarea. Astfel, acesta se va prinde perfect de orice suprafa\u021b\u0103 pentru un confort sporit \u00een timpul hr\u0103nirii \u0219i evitarea alunec\u0103rii. Volumul de hran\u0103 este de 1. 2 litri, iar diametrul castronului este de 32. 5 cm, dimensiunile generoase f\u0103c\u00e2nd posibil\u0103 hr\u0103nirea animalelor mai mari \u00een condi\u021bii optime de igien\u0103 \u0219i confort. Interiorul metalic se poate deta\u0219a, astfel ob\u021binem dou\u0103 castroane distincte pentru mai multe hran\u0103 diferite. IMPORTANT: Acest produs este disponibil \u00een diverse culori, a\u0219adar nu putem garanta livrarea unei anumite culori.<\/p>\n","protected":false},"excerpt":{"rendered":"<p>Este foarte practic pentru hr\u0103nirea animalelor, deosebit de rezistent. este prev\u0103zut cu o garnitur\u0103 antiderapant\u0103 la baz\u0103, pentru a preveni alunecarea. Astfel, acesta se va prinde perfect de orice suprafa\u021b\u0103 pentru un confort sporit \u00een timpul hr\u0103nirii \u0219i evitarea alunec\u0103rii. Volumul de hran\u0103 este de 1. 2 litri, iar diametrul castronului este de 32. 5 [&hellip;]<\/p>\n","protected":false},"featured_media":9233,"template":"","meta":[],"product_brand":[],"product_cat":[168,954,953],"product_tag":[1037,967,1038],"class_list":{"0":"post-4266","1":"product","2":"type-product","3":"status-publish","4":"has-post-thumbnail","6":"product_cat-caini","7":"product_cat-castroane","8":"product_cat-castroane-si-adapatoare","9":"product_tag-boluri-din-plastic","10":"product_tag-castroane-pisici","11":"product_tag-inox-si-plastic","13":"first","14":"instock","15":"shipping-taxable","16":"purchasable","17":"product-type-simple"},"_links":{"self":[{"href":"https:\/\/faberpet.ro\/stage\/wp-json\/wp\/v2\/product\/4266","targetHints":{"allow":["GET"]}}],"collection":[{"href":"https:\/\/faberpet.ro\/stage\/wp-json\/wp\/v2\/product"}],"about":[{"href":"https:\/\/faberpet.ro\/stage\/wp-json\/wp\/v2\/types\/product"}],"wp:featuredmedia":[{"embeddable":true,"href":"https:\/\/faberpet.ro\/stage\/wp-json\/wp\/v2\/media\/9233"}],"wp:attachment":[{"href":"https:\/\/faberpet.ro\/stage\/wp-json\/wp\/v2\/media?parent=4266"}],"wp:term":[{"taxonomy":"product_brand","embeddable":true,"href":"https:\/\/faberpet.ro\/stage\/wp-json\/wp\/v2\/product_brand?post=4266"},{"taxonomy":"product_cat","embeddable":true,"href":"https:\/\/faberpet.ro\/stage\/wp-json\/wp\/v2\/product_cat?post=4266"},{"taxonomy":"product_tag","embeddable":true,"href":"https:\/\/faberpet.ro\/stage\/wp-json\/wp\/v2\/product_tag?post=4266"}],"curies":[{"name":"wp","href":"https:\/\/api.w.org\/{rel}","templated":true}]}}