{"id":4267,"date":"2024-10-21T20:32:11","date_gmt":"2024-10-21T17:32:11","guid":{"rendered":"https:\/\/faberpet.ro\/stage\/produs\/castron-metal-in-pat-plastic-cu-sistem-de-prindere-0-5-l\/"},"modified":"2025-08-01T12:31:25","modified_gmt":"2025-08-01T10:31:25","slug":"castron-metal-in-pat-plastic-cu-sistem-de-prindere-0-5-l","status":"publish","type":"product","link":"https:\/\/faberpet.ro\/stage\/produs\/castron-metal-in-pat-plastic-cu-sistem-de-prindere-0-5-l\/","title":{"rendered":"Castron metal in pat plastic cu sistem de prindere 0.5 l"},"content":{"rendered":"<p>Castron pentru m\u00e2ncare sau ap\u0103 pentru c\u00e2ini sau pisici. Cu sistem de prindere pe cu\u0219tile de transport sau cu\u0219tile din curte. Rezistent \u0219i durabil, nu modific\u0103 gustul alimentelor sau al apei administrate. U\u0219or de cur\u0103\u021bat. Volumul de hran\u0103 este de 0, 5 L.<\/p>\n","protected":false},"excerpt":{"rendered":"<p>Castron pentru m\u00e2ncare sau ap\u0103 pentru c\u00e2ini sau pisici. Cu sistem de prindere pe cu\u0219tile de transport sau cu\u0219tile din curte. Rezistent \u0219i durabil, nu modific\u0103 gustul alimentelor sau al apei administrate. U\u0219or de cur\u0103\u021bat. Volumul de hran\u0103 este de 0, 5 L.<\/p>\n","protected":false},"featured_media":9240,"template":"","meta":[],"product_brand":[],"product_cat":[168,954,953],"product_tag":[1039,1040,995],"class_list":{"0":"post-4267","1":"product","2":"type-product","3":"status-publish","4":"has-post-thumbnail","6":"product_cat-caini","7":"product_cat-castroane","8":"product_cat-castroane-si-adapatoare","9":"product_tag-castron-metal","10":"product_tag-castron-pentru-caini","11":"product_tag-castron-plastic","13":"first","14":"instock","15":"shipping-taxable","16":"purchasable","17":"product-type-simple"},"_links":{"self":[{"href":"https:\/\/faberpet.ro\/stage\/wp-json\/wp\/v2\/product\/4267","targetHints":{"allow":["GET"]}}],"collection":[{"href":"https:\/\/faberpet.ro\/stage\/wp-json\/wp\/v2\/product"}],"about":[{"href":"https:\/\/faberpet.ro\/stage\/wp-json\/wp\/v2\/types\/product"}],"wp:featuredmedia":[{"embeddable":true,"href":"https:\/\/faberpet.ro\/stage\/wp-json\/wp\/v2\/media\/9240"}],"wp:attachment":[{"href":"https:\/\/faberpet.ro\/stage\/wp-json\/wp\/v2\/media?parent=4267"}],"wp:term":[{"taxonomy":"product_brand","embeddable":true,"href":"https:\/\/faberpet.ro\/stage\/wp-json\/wp\/v2\/product_brand?post=4267"},{"taxonomy":"product_cat","embeddable":true,"href":"https:\/\/faberpet.ro\/stage\/wp-json\/wp\/v2\/product_cat?post=4267"},{"taxonomy":"product_tag","embeddable":true,"href":"https:\/\/faberpet.ro\/stage\/wp-json\/wp\/v2\/product_tag?post=4267"}],"curies":[{"name":"wp","href":"https:\/\/api.w.org\/{rel}","templated":true}]}}