{"id":4268,"date":"2024-10-21T20:32:11","date_gmt":"2024-10-21T17:32:11","guid":{"rendered":"https:\/\/faberpet.ro\/stage\/produs\/castron-inox-cu-margine-cauciuc-simplu-0-24-l\/"},"modified":"2025-08-01T12:31:42","modified_gmt":"2025-08-01T10:31:42","slug":"castron-inox-cu-margine-cauciuc-simplu-0-24-l","status":"publish","type":"product","link":"https:\/\/faberpet.ro\/stage\/produs\/castron-inox-cu-margine-cauciuc-simplu-0-24-l\/","title":{"rendered":"Castron inox cu margine cauciuc simplu 0.24 l"},"content":{"rendered":"<p>Este foarte practic pentru hr\u0103nirea animalelor, deosebit de rezistent. Prev\u0103zut cu o garnitur\u0103 antiderapant\u0103 la baz\u0103, pentru a preveni alunecarea. Astfel, acesta se va prinde perfect de orice suprafa\u021b\u0103 pentru un confort sporit \u00een timpul hr\u0103nirii \u0219i evitarea alunec\u0103rii. Volumul de hran\u0103 este de 0. 24 litri, iar diametrul castronului este de 11 cm.<\/p>\n","protected":false},"excerpt":{"rendered":"<p>Este foarte practic pentru hr\u0103nirea animalelor, deosebit de rezistent. Prev\u0103zut cu o garnitur\u0103 antiderapant\u0103 la baz\u0103, pentru a preveni alunecarea. Astfel, acesta se va prinde perfect de orice suprafa\u021b\u0103 pentru un confort sporit \u00een timpul hr\u0103nirii \u0219i evitarea alunec\u0103rii. Volumul de hran\u0103 este de 0. 24 litri, iar diametrul castronului este de 11 cm.<\/p>\n","protected":false},"featured_media":9241,"template":"","meta":[],"product_brand":[],"product_cat":[168,954,955,953,171],"product_tag":[988,989,977],"class_list":{"0":"post-4268","1":"product","2":"type-product","3":"status-publish","4":"has-post-thumbnail","6":"product_cat-caini","7":"product_cat-castroane","8":"product_cat-castroane-pisici","9":"product_cat-castroane-si-adapatoare","10":"product_cat-pisici","11":"product_tag-boluri-de-mancare","12":"product_tag-castroane-si-hranitoare","13":"product_tag-castron-caini","15":"first","16":"instock","17":"shipping-taxable","18":"purchasable","19":"product-type-simple"},"_links":{"self":[{"href":"https:\/\/faberpet.ro\/stage\/wp-json\/wp\/v2\/product\/4268","targetHints":{"allow":["GET"]}}],"collection":[{"href":"https:\/\/faberpet.ro\/stage\/wp-json\/wp\/v2\/product"}],"about":[{"href":"https:\/\/faberpet.ro\/stage\/wp-json\/wp\/v2\/types\/product"}],"wp:featuredmedia":[{"embeddable":true,"href":"https:\/\/faberpet.ro\/stage\/wp-json\/wp\/v2\/media\/9241"}],"wp:attachment":[{"href":"https:\/\/faberpet.ro\/stage\/wp-json\/wp\/v2\/media?parent=4268"}],"wp:term":[{"taxonomy":"product_brand","embeddable":true,"href":"https:\/\/faberpet.ro\/stage\/wp-json\/wp\/v2\/product_brand?post=4268"},{"taxonomy":"product_cat","embeddable":true,"href":"https:\/\/faberpet.ro\/stage\/wp-json\/wp\/v2\/product_cat?post=4268"},{"taxonomy":"product_tag","embeddable":true,"href":"https:\/\/faberpet.ro\/stage\/wp-json\/wp\/v2\/product_tag?post=4268"}],"curies":[{"name":"wp","href":"https:\/\/api.w.org\/{rel}","templated":true}]}}