{"id":4272,"date":"2024-10-21T20:32:11","date_gmt":"2024-10-21T17:32:11","guid":{"rendered":"https:\/\/faberpet.ro\/stage\/produs\/castron-inox-cu-margine-cauciuc-si-maner-lateral-0-45-l\/"},"modified":"2025-10-02T13:45:50","modified_gmt":"2025-10-02T11:45:50","slug":"castron-inox-cu-margine-cauciuc-si-maner-lateral-0-45-l","status":"publish","type":"product","link":"https:\/\/faberpet.ro\/stage\/produs\/castron-inox-cu-margine-cauciuc-si-maner-lateral-0-45-l\/","title":{"rendered":"Castron inox cu margine cauciuc si maner lateral 0.45 l"},"content":{"rendered":"<p>Este foarte practic pentru hr\u0103nirea animalelor, deosebit de rezistent. In partea inferioara este atasat un manson de cauciuc care ii ofera o buna stabilitate. Astfel, acesta se va prinde perfect de orice suprafa\u021b\u0103 pentru un confort sporit \u00een timpul hr\u0103nirii \u0219i evitarea alunec\u0103rii. Volumul de hran\u0103 este de 0. 45 litri, iar diametrul castronului este de 15 cm.<\/p>\n","protected":false},"excerpt":{"rendered":"<p>Este foarte practic pentru hr\u0103nirea animalelor, deosebit de rezistent. In partea inferioara este atasat un manson de cauciuc care ii ofera o buna stabilitate. Astfel, acesta se va prinde perfect de orice suprafa\u021b\u0103 pentru un confort sporit \u00een timpul hr\u0103nirii \u0219i evitarea alunec\u0103rii. Volumul de hran\u0103 este de 0. 45 litri, iar diametrul castronului este [&hellip;]<\/p>\n","protected":false},"featured_media":10906,"template":"","meta":[],"product_brand":[],"product_cat":[168,955,954,953,171],"product_tag":[990,1011,1019],"class_list":{"0":"post-4272","1":"product","2":"type-product","3":"status-publish","4":"has-post-thumbnail","6":"product_cat-caini","7":"product_cat-castroane-pisici","8":"product_cat-castroane","9":"product_cat-castroane-si-adapatoare","10":"product_cat-pisici","11":"product_tag-adapator-caini","12":"product_tag-castron-antiderapant","13":"product_tag-castron-inox","15":"first","16":"instock","17":"shipping-taxable","18":"purchasable","19":"product-type-simple"},"_links":{"self":[{"href":"https:\/\/faberpet.ro\/stage\/wp-json\/wp\/v2\/product\/4272","targetHints":{"allow":["GET"]}}],"collection":[{"href":"https:\/\/faberpet.ro\/stage\/wp-json\/wp\/v2\/product"}],"about":[{"href":"https:\/\/faberpet.ro\/stage\/wp-json\/wp\/v2\/types\/product"}],"wp:featuredmedia":[{"embeddable":true,"href":"https:\/\/faberpet.ro\/stage\/wp-json\/wp\/v2\/media\/10906"}],"wp:attachment":[{"href":"https:\/\/faberpet.ro\/stage\/wp-json\/wp\/v2\/media?parent=4272"}],"wp:term":[{"taxonomy":"product_brand","embeddable":true,"href":"https:\/\/faberpet.ro\/stage\/wp-json\/wp\/v2\/product_brand?post=4272"},{"taxonomy":"product_cat","embeddable":true,"href":"https:\/\/faberpet.ro\/stage\/wp-json\/wp\/v2\/product_cat?post=4272"},{"taxonomy":"product_tag","embeddable":true,"href":"https:\/\/faberpet.ro\/stage\/wp-json\/wp\/v2\/product_tag?post=4272"}],"curies":[{"name":"wp","href":"https:\/\/api.w.org\/{rel}","templated":true}]}}