{"id":4279,"date":"2024-10-21T20:32:12","date_gmt":"2024-10-21T17:32:12","guid":{"rendered":"https:\/\/faberpet.ro\/stage\/produs\/castron-inox-cu-margine-cauciuc-simplu-2-5-l\/"},"modified":"2025-08-01T12:39:41","modified_gmt":"2025-08-01T10:39:41","slug":"castron-inox-cu-margine-cauciuc-simplu-2-5-l","status":"publish","type":"product","link":"https:\/\/faberpet.ro\/stage\/produs\/castron-inox-cu-margine-cauciuc-simplu-2-5-l\/","title":{"rendered":"Castron inox cu margine cauciuc simplu 2.5 l"},"content":{"rendered":"<p>Este foarte practic pentru hr\u0103nirea animalelor, deosebit de rezistent. Prev\u0103zut cu o garnitur\u0103 antiderapant\u0103 la baz\u0103, pentru a preveni alunecarea. Astfel, acesta se va prinde perfect de orice suprafa\u021b\u0103 pentru un confort sporit \u00een timpul hr\u0103nirii \u0219i evitarea alunec\u0103rii. Volumul de hran\u0103 este de 2. 4 litri, iar diametrul castronului este de 25 cm, dimensiunile generoase f\u0103c\u00e2nd posibil\u0103 hr\u0103nirea animalelor mai mari \u00een condi\u021bii optime de igien\u0103 \u0219i confort.<\/p>\n","protected":false},"excerpt":{"rendered":"<p>Este foarte practic pentru hr\u0103nirea animalelor, deosebit de rezistent. Prev\u0103zut cu o garnitur\u0103 antiderapant\u0103 la baz\u0103, pentru a preveni alunecarea. Astfel, acesta se va prinde perfect de orice suprafa\u021b\u0103 pentru un confort sporit \u00een timpul hr\u0103nirii \u0219i evitarea alunec\u0103rii. Volumul de hran\u0103 este de 2. 4 litri, iar diametrul castronului este de 25 cm, dimensiunile [&hellip;]<\/p>\n","protected":false},"featured_media":9250,"template":"","meta":[],"product_brand":[],"product_cat":[168,954,953],"product_tag":[961,986,1042],"class_list":{"0":"post-4279","1":"product","2":"type-product","3":"status-publish","4":"has-post-thumbnail","6":"product_cat-caini","7":"product_cat-castroane","8":"product_cat-castroane-si-adapatoare","9":"product_tag-bol-caini","10":"product_tag-castroane-caini","11":"product_tag-castron-caine","13":"first","14":"instock","15":"shipping-taxable","16":"purchasable","17":"product-type-simple"},"_links":{"self":[{"href":"https:\/\/faberpet.ro\/stage\/wp-json\/wp\/v2\/product\/4279","targetHints":{"allow":["GET"]}}],"collection":[{"href":"https:\/\/faberpet.ro\/stage\/wp-json\/wp\/v2\/product"}],"about":[{"href":"https:\/\/faberpet.ro\/stage\/wp-json\/wp\/v2\/types\/product"}],"wp:featuredmedia":[{"embeddable":true,"href":"https:\/\/faberpet.ro\/stage\/wp-json\/wp\/v2\/media\/9250"}],"wp:attachment":[{"href":"https:\/\/faberpet.ro\/stage\/wp-json\/wp\/v2\/media?parent=4279"}],"wp:term":[{"taxonomy":"product_brand","embeddable":true,"href":"https:\/\/faberpet.ro\/stage\/wp-json\/wp\/v2\/product_brand?post=4279"},{"taxonomy":"product_cat","embeddable":true,"href":"https:\/\/faberpet.ro\/stage\/wp-json\/wp\/v2\/product_cat?post=4279"},{"taxonomy":"product_tag","embeddable":true,"href":"https:\/\/faberpet.ro\/stage\/wp-json\/wp\/v2\/product_tag?post=4279"}],"curies":[{"name":"wp","href":"https:\/\/api.w.org\/{rel}","templated":true}]}}