{"id":4283,"date":"2024-10-21T20:32:13","date_gmt":"2024-10-21T17:32:13","guid":{"rendered":"https:\/\/faberpet.ro\/stage\/produs\/castron-cauciuc-extensibil-simplu-1-5-l\/"},"modified":"2025-08-01T12:41:50","modified_gmt":"2025-08-01T10:41:50","slug":"castron-cauciuc-extensibil-simplu-1-5-l","status":"publish","type":"product","link":"https:\/\/faberpet.ro\/stage\/produs\/castron-cauciuc-extensibil-simplu-1-5-l\/","title":{"rendered":"Castron cauciuc extensibil simplu 1.5 l"},"content":{"rendered":"<p>Este pentru servitul mesei la c\u00e2ini de talie mica \u0219i pisici. este foarte practic pentru hr\u0103nirea animalelor. Muchia castronului este \u00eent\u0103rit\u0103 cu plastic rezistent. Ideal pentru excursii montane, camping, c\u0103l\u0103torie cu ma\u0219ina sau pur \u0219i simplu plimbare. Circumferin\u021ba castronului este de 23 cm. IMPORTANT: Acest produs este disponibil \u00een diverse culori, a\u0219adar nu putem garanta livrarea unei anumite culori.<\/p>\n","protected":false},"excerpt":{"rendered":"<p>Este pentru servitul mesei la c\u00e2ini de talie mica \u0219i pisici. este foarte practic pentru hr\u0103nirea animalelor. Muchia castronului este \u00eent\u0103rit\u0103 cu plastic rezistent. Ideal pentru excursii montane, camping, c\u0103l\u0103torie cu ma\u0219ina sau pur \u0219i simplu plimbare. Circumferin\u021ba castronului este de 23 cm. IMPORTANT: Acest produs este disponibil \u00een diverse culori, a\u0219adar nu putem garanta [&hellip;]<\/p>\n","protected":false},"featured_media":9257,"template":"","meta":[],"product_brand":[],"product_cat":[168,954,953],"product_tag":[961,986,1048],"class_list":{"0":"post-4283","1":"product","2":"type-product","3":"status-publish","4":"has-post-thumbnail","6":"product_cat-caini","7":"product_cat-castroane","8":"product_cat-castroane-si-adapatoare","9":"product_tag-bol-caini","10":"product_tag-castroane-caini","11":"product_tag-castron-cauciuc-caini","13":"first","14":"instock","15":"shipping-taxable","16":"purchasable","17":"product-type-simple"},"_links":{"self":[{"href":"https:\/\/faberpet.ro\/stage\/wp-json\/wp\/v2\/product\/4283","targetHints":{"allow":["GET"]}}],"collection":[{"href":"https:\/\/faberpet.ro\/stage\/wp-json\/wp\/v2\/product"}],"about":[{"href":"https:\/\/faberpet.ro\/stage\/wp-json\/wp\/v2\/types\/product"}],"wp:featuredmedia":[{"embeddable":true,"href":"https:\/\/faberpet.ro\/stage\/wp-json\/wp\/v2\/media\/9257"}],"wp:attachment":[{"href":"https:\/\/faberpet.ro\/stage\/wp-json\/wp\/v2\/media?parent=4283"}],"wp:term":[{"taxonomy":"product_brand","embeddable":true,"href":"https:\/\/faberpet.ro\/stage\/wp-json\/wp\/v2\/product_brand?post=4283"},{"taxonomy":"product_cat","embeddable":true,"href":"https:\/\/faberpet.ro\/stage\/wp-json\/wp\/v2\/product_cat?post=4283"},{"taxonomy":"product_tag","embeddable":true,"href":"https:\/\/faberpet.ro\/stage\/wp-json\/wp\/v2\/product_tag?post=4283"}],"curies":[{"name":"wp","href":"https:\/\/api.w.org\/{rel}","templated":true}]}}