{"id":4285,"date":"2024-10-21T20:32:13","date_gmt":"2024-10-21T17:32:13","guid":{"rendered":"https:\/\/faberpet.ro\/stage\/produs\/castron-din-otel-inoxidabil-simplu-57-l\/"},"modified":"2025-08-01T12:42:19","modified_gmt":"2025-08-01T10:42:19","slug":"castron-din-otel-inoxidabil-simplu-57-l","status":"publish","type":"product","link":"https:\/\/faberpet.ro\/stage\/produs\/castron-din-otel-inoxidabil-simplu-57-l\/","title":{"rendered":"Castron din otel inoxidabil simplu 5,7 l"},"content":{"rendered":"<p>Este foarte practic pentru hranirea animalelor, deosebit de rezistent. Lavabil \u0219i \u00een ma\u0219ina de sp\u0103lat vase. Volumul de hran\u0103 este de 5, 7 litri, iar diametrul castronului este de 30 cm. Dimensiunile generoase f\u0103c\u00e2nd posibil\u0103 hr\u0103nirea animalelor mare \u00een condi\u021bii optime de igien\u0103 \u0219i confort.<\/p>\n","protected":false},"excerpt":{"rendered":"<p>Este foarte practic pentru hranirea animalelor, deosebit de rezistent. Lavabil \u0219i \u00een ma\u0219ina de sp\u0103lat vase. Volumul de hran\u0103 este de 5, 7 litri, iar diametrul castronului este de 30 cm. Dimensiunile generoase f\u0103c\u00e2nd posibil\u0103 hr\u0103nirea animalelor mare \u00een condi\u021bii optime de igien\u0103 \u0219i confort.<\/p>\n","protected":false},"featured_media":9260,"template":"","meta":[],"product_brand":[],"product_cat":[168,954,953],"product_tag":[961,977,1019],"class_list":{"0":"post-4285","1":"product","2":"type-product","3":"status-publish","4":"has-post-thumbnail","6":"product_cat-caini","7":"product_cat-castroane","8":"product_cat-castroane-si-adapatoare","9":"product_tag-bol-caini","10":"product_tag-castron-caini","11":"product_tag-castron-inox","13":"first","14":"instock","15":"shipping-taxable","16":"purchasable","17":"product-type-simple"},"_links":{"self":[{"href":"https:\/\/faberpet.ro\/stage\/wp-json\/wp\/v2\/product\/4285","targetHints":{"allow":["GET"]}}],"collection":[{"href":"https:\/\/faberpet.ro\/stage\/wp-json\/wp\/v2\/product"}],"about":[{"href":"https:\/\/faberpet.ro\/stage\/wp-json\/wp\/v2\/types\/product"}],"wp:featuredmedia":[{"embeddable":true,"href":"https:\/\/faberpet.ro\/stage\/wp-json\/wp\/v2\/media\/9260"}],"wp:attachment":[{"href":"https:\/\/faberpet.ro\/stage\/wp-json\/wp\/v2\/media?parent=4285"}],"wp:term":[{"taxonomy":"product_brand","embeddable":true,"href":"https:\/\/faberpet.ro\/stage\/wp-json\/wp\/v2\/product_brand?post=4285"},{"taxonomy":"product_cat","embeddable":true,"href":"https:\/\/faberpet.ro\/stage\/wp-json\/wp\/v2\/product_cat?post=4285"},{"taxonomy":"product_tag","embeddable":true,"href":"https:\/\/faberpet.ro\/stage\/wp-json\/wp\/v2\/product_tag?post=4285"}],"curies":[{"name":"wp","href":"https:\/\/api.w.org\/{rel}","templated":true}]}}