{"id":4293,"date":"2024-10-21T20:32:15","date_gmt":"2024-10-21T17:32:15","guid":{"rendered":"https:\/\/faberpet.ro\/stage\/produs\/adapator-animale-portabil-plastic-0-25-l\/"},"modified":"2025-08-01T12:44:18","modified_gmt":"2025-08-01T10:44:18","slug":"adapator-animale-portabil-plastic-0-25-l","status":"publish","type":"product","link":"https:\/\/faberpet.ro\/stage\/produs\/adapator-animale-portabil-plastic-0-25-l\/","title":{"rendered":"Adapator animale portabil plastic 0.25 l"},"content":{"rendered":"<p>Simplu de folosit, asigur\u0103 apa proasp\u0103t\u0103 \u0219i curat\u0103 pentru c\u0103\u021belul dumneavoastr\u0103 \u00een orice situa\u021bie. O hidratare adecvat\u0103 contribuie la s\u0103n\u0103tatea \u0219i bun\u0103starea animalului. \u00cen special \u00een sezonul cald, aceste produse sunt ni\u0219te accesorii esen\u021biale pentru c\u00e2ini. Ideal pentru excursii montane, camping, c\u0103l\u0103torie cu ma\u0219in\u0103 sau pur \u0219i simplu plimbare. Func\u021bioneaz\u0103 pe baza gravita\u021bional\u0103. Castron + flacon pentru ap\u0103. IMPORTANT: Acest produs este disponibil \u00een diverse culori, a\u0219adar nu putem garanta livrarea unei anumite culori.<\/p>\n","protected":false},"excerpt":{"rendered":"<p>Simplu de folosit, asigur\u0103 apa proasp\u0103t\u0103 \u0219i curat\u0103 pentru c\u0103\u021belul dumneavoastr\u0103 \u00een orice situa\u021bie. O hidratare adecvat\u0103 contribuie la s\u0103n\u0103tatea \u0219i bun\u0103starea animalului. \u00cen special \u00een sezonul cald, aceste produse sunt ni\u0219te accesorii esen\u021biale pentru c\u00e2ini. Ideal pentru excursii montane, camping, c\u0103l\u0103torie cu ma\u0219in\u0103 sau pur \u0219i simplu plimbare. Func\u021bioneaz\u0103 pe baza gravita\u021bional\u0103. Castron + [&hellip;]<\/p>\n","protected":false},"featured_media":9272,"template":"","meta":[],"product_brand":[],"product_cat":[1030,168,953],"product_tag":[1018,968,1052],"class_list":{"0":"post-4293","1":"product","2":"type-product","3":"status-publish","4":"has-post-thumbnail","6":"product_cat-adapatoare","7":"product_cat-caini","8":"product_cat-castroane-si-adapatoare","9":"product_tag-adapator-pisica","10":"product_tag-castroane-si-boluri","11":"product_tag-portabil","13":"first","14":"instock","15":"shipping-taxable","16":"purchasable","17":"product-type-simple"},"_links":{"self":[{"href":"https:\/\/faberpet.ro\/stage\/wp-json\/wp\/v2\/product\/4293","targetHints":{"allow":["GET"]}}],"collection":[{"href":"https:\/\/faberpet.ro\/stage\/wp-json\/wp\/v2\/product"}],"about":[{"href":"https:\/\/faberpet.ro\/stage\/wp-json\/wp\/v2\/types\/product"}],"wp:featuredmedia":[{"embeddable":true,"href":"https:\/\/faberpet.ro\/stage\/wp-json\/wp\/v2\/media\/9272"}],"wp:attachment":[{"href":"https:\/\/faberpet.ro\/stage\/wp-json\/wp\/v2\/media?parent=4293"}],"wp:term":[{"taxonomy":"product_brand","embeddable":true,"href":"https:\/\/faberpet.ro\/stage\/wp-json\/wp\/v2\/product_brand?post=4293"},{"taxonomy":"product_cat","embeddable":true,"href":"https:\/\/faberpet.ro\/stage\/wp-json\/wp\/v2\/product_cat?post=4293"},{"taxonomy":"product_tag","embeddable":true,"href":"https:\/\/faberpet.ro\/stage\/wp-json\/wp\/v2\/product_tag?post=4293"}],"curies":[{"name":"wp","href":"https:\/\/api.w.org\/{rel}","templated":true}]}}