{"id":4295,"date":"2024-10-21T20:32:15","date_gmt":"2024-10-21T17:32:15","guid":{"rendered":"https:\/\/faberpet.ro\/stage\/produs\/bidon-portabil-plastic-cu-doua-compartimente-20-6-l\/"},"modified":"2025-08-01T12:44:47","modified_gmt":"2025-08-01T10:44:47","slug":"bidon-portabil-plastic-cu-doua-compartimente-20-6-l","status":"publish","type":"product","link":"https:\/\/faberpet.ro\/stage\/produs\/bidon-portabil-plastic-cu-doua-compartimente-20-6-l\/","title":{"rendered":"Bidon portabil plastic cu doua compartimente 2*0.6 l"},"content":{"rendered":"<p>Simplu de folosit, asigur\u0103 apa \u0219i m\u00e2ncare proasp\u0103t\u0103 \u0219i curat\u0103 pentru c\u0103\u021belul dumneavoastr\u0103 \u00een orice situa\u021bie. P\u0103stra\u021bi- v\u0103 c\u00e2inele hidratat \u00een timpul plimb\u0103rilor cu aceasta bidona\u0219. U\u0219or de luat cu tine. Ideal pentru excursii montane, camping, c\u0103l\u0103torie cu ma\u0219in\u0103 sau pur \u0219i simplu plimbare. Capacitate: 2*0, 6 l.<\/p>\n","protected":false},"excerpt":{"rendered":"<p>Simplu de folosit, asigur\u0103 apa \u0219i m\u00e2ncare proasp\u0103t\u0103 \u0219i curat\u0103 pentru c\u0103\u021belul dumneavoastr\u0103 \u00een orice situa\u021bie. P\u0103stra\u021bi- v\u0103 c\u00e2inele hidratat \u00een timpul plimb\u0103rilor cu aceasta bidona\u0219. U\u0219or de luat cu tine. Ideal pentru excursii montane, camping, c\u0103l\u0103torie cu ma\u0219in\u0103 sau pur \u0219i simplu plimbare. Capacitate: 2*0, 6 l.<\/p>\n","protected":false},"featured_media":9274,"template":"","meta":[],"product_brand":[],"product_cat":[1030,168,953],"product_tag":[1054,1055,1053],"class_list":{"0":"post-4295","1":"product","2":"type-product","3":"status-publish","4":"has-post-thumbnail","6":"product_cat-adapatoare","7":"product_cat-caini","8":"product_cat-castroane-si-adapatoare","9":"product_tag-bidon-pentru-animale","10":"product_tag-bidon-plastic","11":"product_tag-bidon-portabil","13":"first","14":"instock","15":"shipping-taxable","16":"purchasable","17":"product-type-simple"},"_links":{"self":[{"href":"https:\/\/faberpet.ro\/stage\/wp-json\/wp\/v2\/product\/4295","targetHints":{"allow":["GET"]}}],"collection":[{"href":"https:\/\/faberpet.ro\/stage\/wp-json\/wp\/v2\/product"}],"about":[{"href":"https:\/\/faberpet.ro\/stage\/wp-json\/wp\/v2\/types\/product"}],"wp:featuredmedia":[{"embeddable":true,"href":"https:\/\/faberpet.ro\/stage\/wp-json\/wp\/v2\/media\/9274"}],"wp:attachment":[{"href":"https:\/\/faberpet.ro\/stage\/wp-json\/wp\/v2\/media?parent=4295"}],"wp:term":[{"taxonomy":"product_brand","embeddable":true,"href":"https:\/\/faberpet.ro\/stage\/wp-json\/wp\/v2\/product_brand?post=4295"},{"taxonomy":"product_cat","embeddable":true,"href":"https:\/\/faberpet.ro\/stage\/wp-json\/wp\/v2\/product_cat?post=4295"},{"taxonomy":"product_tag","embeddable":true,"href":"https:\/\/faberpet.ro\/stage\/wp-json\/wp\/v2\/product_tag?post=4295"}],"curies":[{"name":"wp","href":"https:\/\/api.w.org\/{rel}","templated":true}]}}