{"id":4301,"date":"2024-10-21T20:32:16","date_gmt":"2024-10-21T17:32:16","guid":{"rendered":"https:\/\/faberpet.ro\/stage\/produs\/ham-piele-captusit-nr-3-15-cm-negru\/"},"modified":"2025-08-01T12:47:39","modified_gmt":"2025-08-01T10:47:39","slug":"ham-piele-captusit-nr-3-15-cm-negru","status":"publish","type":"product","link":"https:\/\/faberpet.ro\/stage\/produs\/ham-piele-captusit-nr-3-15-cm-negru\/","title":{"rendered":"Ham piele captusit, nr. 3 1,5 cm negru"},"content":{"rendered":"<p>Este confec\u021bionat\u0103 din piele natural\u0103, interiorul c\u0103ptu\u0219it cu p\u00e2sl\u0103. Design-ul ergonomic ofer\u0103 o senza\u021bie de confort sporit. L\u0103\u021bimea pielii este de 1. 5 cm. este recomandat\u0103 pentru c\u00e2ini de talie mic\u0103. Adauga suport adi\u021bional la ridicarea \u0219i asistarea c\u00e2inilor prin dispersarea greut\u0103\u021bii c\u00e2inelui. Nu cauzeaz\u0103 irita\u021bii \u0219i nu afecteaz\u0103 s\u0103n\u0103tatea animalelor. Rezistent\u0103. Reglabil\u0103. Caracteristici: S 56- 69 cm<\/p>\n","protected":false},"excerpt":{"rendered":"<p>Este confec\u021bionat\u0103 din piele natural\u0103, interiorul c\u0103ptu\u0219it cu p\u00e2sl\u0103. Design-ul ergonomic ofer\u0103 o senza\u021bie de confort sporit. L\u0103\u021bimea pielii este de 1. 5 cm. este recomandat\u0103 pentru c\u00e2ini de talie mic\u0103. Adauga suport adi\u021bional la ridicarea \u0219i asistarea c\u00e2inilor prin dispersarea greut\u0103\u021bii c\u00e2inelui. Nu cauzeaz\u0103 irita\u021bii \u0219i nu afecteaz\u0103 s\u0103n\u0103tatea animalelor. Rezistent\u0103. Reglabil\u0103. Caracteristici: S [&hellip;]<\/p>\n","protected":false},"featured_media":9278,"template":"","meta":[],"product_brand":[],"product_cat":[168,1058,1059],"product_tag":[1071,1070,1069],"class_list":{"0":"post-4301","1":"product","2":"type-product","3":"status-publish","4":"has-post-thumbnail","6":"product_cat-caini","7":"product_cat-hamuri","8":"product_cat-hamuri-piele","9":"product_tag-capse-pentru-hamuri","10":"product_tag-ham-caini-matlasat","11":"product_tag-ham-ciobanesc-german","13":"first","14":"instock","15":"shipping-taxable","16":"purchasable","17":"product-type-simple"},"_links":{"self":[{"href":"https:\/\/faberpet.ro\/stage\/wp-json\/wp\/v2\/product\/4301","targetHints":{"allow":["GET"]}}],"collection":[{"href":"https:\/\/faberpet.ro\/stage\/wp-json\/wp\/v2\/product"}],"about":[{"href":"https:\/\/faberpet.ro\/stage\/wp-json\/wp\/v2\/types\/product"}],"wp:featuredmedia":[{"embeddable":true,"href":"https:\/\/faberpet.ro\/stage\/wp-json\/wp\/v2\/media\/9278"}],"wp:attachment":[{"href":"https:\/\/faberpet.ro\/stage\/wp-json\/wp\/v2\/media?parent=4301"}],"wp:term":[{"taxonomy":"product_brand","embeddable":true,"href":"https:\/\/faberpet.ro\/stage\/wp-json\/wp\/v2\/product_brand?post=4301"},{"taxonomy":"product_cat","embeddable":true,"href":"https:\/\/faberpet.ro\/stage\/wp-json\/wp\/v2\/product_cat?post=4301"},{"taxonomy":"product_tag","embeddable":true,"href":"https:\/\/faberpet.ro\/stage\/wp-json\/wp\/v2\/product_tag?post=4301"}],"curies":[{"name":"wp","href":"https:\/\/api.w.org\/{rel}","templated":true}]}}