{"id":4308,"date":"2024-10-21T20:32:17","date_gmt":"2024-10-21T17:32:17","guid":{"rendered":"https:\/\/faberpet.ro\/stage\/produs\/ham-piele-de-forta-nr-7-2-5-cm-rosu\/"},"modified":"2025-08-01T12:49:31","modified_gmt":"2025-08-01T10:49:31","slug":"ham-piele-de-forta-nr-7-2-5-cm-rosu","status":"publish","type":"product","link":"https:\/\/faberpet.ro\/stage\/produs\/ham-piele-de-forta-nr-7-2-5-cm-rosu\/","title":{"rendered":"Ham piele de forta nr. 7 2 ,5 cm rosu"},"content":{"rendered":"<p>Este confec\u021bionat\u0103 din piele natural\u0103. Design- ul ergonomic ofer\u0103 o senza\u021bie de confort sporit. L\u0103\u021bimea pielii este de 2, 5 cm. Cataram\u0103 metalic\u0103 cromat. este recomandat\u0103 pentru c\u00e2ini de talie mic\u0103 \u0219i medie. Adauga suport adi\u021bional la ridicarea \u0219i asistarea c\u00e2inilor prin dispersarea greut\u0103\u021bii c\u00e2inelui. Nu cauzeaz\u0103 irita\u021bii \u0219i nu afecteaz\u0103 s\u0103n\u0103tatea animalelor. Rezistent\u0103. Reglabil\u0103. Caracteristici: M\/L 66- 85 cm<\/p>\n","protected":false},"excerpt":{"rendered":"<p>Este confec\u021bionat\u0103 din piele natural\u0103. Design- ul ergonomic ofer\u0103 o senza\u021bie de confort sporit. L\u0103\u021bimea pielii este de 2, 5 cm. Cataram\u0103 metalic\u0103 cromat. este recomandat\u0103 pentru c\u00e2ini de talie mic\u0103 \u0219i medie. Adauga suport adi\u021bional la ridicarea \u0219i asistarea c\u00e2inilor prin dispersarea greut\u0103\u021bii c\u00e2inelui. Nu cauzeaz\u0103 irita\u021bii \u0219i nu afecteaz\u0103 s\u0103n\u0103tatea animalelor. Rezistent\u0103. Reglabil\u0103. [&hellip;]<\/p>\n","protected":false},"featured_media":9284,"template":"","meta":[],"product_brand":[],"product_cat":[168,1058,1059],"product_tag":[892,857,899],"class_list":{"0":"post-4308","1":"product","2":"type-product","3":"status-publish","4":"has-post-thumbnail","6":"product_cat-caini","7":"product_cat-hamuri","8":"product_cat-hamuri-piele","9":"product_tag-ham-caine-talie-mare","10":"product_tag-hamuri-lese","11":"product_tag-hamuri-piele","13":"first","14":"instock","15":"shipping-taxable","16":"purchasable","17":"product-type-simple"},"_links":{"self":[{"href":"https:\/\/faberpet.ro\/stage\/wp-json\/wp\/v2\/product\/4308","targetHints":{"allow":["GET"]}}],"collection":[{"href":"https:\/\/faberpet.ro\/stage\/wp-json\/wp\/v2\/product"}],"about":[{"href":"https:\/\/faberpet.ro\/stage\/wp-json\/wp\/v2\/types\/product"}],"wp:featuredmedia":[{"embeddable":true,"href":"https:\/\/faberpet.ro\/stage\/wp-json\/wp\/v2\/media\/9284"}],"wp:attachment":[{"href":"https:\/\/faberpet.ro\/stage\/wp-json\/wp\/v2\/media?parent=4308"}],"wp:term":[{"taxonomy":"product_brand","embeddable":true,"href":"https:\/\/faberpet.ro\/stage\/wp-json\/wp\/v2\/product_brand?post=4308"},{"taxonomy":"product_cat","embeddable":true,"href":"https:\/\/faberpet.ro\/stage\/wp-json\/wp\/v2\/product_cat?post=4308"},{"taxonomy":"product_tag","embeddable":true,"href":"https:\/\/faberpet.ro\/stage\/wp-json\/wp\/v2\/product_tag?post=4308"}],"curies":[{"name":"wp","href":"https:\/\/api.w.org\/{rel}","templated":true}]}}