{"id":4325,"date":"2024-10-21T20:32:19","date_gmt":"2024-10-21T17:32:19","guid":{"rendered":"https:\/\/faberpet.ro\/stage\/produs\/ham-extra-tip-y-40-mm-xxl-80-100\/"},"modified":"2025-09-02T11:17:15","modified_gmt":"2025-09-02T09:17:15","slug":"ham-extra-tip-y-40-mm-xxl-80-100","status":"publish","type":"product","link":"https:\/\/faberpet.ro\/stage\/produs\/ham-extra-tip-y-40-mm-xxl-80-100\/","title":{"rendered":"Ham extra tip Y 40 mm XXL (80-100) 3\/set"},"content":{"rendered":"<p>Este confec\u021bionat\u0103 din nylon rezistent \u0219i durabil. Design-ul ergonomic ofer\u0103 o senza\u021bie de confort sporit. Catarama sunt rezistente \u0219i pe timpul iernii. este recomandat\u0103 pentru c\u00e2ini de talie mare \u0219i foarte mare. Adaug\u0103 suport adi\u021bional la ridicarea \u0219i asistarea c\u00e2inilor prin dispersarea greut\u0103\u021bii c\u00e2inelui. Nu cauzeaz\u0103 irita\u021bii \u0219i nu afecteaz\u0103 s\u0103n\u0103tatea animalelor. Rezistent\u0103. Reglabil\u0103. IMPORTANT: Acest produs este disponibil \u00een diverse culori, a\u0219adar nu putem garanta livrarea unei anumite culori.<\/p>\n<p>Caracteristici: XXL: 80- 100 cm<\/p>\n<p>Se vinde ambalat c\u00e2te 3 buc\/set!<\/p>\n<p>Pre\u021bul afi\u0219at este per buc!<\/p>\n","protected":false},"excerpt":{"rendered":"<p>Este confec\u021bionat\u0103 din nylon rezistent \u0219i durabil. Design-ul ergonomic ofer\u0103 o senza\u021bie de confort sporit. Catarama sunt rezistente \u0219i pe timpul iernii. este recomandat\u0103 pentru c\u00e2ini de talie mare \u0219i foarte mare. Adaug\u0103 suport adi\u021bional la ridicarea \u0219i asistarea c\u00e2inilor prin dispersarea greut\u0103\u021bii c\u00e2inelui. Nu cauzeaz\u0103 irita\u021bii \u0219i nu afecteaz\u0103 s\u0103n\u0103tatea animalelor. Rezistent\u0103. Reglabil\u0103. IMPORTANT: [&hellip;]<\/p>\n","protected":false},"featured_media":9306,"template":"","meta":[],"product_brand":[],"product_cat":[168,1058,1092],"product_tag":[853,1097,840],"class_list":{"0":"post-4325","1":"product","2":"type-product","3":"status-publish","4":"has-post-thumbnail","6":"product_cat-caini","7":"product_cat-hamuri","8":"product_cat-hamuri-chingi","9":"product_tag-ham-caini","10":"product_tag-ham-extra-caini","11":"product_tag-hamuri-caine","13":"first","14":"instock","15":"shipping-taxable","16":"purchasable","17":"product-type-simple"},"_links":{"self":[{"href":"https:\/\/faberpet.ro\/stage\/wp-json\/wp\/v2\/product\/4325","targetHints":{"allow":["GET"]}}],"collection":[{"href":"https:\/\/faberpet.ro\/stage\/wp-json\/wp\/v2\/product"}],"about":[{"href":"https:\/\/faberpet.ro\/stage\/wp-json\/wp\/v2\/types\/product"}],"wp:featuredmedia":[{"embeddable":true,"href":"https:\/\/faberpet.ro\/stage\/wp-json\/wp\/v2\/media\/9306"}],"wp:attachment":[{"href":"https:\/\/faberpet.ro\/stage\/wp-json\/wp\/v2\/media?parent=4325"}],"wp:term":[{"taxonomy":"product_brand","embeddable":true,"href":"https:\/\/faberpet.ro\/stage\/wp-json\/wp\/v2\/product_brand?post=4325"},{"taxonomy":"product_cat","embeddable":true,"href":"https:\/\/faberpet.ro\/stage\/wp-json\/wp\/v2\/product_cat?post=4325"},{"taxonomy":"product_tag","embeddable":true,"href":"https:\/\/faberpet.ro\/stage\/wp-json\/wp\/v2\/product_tag?post=4325"}],"curies":[{"name":"wp","href":"https:\/\/api.w.org\/{rel}","templated":true}]}}