{"id":4333,"date":"2024-10-21T20:32:20","date_gmt":"2024-10-21T17:32:20","guid":{"rendered":"https:\/\/faberpet.ro\/stage\/produs\/ham-chinga-y-captusita-15-mm\/"},"modified":"2025-08-01T13:15:42","modified_gmt":"2025-08-01T11:15:42","slug":"ham-chinga-y-captusita-15-mm","status":"publish","type":"product","link":"https:\/\/faberpet.ro\/stage\/produs\/ham-chinga-y-captusita-15-mm\/","title":{"rendered":"Ham chinga Y captusita, 15 mm"},"content":{"rendered":"<p>Este confec\u021bionat\u0103 din nylon rezistent \u0219i durabil, fiind c\u0103ptu\u0219it cu un material prietenos cu pielea, l\u0103s\u00e2nd- o s\u0103 respire. Design- ul ergonomic ofer\u0103 o senza\u021bie de confort sporit. Catarama sunt rezistente \u0219i pe timpul iernii. Hamul are disponibil ca sistem de prindere dou\u0103 inele de inox \u2013 4 mm. este recomandat\u0103 pentru c\u00e2ini de talie mica \u0219i medie. Adaug\u0103 suport adi\u021bional la ridicarea \u0219i asistarea c\u00e2inilor prin dispersarea greut\u0103\u021bii c\u00e2inelui. Nu cauzeaz\u0103 irita\u021bii si nu afecteaz\u0103 s\u0103n\u0103tatea animalelor. Rezistent\u0103. Reglabil\u0103. IMPORTANT: Acest produs este disponibil \u00een diverse culori, a\u0219adar nu putem garanta livrarea unei anumite culori. Caracteristici: S 32- 48 cm Se vinde ambalat c\u00e2te 6 buc\/set! Pre\u021bul afi\u0219at este per buc!<\/p>\n","protected":false},"excerpt":{"rendered":"<p>Este confec\u021bionat\u0103 din nylon rezistent \u0219i durabil, fiind c\u0103ptu\u0219it cu un material prietenos cu pielea, l\u0103s\u00e2nd- o s\u0103 respire. Design- ul ergonomic ofer\u0103 o senza\u021bie de confort sporit. Catarama sunt rezistente \u0219i pe timpul iernii. Hamul are disponibil ca sistem de prindere dou\u0103 inele de inox \u2013 4 mm. este recomandat\u0103 pentru c\u00e2ini de talie [&hellip;]<\/p>\n","protected":false},"featured_media":9317,"template":"","meta":[],"product_brand":[],"product_cat":[168,1058,1092],"product_tag":[1077,877,1076],"class_list":{"0":"post-4333","1":"product","2":"type-product","3":"status-publish","4":"has-post-thumbnail","6":"product_cat-caini","7":"product_cat-hamuri","8":"product_cat-hamuri-chingi","9":"product_tag-ham-captusit","10":"product_tag-ham-pisica","11":"product_tag-hamuri-de-caini","13":"first","14":"instock","15":"shipping-taxable","16":"purchasable","17":"product-type-simple"},"_links":{"self":[{"href":"https:\/\/faberpet.ro\/stage\/wp-json\/wp\/v2\/product\/4333","targetHints":{"allow":["GET"]}}],"collection":[{"href":"https:\/\/faberpet.ro\/stage\/wp-json\/wp\/v2\/product"}],"about":[{"href":"https:\/\/faberpet.ro\/stage\/wp-json\/wp\/v2\/types\/product"}],"wp:featuredmedia":[{"embeddable":true,"href":"https:\/\/faberpet.ro\/stage\/wp-json\/wp\/v2\/media\/9317"}],"wp:attachment":[{"href":"https:\/\/faberpet.ro\/stage\/wp-json\/wp\/v2\/media?parent=4333"}],"wp:term":[{"taxonomy":"product_brand","embeddable":true,"href":"https:\/\/faberpet.ro\/stage\/wp-json\/wp\/v2\/product_brand?post=4333"},{"taxonomy":"product_cat","embeddable":true,"href":"https:\/\/faberpet.ro\/stage\/wp-json\/wp\/v2\/product_cat?post=4333"},{"taxonomy":"product_tag","embeddable":true,"href":"https:\/\/faberpet.ro\/stage\/wp-json\/wp\/v2\/product_tag?post=4333"}],"curies":[{"name":"wp","href":"https:\/\/api.w.org\/{rel}","templated":true}]}}