{"id":4340,"date":"2024-10-21T20:32:21","date_gmt":"2024-10-21T17:32:21","guid":{"rendered":"https:\/\/faberpet.ro\/stage\/produs\/ham-chinga-tip-pieptar-nunbell-m-42-52-cm\/"},"modified":"2025-08-01T13:18:43","modified_gmt":"2025-08-01T11:18:43","slug":"ham-chinga-tip-pieptar-nunbell-m-42-52-cm","status":"publish","type":"product","link":"https:\/\/faberpet.ro\/stage\/produs\/ham-chinga-tip-pieptar-nunbell-m-42-52-cm\/","title":{"rendered":"Ham chinga tip pieptar NUNBELL M 42-52 cm"},"content":{"rendered":"<p>Ham chinga pieptar este confec\u021bionat\u0103 din nylon rezistent \u0219i durabil. Design- ul ergonomic ofer \u0103 o senza\u021bie de confort sporit. Catarama sunt rezistente \u0219i pe timpul iernii. Hamul are disponibil ca sistem de prindere un inel de inox. Adaug\u0103 suport adi\u021bional la ridicarea \u0219i asistarea c\u00e2inilor prin dispersarea greut\u0103\u021bii c\u00e2inelui. Nu cauzeaz\u0103 irita\u021bii \u0219i nu afecteaz\u0103 s\u0103n\u0103tatea animalelor. Reglabil\u0103. Caracteristici: Circumferinta corpului\/trunchiului 42- 52 cm M;<\/p>\n","protected":false},"excerpt":{"rendered":"<p>Ham chinga pieptar este confec\u021bionat\u0103 din nylon rezistent \u0219i durabil. Design- ul ergonomic ofer \u0103 o senza\u021bie de confort sporit. Catarama sunt rezistente \u0219i pe timpul iernii. Hamul are disponibil ca sistem de prindere un inel de inox. Adaug\u0103 suport adi\u021bional la ridicarea \u0219i asistarea c\u00e2inilor prin dispersarea greut\u0103\u021bii c\u00e2inelui. Nu cauzeaz\u0103 irita\u021bii \u0219i nu [&hellip;]<\/p>\n","protected":false},"featured_media":9326,"template":"","meta":[],"product_brand":[],"product_cat":[168,1058,1092],"product_tag":[853,1093,1063],"class_list":{"0":"post-4340","1":"product","2":"type-product","3":"status-publish","4":"has-post-thumbnail","6":"product_cat-caini","7":"product_cat-hamuri","8":"product_cat-hamuri-chingi","9":"product_tag-ham-caini","10":"product_tag-ham-extra-tare","11":"product_tag-ham-pentru-caine","13":"first","14":"instock","15":"shipping-taxable","16":"purchasable","17":"product-type-simple"},"_links":{"self":[{"href":"https:\/\/faberpet.ro\/stage\/wp-json\/wp\/v2\/product\/4340","targetHints":{"allow":["GET"]}}],"collection":[{"href":"https:\/\/faberpet.ro\/stage\/wp-json\/wp\/v2\/product"}],"about":[{"href":"https:\/\/faberpet.ro\/stage\/wp-json\/wp\/v2\/types\/product"}],"wp:featuredmedia":[{"embeddable":true,"href":"https:\/\/faberpet.ro\/stage\/wp-json\/wp\/v2\/media\/9326"}],"wp:attachment":[{"href":"https:\/\/faberpet.ro\/stage\/wp-json\/wp\/v2\/media?parent=4340"}],"wp:term":[{"taxonomy":"product_brand","embeddable":true,"href":"https:\/\/faberpet.ro\/stage\/wp-json\/wp\/v2\/product_brand?post=4340"},{"taxonomy":"product_cat","embeddable":true,"href":"https:\/\/faberpet.ro\/stage\/wp-json\/wp\/v2\/product_cat?post=4340"},{"taxonomy":"product_tag","embeddable":true,"href":"https:\/\/faberpet.ro\/stage\/wp-json\/wp\/v2\/product_tag?post=4340"}],"curies":[{"name":"wp","href":"https:\/\/api.w.org\/{rel}","templated":true}]}}