{"id":4346,"date":"2024-10-21T20:32:22","date_gmt":"2024-10-21T17:32:22","guid":{"rendered":"https:\/\/faberpet.ro\/stage\/produs\/ham-matlasat-sport-xl-70-90-cm\/"},"modified":"2025-11-17T13:29:20","modified_gmt":"2025-11-17T11:29:20","slug":"ham-matlasat-sport-xl-70-90-cm","status":"publish","type":"product","link":"https:\/\/faberpet.ro\/stage\/produs\/ham-matlasat-sport-xl-70-90-cm\/","title":{"rendered":"Ham matlasat sport, XXL 80-105 cm"},"content":{"rendered":"<p>Este realizat din material textil, fiind c\u0103ptu\u0219it cu un material prietenos cu pielea, l\u0103s\u00e2nd- o s\u0103 respire. Design- ul ergonomic, modern, sportiv, inovativ, ofer\u0103 o senza\u021bie de confort sporit. Catarama pe timpul iernii sunt rezistente \u0219i este echipat cu un buton de siguran\u021b\u0103. Hamul are disponibil ca sistem de prindere un inel de inox \u2013 4 mm. este recomandat\u0103 pentru c\u00e2ini de talie mare. Adauga suport adi\u021bional la ridicarea \u0219i asistarea c\u00e2inilor prin dispersarea greut\u0103\u021bii c\u00e2inelui. Nu cauzeaz\u0103 irita\u021bii \u0219i nu afecteaz\u0103 s\u0103n\u0103tatea animalelor. Rezistent\u0103.<\/p>\n<p>IMPORTANT: Acest produs este disponibil \u00een diverse culori, a\u0219adar nu putem garanta livrarea unei anumite culori.<\/p>\n<p>M\u0103rime: XXL 80 &#8211; 105 cm<\/p>\n","protected":false},"excerpt":{"rendered":"<p>Este realizat din material textil, fiind c\u0103ptu\u0219it cu un material prietenos cu pielea, l\u0103s\u00e2nd- o s\u0103 respire. Design- ul ergonomic, modern, sportiv, inovativ, ofer\u0103 o senza\u021bie de confort sporit. Catarama pe timpul iernii sunt rezistente \u0219i este echipat cu un buton de siguran\u021b\u0103. Hamul are disponibil ca sistem de prindere un inel de inox \u2013 [&hellip;]<\/p>\n","protected":false},"featured_media":9333,"template":"","meta":[],"product_brand":[],"product_cat":[168,1058,1078],"product_tag":[630,847,1062],"class_list":{"0":"post-4346","1":"product","2":"type-product","3":"status-publish","4":"has-post-thumbnail","6":"product_cat-caini","7":"product_cat-hamuri","8":"product_cat-hamuri-de-tractiune","9":"product_tag-accesorii-caini","10":"product_tag-ham-piele","11":"product_tag-matlasat-sport","13":"first","14":"instock","15":"shipping-taxable","16":"purchasable","17":"product-type-simple"},"_links":{"self":[{"href":"https:\/\/faberpet.ro\/stage\/wp-json\/wp\/v2\/product\/4346","targetHints":{"allow":["GET"]}}],"collection":[{"href":"https:\/\/faberpet.ro\/stage\/wp-json\/wp\/v2\/product"}],"about":[{"href":"https:\/\/faberpet.ro\/stage\/wp-json\/wp\/v2\/types\/product"}],"wp:featuredmedia":[{"embeddable":true,"href":"https:\/\/faberpet.ro\/stage\/wp-json\/wp\/v2\/media\/9333"}],"wp:attachment":[{"href":"https:\/\/faberpet.ro\/stage\/wp-json\/wp\/v2\/media?parent=4346"}],"wp:term":[{"taxonomy":"product_brand","embeddable":true,"href":"https:\/\/faberpet.ro\/stage\/wp-json\/wp\/v2\/product_brand?post=4346"},{"taxonomy":"product_cat","embeddable":true,"href":"https:\/\/faberpet.ro\/stage\/wp-json\/wp\/v2\/product_cat?post=4346"},{"taxonomy":"product_tag","embeddable":true,"href":"https:\/\/faberpet.ro\/stage\/wp-json\/wp\/v2\/product_tag?post=4346"}],"curies":[{"name":"wp","href":"https:\/\/api.w.org\/{rel}","templated":true}]}}