{"id":4347,"date":"2024-10-21T20:32:22","date_gmt":"2024-10-21T17:32:22","guid":{"rendered":"https:\/\/faberpet.ro\/stage\/produs\/ham-din-piele-naturala-tras-sanie-1\/"},"modified":"2025-08-01T13:22:26","modified_gmt":"2025-08-01T11:22:26","slug":"ham-din-piele-naturala-tras-sanie-1","status":"publish","type":"product","link":"https:\/\/faberpet.ro\/stage\/produs\/ham-din-piele-naturala-tras-sanie-1\/","title":{"rendered":"Ham din piele naturala tras sanie 1"},"content":{"rendered":"<p>Ham multifunc\u021bional din piele natural\u0103, inelele laterale pot fi folosite pentru trac\u0163iune u\u015foar\u0103 (sanie, karting). Design- ul ergonomic ofer\u0103 o senza\u021bie de confort sporit. L\u0103\u021bimea pielii este de 2, 5 cm. Grosimea pielii este de 3, 5 mm. Cataram\u0103 metalic\u0103 cromat. este recomandat\u0103 pentru c\u00e2ini de talie medie. Adaug\u0103 suport adi\u021bional la ridicarea \u0219i asistarea c\u00e2inilor prin dispersarea greut\u0103\u021bii c\u00e2inelui. Nu cauzeaz\u0103 irita\u021bii \u0219i nu afecteaz\u0103 s\u0103n\u0103tatea animalelor. Rezistent\u0103. Reglabil\u0103. Caracteristici: Circumferin\u021ba 56 &#8211; 62 cm<\/p>\n","protected":false},"excerpt":{"rendered":"<p>Ham multifunc\u021bional din piele natural\u0103, inelele laterale pot fi folosite pentru trac\u0163iune u\u015foar\u0103 (sanie, karting). Design- ul ergonomic ofer\u0103 o senza\u021bie de confort sporit. L\u0103\u021bimea pielii este de 2, 5 cm. Grosimea pielii este de 3, 5 mm. Cataram\u0103 metalic\u0103 cromat. este recomandat\u0103 pentru c\u00e2ini de talie medie. Adaug\u0103 suport adi\u021bional la ridicarea \u0219i asistarea [&hellip;]<\/p>\n","protected":false},"featured_media":9336,"template":"","meta":[],"product_brand":[],"product_cat":[168,1058,1078],"product_tag":[1066,1104,1105],"class_list":{"0":"post-4347","1":"product","2":"type-product","3":"status-publish","4":"has-post-thumbnail","6":"product_cat-caini","7":"product_cat-hamuri","8":"product_cat-hamuri-de-tractiune","9":"product_tag-ham-pentru-caini","10":"product_tag-ham-tras-sanie-caini","11":"product_tag-piele-naturala","13":"first","14":"instock","15":"shipping-taxable","16":"purchasable","17":"product-type-simple"},"_links":{"self":[{"href":"https:\/\/faberpet.ro\/stage\/wp-json\/wp\/v2\/product\/4347","targetHints":{"allow":["GET"]}}],"collection":[{"href":"https:\/\/faberpet.ro\/stage\/wp-json\/wp\/v2\/product"}],"about":[{"href":"https:\/\/faberpet.ro\/stage\/wp-json\/wp\/v2\/types\/product"}],"wp:featuredmedia":[{"embeddable":true,"href":"https:\/\/faberpet.ro\/stage\/wp-json\/wp\/v2\/media\/9336"}],"wp:attachment":[{"href":"https:\/\/faberpet.ro\/stage\/wp-json\/wp\/v2\/media?parent=4347"}],"wp:term":[{"taxonomy":"product_brand","embeddable":true,"href":"https:\/\/faberpet.ro\/stage\/wp-json\/wp\/v2\/product_brand?post=4347"},{"taxonomy":"product_cat","embeddable":true,"href":"https:\/\/faberpet.ro\/stage\/wp-json\/wp\/v2\/product_cat?post=4347"},{"taxonomy":"product_tag","embeddable":true,"href":"https:\/\/faberpet.ro\/stage\/wp-json\/wp\/v2\/product_tag?post=4347"}],"curies":[{"name":"wp","href":"https:\/\/api.w.org\/{rel}","templated":true}]}}